{"id":13406,"date":"2019-05-28T14:12:31","date_gmt":"2024-10-14T13:21:31","guid":{"rendered":"https:\/\/bandagiste-brasseur.be\/nos-produits\/niet-gecategoriseerd\/dynamisch\/"},"modified":"2024-10-14T15:21:31","modified_gmt":"2024-10-14T13:21:31","slug":"dynamisch","status":"publish","type":"product","link":"https:\/\/bandagiste-brasseur.be\/nl\/onze-producten\/medische-steunkousen-en-armgordels\/medische-steunkousen\/juzo-nl\/dynamisch\/","title":{"rendered":"Dynamisch"},"content":{"rendered":"<p>Juzo Dynamic (Katoen \/ Zilver) Spijkerhard Art. 3511 \/ 3512 \/ 3513 Juzo Dynamic is het ideale rondbreisel voor bijzondere eisen en omstandigheden. Het is zelfs perfect geschikt voor zware lichamelijke inspanningen. Het dichte, donkere breisel is onopvallend en toch extreem sterk. <\/p>\n<p>De compressiekous is ook verkrijgbaar in de uitvoeringen Juzo Dynamic Cotton en Juzo Dynamic Silver: Juzo Dynamic Cotton (voor art. 3511 \/ 3512) Bijzonder huidvriendelijk dankzij katoen De natuurlijke katoenvezels perfectioneren de functionele eigenschappen van Juzo Dynamic Cotton.<\/p>\n<p>Het aangename katoen aan de binnenkant maakt de kous bijzonder huidvriendelijk en aangenaam om te dragen, ook bij huidirritaties en allergie\u00ebn. Juzo Dynamic Silver (bij art. 3511 \/ 3512 \/ 3513) Antibacteri\u00eble werking tegen huidirritaties Zilver heeft een antibacteri\u00eble werking en helpt het evenwicht van de ontstoken en ge\u00efrriteerde huid te herstellen. De doorlopend gebreide zilverdraad in de circulair gebreide sok Juzo Dynamic Silver bevordert door zijn antibacteri\u00eble werking de compressie op natuurlijke wijze. Daardoor wordt jeuk duidelijk verminderd Eigenschappen Juzo Dynamic &#8211; Dicht, onopvallend breisel &#8211; Hoge stevigheid &#8211; Licht gecomprimeerd buikgedeelte voor panty&#8217;s &#8211; Naadloos met open en gesloten teen &#8211; Juzo Dynamic is ook verkrijgbaar met een zelfklevende zoom Juzo Dynamic Cotton &#8211; Hoog katoengehalte, zeer zacht voor de huid &#8211; dicht, discreet gaas &#8211; voelt zacht aan en is zeer slijtvast &#8211; naadloos met open en gesloten teen &#8211; Juzo Dynamic Cotton is ook verkrijgbaar met een Juzo Dynamic Silver plakzoom &#8211; speciaal aanbevolen voor pati\u00ebnten met een ge\u00efrriteerde huid<\/p>\n<p>&#8211; Zacht aanvoelend en zeer slijtvast &#8211; naadloos met open en gesloten teen &#8211; Juzo Dynamic Silver is ook verkrijgbaar met een plakzoom Batique Collectie Ons batique design is populair bij iedereen die waarde hecht aan een modieuze, individuele look. Elk artikel uit de Juzo Batique collectie wordt individueel geverfd. Het resultaat is een medisch hulpmiddel van de hoogste kwaliteit dat ook uniek is. Het nieuwe Batique-dessin is verkrijgbaar in Juzo Inspiration en Juzo Soft breigoed als kousen, panty&#8217;s en sokken. Er zijn ook armvarianten in Juzo Expert vlakbreitechnologie. <\/p>\n<p>Streetwear stijl Laat je fantasie de vrije loop: bedenk ongewone en verrassende combinaties voor een trendy streetwear stijl. Mix gedempte tinten met koele kleuren voor een coole look met verrassende accenten.<\/p>\n<p>Kies voor een elegante, ontspannen of resoluut moderne stijl, afhankelijk van je stemming, en cre\u00eber een vernieuwende look. Romantique Veelkleurig zonder opzichtig te zijn, subtiel, gedistingeerd en casual in discrete tinten, Juzo&#8217;s Batiques kousen combineren prachtig met nude, grijs en roze tinten.<\/p>\n<p>Kleed je in vrolijke kleuren en je zult opvallen waar je ook bent, in je favoriete caf\u00e9 op de hoek of, met perfecte stijl, in de metropolen van de wereld. Zwart en wit Zwart of wit? Engel of demon? Dag of nacht?    Maak een spontane keuze die past bij je stemming en levensstijl. Juzo Inspiration, Juzo Soft en Juzo Expert zijn nu verkrijgbaar in alle standaardkleuren (behalve sugar en flesh) met witte of zwarte batique &#8211; voor onbeperkte combinaties.<br \/>\nJuzo Trend Colours 2019: altijd in de juiste toon Vier het leven in kleur met Juzo&#8217;s zes Trend Colours 2019. Blue Groove, Violet Sound, Pink Bass, Coral Melody, Green Beat en Yellow Tune geven je compressiekleding energie en laten je een verbluffende verschijning maken. <\/p>\n<p>Melodische kleurencompositie Maak van elk moment iets speciaals om de rest van je leven aan terug te denken. Luid en opwindend of zacht en emotioneel? Bepaal zelf welke partituur je wilt spelen en geef uitdrukking aan je persoonlijke stijl. Met Trend Colours 2019 brengt Juzo kleur in de muziek en maakt het jouw leven met je compressiekleding nog kleurrijker. Of je nu een paar danspasjes wilt schetsen of wilt genieten van tijd met je vrienden zonder pijn, jij drukt de vreugde van het leven uit De zes Trend Colours 2019 die Juzo speciaal voor jou heeft bedacht, hebben een echte klank. De opzwepende kleuren maken van elk compressiekledingstuk een groots accessoire en je zult de ster van elk feest zijn. Vind de kleur die bij je past en geef uitdrukking aan je persoonlijke touch.<br \/>\nDe melodie van het leven is net zo rijk en gevarieerd als Juzo&#8217;s zes nieuwe Trendkleuren 2019: Blue Groove, Violet Sound, Pink Bass, Coral Melody, Green Beat en Yellow Tune. Wil je het naar een hoger niveau tillen en het laten klinken als een tweestemmige harmonie? Dan kun je kiezen voor de Batique Collectie, met nieuwe tinten met het Batique patroon die individueel en speciaal voor jou gekleurd zijn. <\/p>\n","protected":false},"excerpt":{"rendered":"<p>Juzo Dynamic (Katoen \/ Zilver) Spijkerhard Art. 3511 \/ 3512 \/ 3513 Juzo Dynamic is het ideale rondbreisel voor bijzondere eisen en omstandigheden. Het is zelfs perfect geschikt voor zware lichamelijke inspanningen. Het dichte, donkere breisel is onopvallend en toch extreem sterk. De compressiekous is ook verkrijgbaar in de uitvoeringen Juzo Dynamic Cotton en Juzo&#8230;<\/p>\n","protected":false},"featured_media":7539,"comment_status":"closed","ping_status":"closed","template":"","meta":{"_acf_changed":false},"product_brand":[],"product_cat":[295],"product_tag":[],"class_list":{"0":"post-13406","1":"product","2":"type-product","3":"status-publish","4":"has-post-thumbnail","6":"product_cat-juzo-nl","8":"first","9":"instock","10":"shipping-taxable","11":"product-type-simple"},"acf":[],"yoast_head":"<!-- This site is optimized with the Yoast SEO plugin v26.2 - https:\/\/yoast.com\/wordpress\/plugins\/seo\/ -->\n<title>Dynamisch - Brasseur<\/title>\n<meta name=\"robots\" content=\"index, follow, max-snippet:-1, max-image-preview:large, max-video-preview:-1\" \/>\n<link rel=\"canonical\" href=\"https:\/\/bandagiste-brasseur.be\/nos-produits\/bas-compressifs-medicaux-et-gaines-de-bras\/bas-medicaux-compressifs\/juzo\/dynamic\/\" \/>\n<meta property=\"og:locale\" content=\"nl_BE\" \/>\n<meta property=\"og:type\" content=\"article\" \/>\n<meta property=\"og:title\" content=\"Dynamisch - Brasseur\" \/>\n<meta property=\"og:description\" content=\"Juzo Dynamic (Katoen \/ Zilver) Spijkerhard Art. 3511 \/ 3512 \/ 3513 Juzo Dynamic is het ideale rondbreisel voor bijzondere eisen en omstandigheden. Het is zelfs perfect geschikt voor zware lichamelijke inspanningen. Het dichte, donkere breisel is onopvallend en toch extreem sterk. De compressiekous is ook verkrijgbaar in de uitvoeringen Juzo Dynamic Cotton en Juzo...\" \/>\n<meta property=\"og:url\" content=\"https:\/\/bandagiste-brasseur.be\/nos-produits\/bas-compressifs-medicaux-et-gaines-de-bras\/bas-medicaux-compressifs\/juzo\/dynamic\/\" \/>\n<meta property=\"og:site_name\" content=\"Brasseur\" \/>\n<meta property=\"og:image\" content=\"https:\/\/bandagiste-brasseur.be\/wp-content\/uploads\/2019\/05\/juzo-dynamic-at-almond-.jpg\" \/>\n\t<meta property=\"og:image:width\" content=\"400\" \/>\n\t<meta property=\"og:image:height\" content=\"600\" \/>\n\t<meta property=\"og:image:type\" content=\"image\/jpeg\" \/>\n<meta name=\"twitter:card\" content=\"summary_large_image\" \/>\n<meta name=\"twitter:label1\" content=\"Geschatte leestijd\" \/>\n\t<meta name=\"twitter:data1\" content=\"4 minuten\" \/>\n<script type=\"application\/ld+json\" class=\"yoast-schema-graph\">{\"@context\":\"https:\/\/schema.org\",\"@graph\":[{\"@type\":\"WebPage\",\"@id\":\"https:\/\/bandagiste-brasseur.be\/nos-produits\/bas-compressifs-medicaux-et-gaines-de-bras\/bas-medicaux-compressifs\/juzo\/dynamic\/\",\"url\":\"https:\/\/bandagiste-brasseur.be\/nos-produits\/bas-compressifs-medicaux-et-gaines-de-bras\/bas-medicaux-compressifs\/juzo\/dynamic\/\",\"name\":\"Dynamisch - Brasseur\",\"isPartOf\":{\"@id\":\"https:\/\/bandagiste-brasseur.be\/#website\"},\"primaryImageOfPage\":{\"@id\":\"https:\/\/bandagiste-brasseur.be\/nos-produits\/bas-compressifs-medicaux-et-gaines-de-bras\/bas-medicaux-compressifs\/juzo\/dynamic\/#primaryimage\"},\"image\":{\"@id\":\"https:\/\/bandagiste-brasseur.be\/nos-produits\/bas-compressifs-medicaux-et-gaines-de-bras\/bas-medicaux-compressifs\/juzo\/dynamic\/#primaryimage\"},\"thumbnailUrl\":\"https:\/\/bandagiste-brasseur.be\/wp-content\/uploads\/2019\/05\/juzo-dynamic-at-almond-.jpg\",\"datePublished\":\"2024-10-14T13:21:31+00:00\",\"breadcrumb\":{\"@id\":\"https:\/\/bandagiste-brasseur.be\/nos-produits\/bas-compressifs-medicaux-et-gaines-de-bras\/bas-medicaux-compressifs\/juzo\/dynamic\/#breadcrumb\"},\"inLanguage\":\"nl-BE\",\"potentialAction\":[{\"@type\":\"ReadAction\",\"target\":[\"https:\/\/bandagiste-brasseur.be\/nos-produits\/bas-compressifs-medicaux-et-gaines-de-bras\/bas-medicaux-compressifs\/juzo\/dynamic\/\"]}]},{\"@type\":\"ImageObject\",\"inLanguage\":\"nl-BE\",\"@id\":\"https:\/\/bandagiste-brasseur.be\/nos-produits\/bas-compressifs-medicaux-et-gaines-de-bras\/bas-medicaux-compressifs\/juzo\/dynamic\/#primaryimage\",\"url\":\"https:\/\/bandagiste-brasseur.be\/wp-content\/uploads\/2019\/05\/juzo-dynamic-at-almond-.jpg\",\"contentUrl\":\"https:\/\/bandagiste-brasseur.be\/wp-content\/uploads\/2019\/05\/juzo-dynamic-at-almond-.jpg\",\"width\":400,\"height\":600},{\"@type\":\"BreadcrumbList\",\"@id\":\"https:\/\/bandagiste-brasseur.be\/nos-produits\/bas-compressifs-medicaux-et-gaines-de-bras\/bas-medicaux-compressifs\/juzo\/dynamic\/#breadcrumb\",\"itemListElement\":[{\"@type\":\"ListItem\",\"position\":1,\"name\":\"Home\",\"item\":\"https:\/\/bandagiste-brasseur.be\/nl\/\"},{\"@type\":\"ListItem\",\"position\":2,\"name\":\"Onze producten\",\"item\":\"https:\/\/bandagiste-brasseur.be\/nl\/onze-producten\/\"},{\"@type\":\"ListItem\",\"position\":3,\"name\":\"Dynamisch\"}]},{\"@type\":\"WebSite\",\"@id\":\"https:\/\/bandagiste-brasseur.be\/#website\",\"url\":\"https:\/\/bandagiste-brasseur.be\/\",\"name\":\"Brasseur\",\"description\":\"\",\"potentialAction\":[{\"@type\":\"SearchAction\",\"target\":{\"@type\":\"EntryPoint\",\"urlTemplate\":\"https:\/\/bandagiste-brasseur.be\/?s={search_term_string}\"},\"query-input\":{\"@type\":\"PropertyValueSpecification\",\"valueRequired\":true,\"valueName\":\"search_term_string\"}}],\"inLanguage\":\"nl-BE\"}]}<\/script>\n<!-- \/ Yoast SEO plugin. -->","yoast_head_json":{"title":"Dynamisch - Brasseur","robots":{"index":"index","follow":"follow","max-snippet":"max-snippet:-1","max-image-preview":"max-image-preview:large","max-video-preview":"max-video-preview:-1"},"canonical":"https:\/\/bandagiste-brasseur.be\/nos-produits\/bas-compressifs-medicaux-et-gaines-de-bras\/bas-medicaux-compressifs\/juzo\/dynamic\/","og_locale":"nl_BE","og_type":"article","og_title":"Dynamisch - Brasseur","og_description":"Juzo Dynamic (Katoen \/ Zilver) Spijkerhard Art. 3511 \/ 3512 \/ 3513 Juzo Dynamic is het ideale rondbreisel voor bijzondere eisen en omstandigheden. Het is zelfs perfect geschikt voor zware lichamelijke inspanningen. Het dichte, donkere breisel is onopvallend en toch extreem sterk. De compressiekous is ook verkrijgbaar in de uitvoeringen Juzo Dynamic Cotton en Juzo...","og_url":"https:\/\/bandagiste-brasseur.be\/nos-produits\/bas-compressifs-medicaux-et-gaines-de-bras\/bas-medicaux-compressifs\/juzo\/dynamic\/","og_site_name":"Brasseur","og_image":[{"width":400,"height":600,"url":"https:\/\/bandagiste-brasseur.be\/wp-content\/uploads\/2019\/05\/juzo-dynamic-at-almond-.jpg","type":"image\/jpeg"}],"twitter_card":"summary_large_image","twitter_misc":{"Geschatte leestijd":"4 minuten"},"schema":{"@context":"https:\/\/schema.org","@graph":[{"@type":"WebPage","@id":"https:\/\/bandagiste-brasseur.be\/nos-produits\/bas-compressifs-medicaux-et-gaines-de-bras\/bas-medicaux-compressifs\/juzo\/dynamic\/","url":"https:\/\/bandagiste-brasseur.be\/nos-produits\/bas-compressifs-medicaux-et-gaines-de-bras\/bas-medicaux-compressifs\/juzo\/dynamic\/","name":"Dynamisch - Brasseur","isPartOf":{"@id":"https:\/\/bandagiste-brasseur.be\/#website"},"primaryImageOfPage":{"@id":"https:\/\/bandagiste-brasseur.be\/nos-produits\/bas-compressifs-medicaux-et-gaines-de-bras\/bas-medicaux-compressifs\/juzo\/dynamic\/#primaryimage"},"image":{"@id":"https:\/\/bandagiste-brasseur.be\/nos-produits\/bas-compressifs-medicaux-et-gaines-de-bras\/bas-medicaux-compressifs\/juzo\/dynamic\/#primaryimage"},"thumbnailUrl":"https:\/\/bandagiste-brasseur.be\/wp-content\/uploads\/2019\/05\/juzo-dynamic-at-almond-.jpg","datePublished":"2024-10-14T13:21:31+00:00","breadcrumb":{"@id":"https:\/\/bandagiste-brasseur.be\/nos-produits\/bas-compressifs-medicaux-et-gaines-de-bras\/bas-medicaux-compressifs\/juzo\/dynamic\/#breadcrumb"},"inLanguage":"nl-BE","potentialAction":[{"@type":"ReadAction","target":["https:\/\/bandagiste-brasseur.be\/nos-produits\/bas-compressifs-medicaux-et-gaines-de-bras\/bas-medicaux-compressifs\/juzo\/dynamic\/"]}]},{"@type":"ImageObject","inLanguage":"nl-BE","@id":"https:\/\/bandagiste-brasseur.be\/nos-produits\/bas-compressifs-medicaux-et-gaines-de-bras\/bas-medicaux-compressifs\/juzo\/dynamic\/#primaryimage","url":"https:\/\/bandagiste-brasseur.be\/wp-content\/uploads\/2019\/05\/juzo-dynamic-at-almond-.jpg","contentUrl":"https:\/\/bandagiste-brasseur.be\/wp-content\/uploads\/2019\/05\/juzo-dynamic-at-almond-.jpg","width":400,"height":600},{"@type":"BreadcrumbList","@id":"https:\/\/bandagiste-brasseur.be\/nos-produits\/bas-compressifs-medicaux-et-gaines-de-bras\/bas-medicaux-compressifs\/juzo\/dynamic\/#breadcrumb","itemListElement":[{"@type":"ListItem","position":1,"name":"Home","item":"https:\/\/bandagiste-brasseur.be\/nl\/"},{"@type":"ListItem","position":2,"name":"Onze producten","item":"https:\/\/bandagiste-brasseur.be\/nl\/onze-producten\/"},{"@type":"ListItem","position":3,"name":"Dynamisch"}]},{"@type":"WebSite","@id":"https:\/\/bandagiste-brasseur.be\/#website","url":"https:\/\/bandagiste-brasseur.be\/","name":"Brasseur","description":"","potentialAction":[{"@type":"SearchAction","target":{"@type":"EntryPoint","urlTemplate":"https:\/\/bandagiste-brasseur.be\/?s={search_term_string}"},"query-input":{"@type":"PropertyValueSpecification","valueRequired":true,"valueName":"search_term_string"}}],"inLanguage":"nl-BE"}]}},"_links":{"self":[{"href":"https:\/\/bandagiste-brasseur.be\/nl\/wp-json\/wp\/v2\/product\/13406","targetHints":{"allow":["GET"]}}],"collection":[{"href":"https:\/\/bandagiste-brasseur.be\/nl\/wp-json\/wp\/v2\/product"}],"about":[{"href":"https:\/\/bandagiste-brasseur.be\/nl\/wp-json\/wp\/v2\/types\/product"}],"replies":[{"embeddable":true,"href":"https:\/\/bandagiste-brasseur.be\/nl\/wp-json\/wp\/v2\/comments?post=13406"}],"wp:featuredmedia":[{"embeddable":true,"href":"https:\/\/bandagiste-brasseur.be\/nl\/wp-json\/wp\/v2\/media\/7539"}],"wp:attachment":[{"href":"https:\/\/bandagiste-brasseur.be\/nl\/wp-json\/wp\/v2\/media?parent=13406"}],"wp:term":[{"taxonomy":"product_brand","embeddable":true,"href":"https:\/\/bandagiste-brasseur.be\/nl\/wp-json\/wp\/v2\/product_brand?post=13406"},{"taxonomy":"product_cat","embeddable":true,"href":"https:\/\/bandagiste-brasseur.be\/nl\/wp-json\/wp\/v2\/product_cat?post=13406"},{"taxonomy":"product_tag","embeddable":true,"href":"https:\/\/bandagiste-brasseur.be\/nl\/wp-json\/wp\/v2\/product_tag?post=13406"}],"curies":[{"name":"wp","href":"https:\/\/api.w.org\/{rel}","templated":true}]}}