{"id":13507,"date":"2019-05-28T14:12:22","date_gmt":"2024-10-14T13:22:16","guid":{"rendered":"https:\/\/bandagiste-brasseur.be\/nos-produits\/niet-gecategoriseerd\/op-maat-gemaakte-orthopedische-inlegzolen\/"},"modified":"2024-10-14T15:22:16","modified_gmt":"2024-10-14T13:22:16","slug":"op-maat-gemaakte-orthopedische-inlegzolen","status":"publish","type":"product","link":"https:\/\/bandagiste-brasseur.be\/nl\/onze-producten\/gezondheid-welzijn\/gezondheid-preventie\/diabete-nl\/op-maat-gemaakte-orthopedische-inlegzolen\/","title":{"rendered":"Op maat gemaakte orthopedische inlegzolen"},"content":{"rendered":"<p>Een orthopedische inlegzool, ook wel voetbedsteun genoemd, is een voetorthese die ontworpen en op maat gemaakt is door een gezondheidswerker (een bandagist, orthopedist of orthopedisch schoentechnoloog) die erkend is door het INAMI. Zij is bedoeld om :<\/p>\n<p>&#8211; defecte statica van de voet en\/of elke statische en dynamische onbalans van minder dan 20 mm te corrigeren &#8211; anomalie\u00ebn van de voet te omhullen en te compenseren &#8211; pijnlijke plantaire ondersteuning te verlichten en te verlichten &#8211; voetletsels bij diabetespati\u00ebnten te voorkomen en\/of te behandelen &#8211; de verschillende voetbogen te ondersteunen &#8211; het comfort te verbeteren en pijn te verminderen. Orthopedische inlegzolen worden vervaardigd op medisch voorschrift van een gespecialiseerde arts (bijv. in de orthopedie, reumatologie, interne geneeskunde, chirurgie, pediatrie, enz:<\/p>\n<p>&#8211; plantaire ondersteuning met de podobaroscoop &#8211; podografische indrukken &#8211; de uitdrukking van behoeften in verband met de leefomgeving en\/of sportactiviteiten. De orthopedische inlegzolen worden op maat gemaakt door ze te vormen of te thermovormen, in overeenstemming met het comfort en het schoeisel van de pati\u00ebnt. In het geval van inlegzolen voor diabetespati\u00ebnten moeten ze worden gecombineerd met een geschikte schoen (orthopedisch of semi-orthopedisch). De gebruikte materialen zijn onder andere leer, kurk, polyethyleen en EVA (high-density copolymeer) schuim, polyurethaan, etc. Onze zorgverleners zoeken systematisch naar een optimale, op maat gemaakte oplossing voor de pati\u00ebnt om het beste therapeutische effect in combinatie met optimaal comfort te bereiken. Innovatieve materialen worden gecombineerd met de meest traditionele om de sterkste en meest comfortabele eindproducten te verkrijgen. Al onze producten worden vervaardigd in onze orthopedische werkplaats.<\/p>\n<p>a) Semelles pour le sport<br \/>\nPourquoi des semelles sp\u00e9cifiques pour le sport ?<br \/>\nChaque sport entraine un mouvement particulier du pied. Chaque discipline a ses caract\u00e9ristiques propres et il faut concevoir des semelles adapt\u00e9es pour le sport pratiqu\u00e9. Une bonne adaptation de la chaussure permet, sinon d&#8217;am\u00e9liorer les performances, au moins de r\u00e9duire la fatigue et les risques de traumatismes. b) Semelles orthop\u00e9diques pour diab\u00e9tiques<br \/>\nLe diab\u00e8te est une maladie chronique caract\u00e9ris\u00e9e par une s\u00e9cr\u00e9tion anormale de l&#8217;insuline. Le diab\u00e8te peut entra\u00eener des complications graves telles que la r\u00e9tinopathie, la n\u00e9phropathie, la neuropathie, l&#8217;ath\u00e9roscl\u00e9rose, les l\u00e9sions du pied (ulc\u00e8res, infections, ost\u00e9o-arthropathie de Charcot) et m\u00eame conduire aux amputations . Nos techniciens orthop\u00e9distes ont mis au point des semelles orthop\u00e9diques sp\u00e9cifiques pour les pieds diab\u00e9tiques.<br \/>\nQuelles semelles pour diab\u00e9tiques ?<br \/>\nIl existe deux types de semelles pour diab\u00e9tiques, la premi\u00e8re \u00e9tant la semelle dite pr\u00e9ventive ayant pour vocation d&#8217;\u00eatre la premi\u00e8re barri\u00e8re aux possibles ulc\u00e8res \u00e0 associer avec des chaussures semi rigides de pr\u00e9f\u00e9rence con\u00e7ues pour des pieds diab\u00e9tiques, la deuxi\u00e8me \u00e9tant une semelle curative en cas d&#8217;ulc\u00e8re ou de d\u00e9sordre ost\u00e9ologique majeur, voire d&#8217;amputation \u00e0 combiner absolument avec des chaussures orthop\u00e9diques pr\u00e9fabriqu\u00e9es ou sur mesure. Un 3\u00e8me mode d&#8217;intervention orthop\u00e9dique \u00e9tant la d\u00e9charge totale par botte de marche et semelles orthop\u00e9diques sp\u00e9cifiques pour diab\u00e9tiques&#8230;<br \/>\nCes semelles ont \u00e9t\u00e9 d\u00e9velopp\u00e9es et finalis\u00e9es par nos soins.  <\/p>\n","protected":false},"excerpt":{"rendered":"<p>Een orthopedische inlegzool, ook wel voetbedsteun genoemd, is een voetorthese die ontworpen en op maat gemaakt is door een gezondheidswerker (een bandagist, orthopedist of orthopedisch schoentechnoloog) die erkend is door het INAMI. Zij is bedoeld om : &#8211; defecte statica van de voet en\/of elke statische en dynamische onbalans van minder dan 20 mm te&#8230;<\/p>\n","protected":false},"featured_media":6456,"comment_status":"closed","ping_status":"closed","template":"","meta":{"_acf_changed":false},"product_brand":[],"product_cat":[311,312],"product_tag":[],"class_list":{"0":"post-13507","1":"product","2":"type-product","3":"status-publish","4":"has-post-thumbnail","6":"product_cat-sur-mesures-nl","7":"product_cat-diabete-nl","9":"first","10":"instock","11":"shipping-taxable","12":"product-type-simple"},"acf":[],"yoast_head":"<!-- This site is optimized with the Yoast SEO plugin v27.5 - https:\/\/yoast.com\/product\/yoast-seo-wordpress\/ -->\n<title>Op maat gemaakte orthopedische inlegzolen - Brasseur<\/title>\n<meta name=\"robots\" content=\"index, follow, max-snippet:-1, max-image-preview:large, max-video-preview:-1\" \/>\n<link rel=\"canonical\" href=\"https:\/\/bandagiste-brasseur.be\/nl\/onze-producten\/gezondheid-welzijn\/gezondheid-preventie\/diabete-nl\/op-maat-gemaakte-orthopedische-inlegzolen\/\" \/>\n<meta property=\"og:locale\" content=\"nl_BE\" \/>\n<meta property=\"og:type\" content=\"article\" \/>\n<meta property=\"og:title\" content=\"Op maat gemaakte orthopedische inlegzolen - Brasseur\" \/>\n<meta property=\"og:description\" content=\"Een orthopedische inlegzool, ook wel voetbedsteun genoemd, is een voetorthese die ontworpen en op maat gemaakt is door een gezondheidswerker (een bandagist, orthopedist of orthopedisch schoentechnoloog) die erkend is door het INAMI. Zij is bedoeld om : &#8211; defecte statica van de voet en\/of elke statische en dynamische onbalans van minder dan 20 mm te...\" \/>\n<meta property=\"og:url\" content=\"https:\/\/bandagiste-brasseur.be\/nl\/onze-producten\/gezondheid-welzijn\/gezondheid-preventie\/diabete-nl\/op-maat-gemaakte-orthopedische-inlegzolen\/\" \/>\n<meta property=\"og:site_name\" content=\"Brasseur\" \/>\n<meta property=\"og:image\" content=\"https:\/\/bandagiste-brasseur.be\/wp-content\/uploads\/2018\/06\/Screen-Shot-2018-02-28-at-15.44.53-1.png\" \/>\n\t<meta property=\"og:image:width\" content=\"900\" \/>\n\t<meta property=\"og:image:height\" content=\"900\" \/>\n\t<meta property=\"og:image:type\" content=\"image\/png\" \/>\n<meta name=\"twitter:card\" content=\"summary_large_image\" \/>\n<meta name=\"twitter:label1\" content=\"Geschatte leestijd\" \/>\n\t<meta name=\"twitter:data1\" content=\"3 minuten\" \/>\n<script type=\"application\/ld+json\" class=\"yoast-schema-graph\">{\"@context\":\"https:\\\/\\\/schema.org\",\"@graph\":[{\"@type\":\"WebPage\",\"@id\":\"https:\\\/\\\/bandagiste-brasseur.be\\\/nl\\\/onze-producten\\\/gezondheid-welzijn\\\/gezondheid-preventie\\\/diabete-nl\\\/op-maat-gemaakte-orthopedische-inlegzolen\\\/\",\"url\":\"https:\\\/\\\/bandagiste-brasseur.be\\\/nl\\\/onze-producten\\\/gezondheid-welzijn\\\/gezondheid-preventie\\\/diabete-nl\\\/op-maat-gemaakte-orthopedische-inlegzolen\\\/\",\"name\":\"Op maat gemaakte orthopedische inlegzolen - Brasseur\",\"isPartOf\":{\"@id\":\"https:\\\/\\\/bandagiste-brasseur.be\\\/nl\\\/#website\"},\"primaryImageOfPage\":{\"@id\":\"https:\\\/\\\/bandagiste-brasseur.be\\\/nl\\\/onze-producten\\\/gezondheid-welzijn\\\/gezondheid-preventie\\\/diabete-nl\\\/op-maat-gemaakte-orthopedische-inlegzolen\\\/#primaryimage\"},\"image\":{\"@id\":\"https:\\\/\\\/bandagiste-brasseur.be\\\/nl\\\/onze-producten\\\/gezondheid-welzijn\\\/gezondheid-preventie\\\/diabete-nl\\\/op-maat-gemaakte-orthopedische-inlegzolen\\\/#primaryimage\"},\"thumbnailUrl\":\"https:\\\/\\\/bandagiste-brasseur.be\\\/wp-content\\\/uploads\\\/2018\\\/06\\\/Screen-Shot-2018-02-28-at-15.44.53-1.png\",\"datePublished\":\"2024-10-14T13:22:16+00:00\",\"breadcrumb\":{\"@id\":\"https:\\\/\\\/bandagiste-brasseur.be\\\/nl\\\/onze-producten\\\/gezondheid-welzijn\\\/gezondheid-preventie\\\/diabete-nl\\\/op-maat-gemaakte-orthopedische-inlegzolen\\\/#breadcrumb\"},\"inLanguage\":\"nl-BE\",\"potentialAction\":[{\"@type\":\"ReadAction\",\"target\":[\"https:\\\/\\\/bandagiste-brasseur.be\\\/nl\\\/onze-producten\\\/gezondheid-welzijn\\\/gezondheid-preventie\\\/diabete-nl\\\/op-maat-gemaakte-orthopedische-inlegzolen\\\/\"]}]},{\"@type\":\"ImageObject\",\"inLanguage\":\"nl-BE\",\"@id\":\"https:\\\/\\\/bandagiste-brasseur.be\\\/nl\\\/onze-producten\\\/gezondheid-welzijn\\\/gezondheid-preventie\\\/diabete-nl\\\/op-maat-gemaakte-orthopedische-inlegzolen\\\/#primaryimage\",\"url\":\"https:\\\/\\\/bandagiste-brasseur.be\\\/wp-content\\\/uploads\\\/2018\\\/06\\\/Screen-Shot-2018-02-28-at-15.44.53-1.png\",\"contentUrl\":\"https:\\\/\\\/bandagiste-brasseur.be\\\/wp-content\\\/uploads\\\/2018\\\/06\\\/Screen-Shot-2018-02-28-at-15.44.53-1.png\",\"width\":900,\"height\":900},{\"@type\":\"BreadcrumbList\",\"@id\":\"https:\\\/\\\/bandagiste-brasseur.be\\\/nl\\\/onze-producten\\\/gezondheid-welzijn\\\/gezondheid-preventie\\\/diabete-nl\\\/op-maat-gemaakte-orthopedische-inlegzolen\\\/#breadcrumb\",\"itemListElement\":[{\"@type\":\"ListItem\",\"position\":1,\"name\":\"Home\",\"item\":\"https:\\\/\\\/bandagiste-brasseur.be\\\/nl\\\/\"},{\"@type\":\"ListItem\",\"position\":2,\"name\":\"Onze producten\",\"item\":\"https:\\\/\\\/bandagiste-brasseur.be\\\/nl\\\/onze-producten\\\/\"},{\"@type\":\"ListItem\",\"position\":3,\"name\":\"Op maat gemaakte orthopedische inlegzolen\"}]},{\"@type\":\"WebSite\",\"@id\":\"https:\\\/\\\/bandagiste-brasseur.be\\\/nl\\\/#website\",\"url\":\"https:\\\/\\\/bandagiste-brasseur.be\\\/nl\\\/\",\"name\":\"Bandagiste Brasseur\",\"description\":\"\",\"publisher\":{\"@id\":\"https:\\\/\\\/bandagiste-brasseur.be\\\/nl\\\/#organization\"},\"potentialAction\":[{\"@type\":\"SearchAction\",\"target\":{\"@type\":\"EntryPoint\",\"urlTemplate\":\"https:\\\/\\\/bandagiste-brasseur.be\\\/nl\\\/?s={search_term_string}\"},\"query-input\":{\"@type\":\"PropertyValueSpecification\",\"valueRequired\":true,\"valueName\":\"search_term_string\"}}],\"inLanguage\":\"nl-BE\"},{\"@type\":\"Organization\",\"@id\":\"https:\\\/\\\/bandagiste-brasseur.be\\\/nl\\\/#organization\",\"name\":\"Bandagiste Brasseur\",\"url\":\"https:\\\/\\\/bandagiste-brasseur.be\\\/nl\\\/\",\"logo\":{\"@type\":\"ImageObject\",\"inLanguage\":\"nl-BE\",\"@id\":\"https:\\\/\\\/bandagiste-brasseur.be\\\/nl\\\/#\\\/schema\\\/logo\\\/image\\\/\",\"url\":\"https:\\\/\\\/bandagiste-brasseur.be\\\/wp-content\\\/uploads\\\/2018\\\/06\\\/Logo-Brasseur.png\",\"contentUrl\":\"https:\\\/\\\/bandagiste-brasseur.be\\\/wp-content\\\/uploads\\\/2018\\\/06\\\/Logo-Brasseur.png\",\"width\":327,\"height\":136,\"caption\":\"Bandagiste Brasseur\"},\"image\":{\"@id\":\"https:\\\/\\\/bandagiste-brasseur.be\\\/nl\\\/#\\\/schema\\\/logo\\\/image\\\/\"}}]}<\/script>\n<!-- \/ Yoast SEO plugin. -->","yoast_head_json":{"title":"Op maat gemaakte orthopedische inlegzolen - Brasseur","robots":{"index":"index","follow":"follow","max-snippet":"max-snippet:-1","max-image-preview":"max-image-preview:large","max-video-preview":"max-video-preview:-1"},"canonical":"https:\/\/bandagiste-brasseur.be\/nl\/onze-producten\/gezondheid-welzijn\/gezondheid-preventie\/diabete-nl\/op-maat-gemaakte-orthopedische-inlegzolen\/","og_locale":"nl_BE","og_type":"article","og_title":"Op maat gemaakte orthopedische inlegzolen - Brasseur","og_description":"Een orthopedische inlegzool, ook wel voetbedsteun genoemd, is een voetorthese die ontworpen en op maat gemaakt is door een gezondheidswerker (een bandagist, orthopedist of orthopedisch schoentechnoloog) die erkend is door het INAMI. Zij is bedoeld om : &#8211; defecte statica van de voet en\/of elke statische en dynamische onbalans van minder dan 20 mm te...","og_url":"https:\/\/bandagiste-brasseur.be\/nl\/onze-producten\/gezondheid-welzijn\/gezondheid-preventie\/diabete-nl\/op-maat-gemaakte-orthopedische-inlegzolen\/","og_site_name":"Brasseur","og_image":[{"width":900,"height":900,"url":"https:\/\/bandagiste-brasseur.be\/wp-content\/uploads\/2018\/06\/Screen-Shot-2018-02-28-at-15.44.53-1.png","type":"image\/png"}],"twitter_card":"summary_large_image","twitter_misc":{"Geschatte leestijd":"3 minuten"},"schema":{"@context":"https:\/\/schema.org","@graph":[{"@type":"WebPage","@id":"https:\/\/bandagiste-brasseur.be\/nl\/onze-producten\/gezondheid-welzijn\/gezondheid-preventie\/diabete-nl\/op-maat-gemaakte-orthopedische-inlegzolen\/","url":"https:\/\/bandagiste-brasseur.be\/nl\/onze-producten\/gezondheid-welzijn\/gezondheid-preventie\/diabete-nl\/op-maat-gemaakte-orthopedische-inlegzolen\/","name":"Op maat gemaakte orthopedische inlegzolen - Brasseur","isPartOf":{"@id":"https:\/\/bandagiste-brasseur.be\/nl\/#website"},"primaryImageOfPage":{"@id":"https:\/\/bandagiste-brasseur.be\/nl\/onze-producten\/gezondheid-welzijn\/gezondheid-preventie\/diabete-nl\/op-maat-gemaakte-orthopedische-inlegzolen\/#primaryimage"},"image":{"@id":"https:\/\/bandagiste-brasseur.be\/nl\/onze-producten\/gezondheid-welzijn\/gezondheid-preventie\/diabete-nl\/op-maat-gemaakte-orthopedische-inlegzolen\/#primaryimage"},"thumbnailUrl":"https:\/\/bandagiste-brasseur.be\/wp-content\/uploads\/2018\/06\/Screen-Shot-2018-02-28-at-15.44.53-1.png","datePublished":"2024-10-14T13:22:16+00:00","breadcrumb":{"@id":"https:\/\/bandagiste-brasseur.be\/nl\/onze-producten\/gezondheid-welzijn\/gezondheid-preventie\/diabete-nl\/op-maat-gemaakte-orthopedische-inlegzolen\/#breadcrumb"},"inLanguage":"nl-BE","potentialAction":[{"@type":"ReadAction","target":["https:\/\/bandagiste-brasseur.be\/nl\/onze-producten\/gezondheid-welzijn\/gezondheid-preventie\/diabete-nl\/op-maat-gemaakte-orthopedische-inlegzolen\/"]}]},{"@type":"ImageObject","inLanguage":"nl-BE","@id":"https:\/\/bandagiste-brasseur.be\/nl\/onze-producten\/gezondheid-welzijn\/gezondheid-preventie\/diabete-nl\/op-maat-gemaakte-orthopedische-inlegzolen\/#primaryimage","url":"https:\/\/bandagiste-brasseur.be\/wp-content\/uploads\/2018\/06\/Screen-Shot-2018-02-28-at-15.44.53-1.png","contentUrl":"https:\/\/bandagiste-brasseur.be\/wp-content\/uploads\/2018\/06\/Screen-Shot-2018-02-28-at-15.44.53-1.png","width":900,"height":900},{"@type":"BreadcrumbList","@id":"https:\/\/bandagiste-brasseur.be\/nl\/onze-producten\/gezondheid-welzijn\/gezondheid-preventie\/diabete-nl\/op-maat-gemaakte-orthopedische-inlegzolen\/#breadcrumb","itemListElement":[{"@type":"ListItem","position":1,"name":"Home","item":"https:\/\/bandagiste-brasseur.be\/nl\/"},{"@type":"ListItem","position":2,"name":"Onze producten","item":"https:\/\/bandagiste-brasseur.be\/nl\/onze-producten\/"},{"@type":"ListItem","position":3,"name":"Op maat gemaakte orthopedische inlegzolen"}]},{"@type":"WebSite","@id":"https:\/\/bandagiste-brasseur.be\/nl\/#website","url":"https:\/\/bandagiste-brasseur.be\/nl\/","name":"Bandagiste Brasseur","description":"","publisher":{"@id":"https:\/\/bandagiste-brasseur.be\/nl\/#organization"},"potentialAction":[{"@type":"SearchAction","target":{"@type":"EntryPoint","urlTemplate":"https:\/\/bandagiste-brasseur.be\/nl\/?s={search_term_string}"},"query-input":{"@type":"PropertyValueSpecification","valueRequired":true,"valueName":"search_term_string"}}],"inLanguage":"nl-BE"},{"@type":"Organization","@id":"https:\/\/bandagiste-brasseur.be\/nl\/#organization","name":"Bandagiste Brasseur","url":"https:\/\/bandagiste-brasseur.be\/nl\/","logo":{"@type":"ImageObject","inLanguage":"nl-BE","@id":"https:\/\/bandagiste-brasseur.be\/nl\/#\/schema\/logo\/image\/","url":"https:\/\/bandagiste-brasseur.be\/wp-content\/uploads\/2018\/06\/Logo-Brasseur.png","contentUrl":"https:\/\/bandagiste-brasseur.be\/wp-content\/uploads\/2018\/06\/Logo-Brasseur.png","width":327,"height":136,"caption":"Bandagiste Brasseur"},"image":{"@id":"https:\/\/bandagiste-brasseur.be\/nl\/#\/schema\/logo\/image\/"}}]}},"_links":{"self":[{"href":"https:\/\/bandagiste-brasseur.be\/nl\/wp-json\/wp\/v2\/product\/13507","targetHints":{"allow":["GET"]}}],"collection":[{"href":"https:\/\/bandagiste-brasseur.be\/nl\/wp-json\/wp\/v2\/product"}],"about":[{"href":"https:\/\/bandagiste-brasseur.be\/nl\/wp-json\/wp\/v2\/types\/product"}],"replies":[{"embeddable":true,"href":"https:\/\/bandagiste-brasseur.be\/nl\/wp-json\/wp\/v2\/comments?post=13507"}],"wp:featuredmedia":[{"embeddable":true,"href":"https:\/\/bandagiste-brasseur.be\/nl\/wp-json\/wp\/v2\/media\/6456"}],"wp:attachment":[{"href":"https:\/\/bandagiste-brasseur.be\/nl\/wp-json\/wp\/v2\/media?parent=13507"}],"wp:term":[{"taxonomy":"product_brand","embeddable":true,"href":"https:\/\/bandagiste-brasseur.be\/nl\/wp-json\/wp\/v2\/product_brand?post=13507"},{"taxonomy":"product_cat","embeddable":true,"href":"https:\/\/bandagiste-brasseur.be\/nl\/wp-json\/wp\/v2\/product_cat?post=13507"},{"taxonomy":"product_tag","embeddable":true,"href":"https:\/\/bandagiste-brasseur.be\/nl\/wp-json\/wp\/v2\/product_tag?post=13507"}],"curies":[{"name":"wp","href":"https:\/\/api.w.org\/{rel}","templated":true}]}}