{"id":13511,"date":"2019-05-28T14:12:22","date_gmt":"2024-10-14T13:22:17","guid":{"rendered":"https:\/\/bandagiste-brasseur.be\/nos-produits\/niet-gecategoriseerd\/sorbothaan\/"},"modified":"2024-10-14T15:22:17","modified_gmt":"2024-10-14T13:22:17","slug":"sorbothaan","status":"publish","type":"product","link":"https:\/\/bandagiste-brasseur.be\/nl\/onze-producten\/verband-en-orthesen\/enkelvoet\/hielheffing\/sorbothaan\/","title":{"rendered":"Sorbothaan"},"content":{"rendered":"<p>Sorbothane\u00ae HEEL PADS: beschermen het belangrijkste punt van impact: de hiel. Sorbothane\u00ae hielkussentjes zijn gemaakt van 100% Sorbothane\u00ae materiaal, een viskeuze vloeistof die toonaangevend is in demping en optimale bescherming biedt ongeacht de intensiteit van de impact. Ze zijn ultralicht en hebben een antibacteri\u00eble coating om onaangename geurtjes tegen te gaan. Bovendien is de onderkant gripvast, zodat hij niet verschuift in de schoen, hoe hard je ook beweegt.<br \/>\nZe hebben ook het voordeel dat ze veelzijdig zijn en in alle soorten schoeisel passen. Ze zijn effectief in het beperken van trauma veroorzaakt door impact met de grond om je gewrichten te beschermen. Ze verminderen ook de spierbelasting om vermoeidheid en microblessures te verminderen. Ze zijn daarom effectief tegen blessures zoals achillespeesontsteking, knie- of rugpijn, periostitis, etc&#8230;.<\/p>\n<p> Ze zijn ook ideaal om het sporten na een blessure te hervatten, de hersteltijd te verkorten en terugval te voorkomen. Details: &#8211; Sorbothaan materiaal; een viskeuze vloeistof die de voordelen combineert van een vloeistof om de schokgolf te verdelen en een vaste stof om vervorming onder druk te verminderen en de snelheid van de impactvoortplanting te verminderen. &#8211; Nano Zilver technologie Innovatieve antibacteri\u00eble technologie.<br \/>\n Nano Silver technologie Innovatieve antibacteri\u00eble en anti-geur technologie die bacteri\u00ebn en transpiratie in de schoen elimineert, voor optimale hygi\u00ebne. &#8211; Dikker tot 8 mm bij de hiel.<\/p>\n","protected":false},"excerpt":{"rendered":"<p>Sorbothane\u00ae HEEL PADS: beschermen het belangrijkste punt van impact: de hiel. Sorbothane\u00ae hielkussentjes zijn gemaakt van 100% Sorbothane\u00ae materiaal, een viskeuze vloeistof die toonaangevend is in demping en optimale bescherming biedt ongeacht de intensiteit van de impact. Ze zijn ultralicht en hebben een antibacteri\u00eble coating om onaangename geurtjes tegen te gaan. Bovendien is de onderkant&#8230;<\/p>\n","protected":false},"featured_media":7474,"comment_status":"closed","ping_status":"closed","template":"","meta":{"_acf_changed":false},"product_brand":[],"product_cat":[315],"product_tag":[],"class_list":{"0":"post-13511","1":"product","2":"type-product","3":"status-publish","4":"has-post-thumbnail","6":"product_cat-hielheffing","8":"first","9":"instock","10":"shipping-taxable","11":"product-type-simple"},"acf":[],"yoast_head":"<!-- This site is optimized with the Yoast SEO plugin v27.5 - https:\/\/yoast.com\/product\/yoast-seo-wordpress\/ -->\n<title>Sorbothaan - Brasseur<\/title>\n<meta name=\"robots\" content=\"index, follow, max-snippet:-1, max-image-preview:large, max-video-preview:-1\" \/>\n<link rel=\"canonical\" href=\"https:\/\/bandagiste-brasseur.be\/nl\/onze-producten\/verband-en-orthesen\/enkelvoet\/hielheffing\/sorbothaan\/\" \/>\n<meta property=\"og:locale\" content=\"nl_BE\" \/>\n<meta property=\"og:type\" content=\"article\" \/>\n<meta property=\"og:title\" content=\"Sorbothaan - Brasseur\" \/>\n<meta property=\"og:description\" content=\"Sorbothane\u00ae HEEL PADS: beschermen het belangrijkste punt van impact: de hiel. Sorbothane\u00ae hielkussentjes zijn gemaakt van 100% Sorbothane\u00ae materiaal, een viskeuze vloeistof die toonaangevend is in demping en optimale bescherming biedt ongeacht de intensiteit van de impact. Ze zijn ultralicht en hebben een antibacteri\u00eble coating om onaangename geurtjes tegen te gaan. Bovendien is de onderkant...\" \/>\n<meta property=\"og:url\" content=\"https:\/\/bandagiste-brasseur.be\/nl\/onze-producten\/verband-en-orthesen\/enkelvoet\/hielheffing\/sorbothaan\/\" \/>\n<meta property=\"og:site_name\" content=\"Brasseur\" \/>\n<meta property=\"og:image\" content=\"https:\/\/bandagiste-brasseur.be\/wp-content\/uploads\/2019\/05\/Sorbothane-1.jpg\" \/>\n\t<meta property=\"og:image:width\" content=\"640\" \/>\n\t<meta property=\"og:image:height\" content=\"640\" \/>\n\t<meta property=\"og:image:type\" content=\"image\/jpeg\" \/>\n<meta name=\"twitter:card\" content=\"summary_large_image\" \/>\n<meta name=\"twitter:label1\" content=\"Geschatte leestijd\" \/>\n\t<meta name=\"twitter:data1\" content=\"1 minuut\" \/>\n<script type=\"application\/ld+json\" class=\"yoast-schema-graph\">{\"@context\":\"https:\\\/\\\/schema.org\",\"@graph\":[{\"@type\":\"WebPage\",\"@id\":\"https:\\\/\\\/bandagiste-brasseur.be\\\/nl\\\/onze-producten\\\/verband-en-orthesen\\\/enkelvoet\\\/hielheffing\\\/sorbothaan\\\/\",\"url\":\"https:\\\/\\\/bandagiste-brasseur.be\\\/nl\\\/onze-producten\\\/verband-en-orthesen\\\/enkelvoet\\\/hielheffing\\\/sorbothaan\\\/\",\"name\":\"Sorbothaan - Brasseur\",\"isPartOf\":{\"@id\":\"https:\\\/\\\/bandagiste-brasseur.be\\\/nl\\\/#website\"},\"primaryImageOfPage\":{\"@id\":\"https:\\\/\\\/bandagiste-brasseur.be\\\/nl\\\/onze-producten\\\/verband-en-orthesen\\\/enkelvoet\\\/hielheffing\\\/sorbothaan\\\/#primaryimage\"},\"image\":{\"@id\":\"https:\\\/\\\/bandagiste-brasseur.be\\\/nl\\\/onze-producten\\\/verband-en-orthesen\\\/enkelvoet\\\/hielheffing\\\/sorbothaan\\\/#primaryimage\"},\"thumbnailUrl\":\"https:\\\/\\\/bandagiste-brasseur.be\\\/wp-content\\\/uploads\\\/2019\\\/05\\\/Sorbothane-1.jpg\",\"datePublished\":\"2024-10-14T13:22:17+00:00\",\"breadcrumb\":{\"@id\":\"https:\\\/\\\/bandagiste-brasseur.be\\\/nl\\\/onze-producten\\\/verband-en-orthesen\\\/enkelvoet\\\/hielheffing\\\/sorbothaan\\\/#breadcrumb\"},\"inLanguage\":\"nl-BE\",\"potentialAction\":[{\"@type\":\"ReadAction\",\"target\":[\"https:\\\/\\\/bandagiste-brasseur.be\\\/nl\\\/onze-producten\\\/verband-en-orthesen\\\/enkelvoet\\\/hielheffing\\\/sorbothaan\\\/\"]}]},{\"@type\":\"ImageObject\",\"inLanguage\":\"nl-BE\",\"@id\":\"https:\\\/\\\/bandagiste-brasseur.be\\\/nl\\\/onze-producten\\\/verband-en-orthesen\\\/enkelvoet\\\/hielheffing\\\/sorbothaan\\\/#primaryimage\",\"url\":\"https:\\\/\\\/bandagiste-brasseur.be\\\/wp-content\\\/uploads\\\/2019\\\/05\\\/Sorbothane-1.jpg\",\"contentUrl\":\"https:\\\/\\\/bandagiste-brasseur.be\\\/wp-content\\\/uploads\\\/2019\\\/05\\\/Sorbothane-1.jpg\",\"width\":640,\"height\":640},{\"@type\":\"BreadcrumbList\",\"@id\":\"https:\\\/\\\/bandagiste-brasseur.be\\\/nl\\\/onze-producten\\\/verband-en-orthesen\\\/enkelvoet\\\/hielheffing\\\/sorbothaan\\\/#breadcrumb\",\"itemListElement\":[{\"@type\":\"ListItem\",\"position\":1,\"name\":\"Home\",\"item\":\"https:\\\/\\\/bandagiste-brasseur.be\\\/nl\\\/\"},{\"@type\":\"ListItem\",\"position\":2,\"name\":\"Onze producten\",\"item\":\"https:\\\/\\\/bandagiste-brasseur.be\\\/nl\\\/onze-producten\\\/\"},{\"@type\":\"ListItem\",\"position\":3,\"name\":\"Sorbothaan\"}]},{\"@type\":\"WebSite\",\"@id\":\"https:\\\/\\\/bandagiste-brasseur.be\\\/nl\\\/#website\",\"url\":\"https:\\\/\\\/bandagiste-brasseur.be\\\/nl\\\/\",\"name\":\"Bandagiste Brasseur\",\"description\":\"\",\"publisher\":{\"@id\":\"https:\\\/\\\/bandagiste-brasseur.be\\\/nl\\\/#organization\"},\"potentialAction\":[{\"@type\":\"SearchAction\",\"target\":{\"@type\":\"EntryPoint\",\"urlTemplate\":\"https:\\\/\\\/bandagiste-brasseur.be\\\/nl\\\/?s={search_term_string}\"},\"query-input\":{\"@type\":\"PropertyValueSpecification\",\"valueRequired\":true,\"valueName\":\"search_term_string\"}}],\"inLanguage\":\"nl-BE\"},{\"@type\":\"Organization\",\"@id\":\"https:\\\/\\\/bandagiste-brasseur.be\\\/nl\\\/#organization\",\"name\":\"Bandagiste Brasseur\",\"url\":\"https:\\\/\\\/bandagiste-brasseur.be\\\/nl\\\/\",\"logo\":{\"@type\":\"ImageObject\",\"inLanguage\":\"nl-BE\",\"@id\":\"https:\\\/\\\/bandagiste-brasseur.be\\\/nl\\\/#\\\/schema\\\/logo\\\/image\\\/\",\"url\":\"https:\\\/\\\/bandagiste-brasseur.be\\\/wp-content\\\/uploads\\\/2018\\\/06\\\/Logo-Brasseur.png\",\"contentUrl\":\"https:\\\/\\\/bandagiste-brasseur.be\\\/wp-content\\\/uploads\\\/2018\\\/06\\\/Logo-Brasseur.png\",\"width\":327,\"height\":136,\"caption\":\"Bandagiste Brasseur\"},\"image\":{\"@id\":\"https:\\\/\\\/bandagiste-brasseur.be\\\/nl\\\/#\\\/schema\\\/logo\\\/image\\\/\"}}]}<\/script>\n<!-- \/ Yoast SEO plugin. -->","yoast_head_json":{"title":"Sorbothaan - Brasseur","robots":{"index":"index","follow":"follow","max-snippet":"max-snippet:-1","max-image-preview":"max-image-preview:large","max-video-preview":"max-video-preview:-1"},"canonical":"https:\/\/bandagiste-brasseur.be\/nl\/onze-producten\/verband-en-orthesen\/enkelvoet\/hielheffing\/sorbothaan\/","og_locale":"nl_BE","og_type":"article","og_title":"Sorbothaan - Brasseur","og_description":"Sorbothane\u00ae HEEL PADS: beschermen het belangrijkste punt van impact: de hiel. Sorbothane\u00ae hielkussentjes zijn gemaakt van 100% Sorbothane\u00ae materiaal, een viskeuze vloeistof die toonaangevend is in demping en optimale bescherming biedt ongeacht de intensiteit van de impact. Ze zijn ultralicht en hebben een antibacteri\u00eble coating om onaangename geurtjes tegen te gaan. Bovendien is de onderkant...","og_url":"https:\/\/bandagiste-brasseur.be\/nl\/onze-producten\/verband-en-orthesen\/enkelvoet\/hielheffing\/sorbothaan\/","og_site_name":"Brasseur","og_image":[{"width":640,"height":640,"url":"https:\/\/bandagiste-brasseur.be\/wp-content\/uploads\/2019\/05\/Sorbothane-1.jpg","type":"image\/jpeg"}],"twitter_card":"summary_large_image","twitter_misc":{"Geschatte leestijd":"1 minuut"},"schema":{"@context":"https:\/\/schema.org","@graph":[{"@type":"WebPage","@id":"https:\/\/bandagiste-brasseur.be\/nl\/onze-producten\/verband-en-orthesen\/enkelvoet\/hielheffing\/sorbothaan\/","url":"https:\/\/bandagiste-brasseur.be\/nl\/onze-producten\/verband-en-orthesen\/enkelvoet\/hielheffing\/sorbothaan\/","name":"Sorbothaan - Brasseur","isPartOf":{"@id":"https:\/\/bandagiste-brasseur.be\/nl\/#website"},"primaryImageOfPage":{"@id":"https:\/\/bandagiste-brasseur.be\/nl\/onze-producten\/verband-en-orthesen\/enkelvoet\/hielheffing\/sorbothaan\/#primaryimage"},"image":{"@id":"https:\/\/bandagiste-brasseur.be\/nl\/onze-producten\/verband-en-orthesen\/enkelvoet\/hielheffing\/sorbothaan\/#primaryimage"},"thumbnailUrl":"https:\/\/bandagiste-brasseur.be\/wp-content\/uploads\/2019\/05\/Sorbothane-1.jpg","datePublished":"2024-10-14T13:22:17+00:00","breadcrumb":{"@id":"https:\/\/bandagiste-brasseur.be\/nl\/onze-producten\/verband-en-orthesen\/enkelvoet\/hielheffing\/sorbothaan\/#breadcrumb"},"inLanguage":"nl-BE","potentialAction":[{"@type":"ReadAction","target":["https:\/\/bandagiste-brasseur.be\/nl\/onze-producten\/verband-en-orthesen\/enkelvoet\/hielheffing\/sorbothaan\/"]}]},{"@type":"ImageObject","inLanguage":"nl-BE","@id":"https:\/\/bandagiste-brasseur.be\/nl\/onze-producten\/verband-en-orthesen\/enkelvoet\/hielheffing\/sorbothaan\/#primaryimage","url":"https:\/\/bandagiste-brasseur.be\/wp-content\/uploads\/2019\/05\/Sorbothane-1.jpg","contentUrl":"https:\/\/bandagiste-brasseur.be\/wp-content\/uploads\/2019\/05\/Sorbothane-1.jpg","width":640,"height":640},{"@type":"BreadcrumbList","@id":"https:\/\/bandagiste-brasseur.be\/nl\/onze-producten\/verband-en-orthesen\/enkelvoet\/hielheffing\/sorbothaan\/#breadcrumb","itemListElement":[{"@type":"ListItem","position":1,"name":"Home","item":"https:\/\/bandagiste-brasseur.be\/nl\/"},{"@type":"ListItem","position":2,"name":"Onze producten","item":"https:\/\/bandagiste-brasseur.be\/nl\/onze-producten\/"},{"@type":"ListItem","position":3,"name":"Sorbothaan"}]},{"@type":"WebSite","@id":"https:\/\/bandagiste-brasseur.be\/nl\/#website","url":"https:\/\/bandagiste-brasseur.be\/nl\/","name":"Bandagiste Brasseur","description":"","publisher":{"@id":"https:\/\/bandagiste-brasseur.be\/nl\/#organization"},"potentialAction":[{"@type":"SearchAction","target":{"@type":"EntryPoint","urlTemplate":"https:\/\/bandagiste-brasseur.be\/nl\/?s={search_term_string}"},"query-input":{"@type":"PropertyValueSpecification","valueRequired":true,"valueName":"search_term_string"}}],"inLanguage":"nl-BE"},{"@type":"Organization","@id":"https:\/\/bandagiste-brasseur.be\/nl\/#organization","name":"Bandagiste Brasseur","url":"https:\/\/bandagiste-brasseur.be\/nl\/","logo":{"@type":"ImageObject","inLanguage":"nl-BE","@id":"https:\/\/bandagiste-brasseur.be\/nl\/#\/schema\/logo\/image\/","url":"https:\/\/bandagiste-brasseur.be\/wp-content\/uploads\/2018\/06\/Logo-Brasseur.png","contentUrl":"https:\/\/bandagiste-brasseur.be\/wp-content\/uploads\/2018\/06\/Logo-Brasseur.png","width":327,"height":136,"caption":"Bandagiste Brasseur"},"image":{"@id":"https:\/\/bandagiste-brasseur.be\/nl\/#\/schema\/logo\/image\/"}}]}},"_links":{"self":[{"href":"https:\/\/bandagiste-brasseur.be\/nl\/wp-json\/wp\/v2\/product\/13511","targetHints":{"allow":["GET"]}}],"collection":[{"href":"https:\/\/bandagiste-brasseur.be\/nl\/wp-json\/wp\/v2\/product"}],"about":[{"href":"https:\/\/bandagiste-brasseur.be\/nl\/wp-json\/wp\/v2\/types\/product"}],"replies":[{"embeddable":true,"href":"https:\/\/bandagiste-brasseur.be\/nl\/wp-json\/wp\/v2\/comments?post=13511"}],"wp:featuredmedia":[{"embeddable":true,"href":"https:\/\/bandagiste-brasseur.be\/nl\/wp-json\/wp\/v2\/media\/7474"}],"wp:attachment":[{"href":"https:\/\/bandagiste-brasseur.be\/nl\/wp-json\/wp\/v2\/media?parent=13511"}],"wp:term":[{"taxonomy":"product_brand","embeddable":true,"href":"https:\/\/bandagiste-brasseur.be\/nl\/wp-json\/wp\/v2\/product_brand?post=13511"},{"taxonomy":"product_cat","embeddable":true,"href":"https:\/\/bandagiste-brasseur.be\/nl\/wp-json\/wp\/v2\/product_cat?post=13511"},{"taxonomy":"product_tag","embeddable":true,"href":"https:\/\/bandagiste-brasseur.be\/nl\/wp-json\/wp\/v2\/product_tag?post=13511"}],"curies":[{"name":"wp","href":"https:\/\/api.w.org\/{rel}","templated":true}]}}