{"id":13667,"date":"2019-05-28T14:12:40","date_gmt":"2024-10-14T13:23:27","guid":{"rendered":"https:\/\/bandagiste-brasseur.be\/nos-produits\/niet-gecategoriseerd\/quickie-krypton-f\/"},"modified":"2024-10-14T15:23:27","modified_gmt":"2024-10-14T13:23:27","slug":"quickie-krypton-f","status":"publish","type":"product","link":"https:\/\/bandagiste-brasseur.be\/nl\/onze-producten\/mobiliteitshulpmiddelen\/handbewogen-rolstoelen\/lichtgewicht-actieve-rolstoelen\/quickie-krypton-f\/","title":{"rendered":"Quickie Krypton F"},"content":{"rendered":"<p>Krypton F opvouwbare rolstoel De meest aanpasbare ultralichte carbon rolstoel met opvouwbaar frame op de markt De QUICKIE Krypton F is een ultralichte rolstoel met opvouwbaar frame en een vertrouwd minimalistisch ontwerp. De Krypton maakt gebruik van innovatieve, gepatenteerde carbontechnologie en de lichtste materialen die verkrijgbaar zijn.<br \/>\nHet resultaat is een bijzonder robuuste rolstoel die ook nog eens extreem licht is. Ondanks het carbon frame kan de Krypton F rolstoel perfect worden aangepast aan jouw behoeften.<br \/>\nHierdoor biedt de Krypton indrukwekkende rijprestaties en een snelle, directe reactie met minimale inspanning. Je kunt de Krypton ook voorzien van verschillende opties, zoals een carbon rugleuning voor een betere ondersteuning van de rug.<br \/>\nOf geef hem een stijlvolle look, met een framepatroon of gekleurde voorvorken, wielen of leuningen. Met zijn vele instelmogelijkheden en opties die passen bij jouw levensstijl, het gebruik van de lichtste materialen en het tijdloze ontwerp, geeft de Quickie je de ultieme rijervaring.<br \/>\nGepatenteerde carbontechnologie Hoe maken we rolstoelen die slechts 5,8 kg wegen?<br \/>\nDoor gebruik te maken van innovatieve, gepatenteerde carbontechnologie en de lichtste materialen die verkrijgbaar zijn. Eerst en vooral maakt de Quickie gebruik van gepatenteerde carbontechnologie, waarbij de carbonvezels in het frame naadloos met elkaar zijn verweven. Hierdoor is de Quickie Krypton F lichter, stabieler en gemakkelijker te manoeuvreren dan de meeste aluminium vouwframe rolstoelen. Probeer het en je voelt het verschil&#8230;<br \/>\nEen carbon rolstoel die je altijd kunt afstellen Het ultralichte ontwerp van de Krypton zal zeker indruk op je maken, net als zijn hoge mate van aanpassingsvermogen! De Quickie Krypton F is de enige carbon rolstoel met een opvouwbaar frame dat helemaal op maat kan worden gemaakt en toch verstelbaar blijft. De roleigenschappen kunnen bijvoorbeeld eenvoudig worden aangepast door het zwaartepunt progressief te verstellen. De Krypton F is eenvoudig aan te passen aan je behoeften: pas de hoek van de rugleuning of de zithoogte aan voor een betere positie.<br \/>\nEen ultralichte rolstoel met onge\u00ebvenaarde vouwprestaties De carbon rolstoel kan met \u00e9\u00e9n hand in slechts enkele seconden worden opgevouwen. Dankzij het open frame ontwerp is de dwarsbalk van de Krypton F vlak tegen de zitting geplaatst.<br \/>\nHet gepatenteerde Quickie Locking-systeem vergrendelt de ultralichte rolstoel automatisch wanneer deze is ingeklapt. Om de rolstoel uit te vouwen, druk je gewoon op de hendel van het Quickie Locking System.<br \/>\nCre\u00eber je eigen stijlvolle look, met gekleurde voorvorken en voorwielen De ultralichte voorvorken van Carbotecture zijn verkrijgbaar in vijf stijlvolle kleuren: zilver, blauw, rood, oranje en zwart. Ze kunnen ook worden gecombineerd met gekleurde geanodiseerde voorwielen!<br \/>\nOnderscheid jezelf met een chassisontwerp op je Krypton Om jezelf te onderscheiden met je Krypton, kun je een ontwerp voor je chassis kiezen.    <\/p>\n<p> Het elegante framepatroon is subtiel maar opvallend en past perfect bij het tijdloze ontwerp van je rolstoel. De lasergeleide zwevende stippen zijn verkrijgbaar in zilver, rood en blauw.<\/p>\n<p>Zitbreedte: 320 &#8211; 460 mm Zitdiepte: 340 &#8211; 480 mm Zithoogte voor: 430 &#8211; 550 mm Zithoogte achter: 370 &#8211; 500 mm Hoogte rugleuning: 250 &#8211; 475 mm Totale breedte:<\/p>\n<p>ZB + 170 mm Zithoek: 0 &#8211; 110 mm Rugleuninghoek: -15\u00b0 &#8211; +13\u00b0 Framehoek: 88\u00b0 of 80\u00b0 Frameverstelling: 10 mm Camber: 0\u00b0, 2\u00b0 of 4\u00b0 Max. gebruikersgewicht: 110 kg<br \/>\nGebruiker: 110 kg Productgewicht: 8,3 kg  <\/p>\n","protected":false},"excerpt":{"rendered":"<p>Krypton F opvouwbare rolstoel De meest aanpasbare ultralichte carbon rolstoel met opvouwbaar frame op de markt De QUICKIE Krypton F is een ultralichte rolstoel met opvouwbaar frame en een vertrouwd minimalistisch ontwerp. De Krypton maakt gebruik van innovatieve, gepatenteerde carbontechnologie en de lichtste materialen die verkrijgbaar zijn. Het resultaat is een bijzonder robuuste rolstoel die&#8230;<\/p>\n","protected":false},"featured_media":7765,"comment_status":"closed","ping_status":"closed","template":"","meta":{"_acf_changed":false},"product_brand":[],"product_cat":[343],"product_tag":[],"class_list":{"0":"post-13667","1":"product","2":"type-product","3":"status-publish","4":"has-post-thumbnail","6":"product_cat-lichtgewicht-actieve-rolstoelen","8":"first","9":"instock","10":"shipping-taxable","11":"product-type-simple"},"acf":[],"yoast_head":"<!-- This site is optimized with the Yoast SEO plugin v27.5 - https:\/\/yoast.com\/product\/yoast-seo-wordpress\/ -->\n<title>Quickie Krypton F - Brasseur<\/title>\n<meta name=\"robots\" content=\"index, follow, max-snippet:-1, max-image-preview:large, max-video-preview:-1\" \/>\n<link rel=\"canonical\" href=\"https:\/\/bandagiste-brasseur.be\/nl\/onze-producten\/mobiliteitshulpmiddelen\/handbewogen-rolstoelen\/lichtgewicht-actieve-rolstoelen\/quickie-krypton-f\/\" \/>\n<meta property=\"og:locale\" content=\"nl_BE\" \/>\n<meta property=\"og:type\" content=\"article\" \/>\n<meta property=\"og:title\" content=\"Quickie Krypton F - Brasseur\" \/>\n<meta property=\"og:description\" content=\"Krypton F opvouwbare rolstoel De meest aanpasbare ultralichte carbon rolstoel met opvouwbaar frame op de markt De QUICKIE Krypton F is een ultralichte rolstoel met opvouwbaar frame en een vertrouwd minimalistisch ontwerp. De Krypton maakt gebruik van innovatieve, gepatenteerde carbontechnologie en de lichtste materialen die verkrijgbaar zijn. Het resultaat is een bijzonder robuuste rolstoel die...\" \/>\n<meta property=\"og:url\" content=\"https:\/\/bandagiste-brasseur.be\/nl\/onze-producten\/mobiliteitshulpmiddelen\/handbewogen-rolstoelen\/lichtgewicht-actieve-rolstoelen\/quickie-krypton-f\/\" \/>\n<meta property=\"og:site_name\" content=\"Brasseur\" \/>\n<meta property=\"og:image\" content=\"https:\/\/bandagiste-brasseur.be\/wp-content\/uploads\/2019\/05\/Krypton_F.jpg\" \/>\n\t<meta property=\"og:image:width\" content=\"470\" \/>\n\t<meta property=\"og:image:height\" content=\"522\" \/>\n\t<meta property=\"og:image:type\" content=\"image\/jpeg\" \/>\n<meta name=\"twitter:card\" content=\"summary_large_image\" \/>\n<meta name=\"twitter:label1\" content=\"Geschatte leestijd\" \/>\n\t<meta name=\"twitter:data1\" content=\"3 minuten\" \/>\n<script type=\"application\/ld+json\" class=\"yoast-schema-graph\">{\"@context\":\"https:\\\/\\\/schema.org\",\"@graph\":[{\"@type\":\"WebPage\",\"@id\":\"https:\\\/\\\/bandagiste-brasseur.be\\\/nl\\\/onze-producten\\\/mobiliteitshulpmiddelen\\\/handbewogen-rolstoelen\\\/lichtgewicht-actieve-rolstoelen\\\/quickie-krypton-f\\\/\",\"url\":\"https:\\\/\\\/bandagiste-brasseur.be\\\/nl\\\/onze-producten\\\/mobiliteitshulpmiddelen\\\/handbewogen-rolstoelen\\\/lichtgewicht-actieve-rolstoelen\\\/quickie-krypton-f\\\/\",\"name\":\"Quickie Krypton F - Brasseur\",\"isPartOf\":{\"@id\":\"https:\\\/\\\/bandagiste-brasseur.be\\\/nl\\\/#website\"},\"primaryImageOfPage\":{\"@id\":\"https:\\\/\\\/bandagiste-brasseur.be\\\/nl\\\/onze-producten\\\/mobiliteitshulpmiddelen\\\/handbewogen-rolstoelen\\\/lichtgewicht-actieve-rolstoelen\\\/quickie-krypton-f\\\/#primaryimage\"},\"image\":{\"@id\":\"https:\\\/\\\/bandagiste-brasseur.be\\\/nl\\\/onze-producten\\\/mobiliteitshulpmiddelen\\\/handbewogen-rolstoelen\\\/lichtgewicht-actieve-rolstoelen\\\/quickie-krypton-f\\\/#primaryimage\"},\"thumbnailUrl\":\"https:\\\/\\\/bandagiste-brasseur.be\\\/wp-content\\\/uploads\\\/2019\\\/05\\\/Krypton_F.jpg\",\"datePublished\":\"2024-10-14T13:23:27+00:00\",\"breadcrumb\":{\"@id\":\"https:\\\/\\\/bandagiste-brasseur.be\\\/nl\\\/onze-producten\\\/mobiliteitshulpmiddelen\\\/handbewogen-rolstoelen\\\/lichtgewicht-actieve-rolstoelen\\\/quickie-krypton-f\\\/#breadcrumb\"},\"inLanguage\":\"nl-BE\",\"potentialAction\":[{\"@type\":\"ReadAction\",\"target\":[\"https:\\\/\\\/bandagiste-brasseur.be\\\/nl\\\/onze-producten\\\/mobiliteitshulpmiddelen\\\/handbewogen-rolstoelen\\\/lichtgewicht-actieve-rolstoelen\\\/quickie-krypton-f\\\/\"]}]},{\"@type\":\"ImageObject\",\"inLanguage\":\"nl-BE\",\"@id\":\"https:\\\/\\\/bandagiste-brasseur.be\\\/nl\\\/onze-producten\\\/mobiliteitshulpmiddelen\\\/handbewogen-rolstoelen\\\/lichtgewicht-actieve-rolstoelen\\\/quickie-krypton-f\\\/#primaryimage\",\"url\":\"https:\\\/\\\/bandagiste-brasseur.be\\\/wp-content\\\/uploads\\\/2019\\\/05\\\/Krypton_F.jpg\",\"contentUrl\":\"https:\\\/\\\/bandagiste-brasseur.be\\\/wp-content\\\/uploads\\\/2019\\\/05\\\/Krypton_F.jpg\",\"width\":470,\"height\":522},{\"@type\":\"BreadcrumbList\",\"@id\":\"https:\\\/\\\/bandagiste-brasseur.be\\\/nl\\\/onze-producten\\\/mobiliteitshulpmiddelen\\\/handbewogen-rolstoelen\\\/lichtgewicht-actieve-rolstoelen\\\/quickie-krypton-f\\\/#breadcrumb\",\"itemListElement\":[{\"@type\":\"ListItem\",\"position\":1,\"name\":\"Home\",\"item\":\"https:\\\/\\\/bandagiste-brasseur.be\\\/nl\\\/\"},{\"@type\":\"ListItem\",\"position\":2,\"name\":\"Onze producten\",\"item\":\"https:\\\/\\\/bandagiste-brasseur.be\\\/nl\\\/onze-producten\\\/\"},{\"@type\":\"ListItem\",\"position\":3,\"name\":\"Quickie Krypton F\"}]},{\"@type\":\"WebSite\",\"@id\":\"https:\\\/\\\/bandagiste-brasseur.be\\\/nl\\\/#website\",\"url\":\"https:\\\/\\\/bandagiste-brasseur.be\\\/nl\\\/\",\"name\":\"Bandagiste Brasseur\",\"description\":\"\",\"publisher\":{\"@id\":\"https:\\\/\\\/bandagiste-brasseur.be\\\/nl\\\/#organization\"},\"potentialAction\":[{\"@type\":\"SearchAction\",\"target\":{\"@type\":\"EntryPoint\",\"urlTemplate\":\"https:\\\/\\\/bandagiste-brasseur.be\\\/nl\\\/?s={search_term_string}\"},\"query-input\":{\"@type\":\"PropertyValueSpecification\",\"valueRequired\":true,\"valueName\":\"search_term_string\"}}],\"inLanguage\":\"nl-BE\"},{\"@type\":\"Organization\",\"@id\":\"https:\\\/\\\/bandagiste-brasseur.be\\\/nl\\\/#organization\",\"name\":\"Bandagiste Brasseur\",\"url\":\"https:\\\/\\\/bandagiste-brasseur.be\\\/nl\\\/\",\"logo\":{\"@type\":\"ImageObject\",\"inLanguage\":\"nl-BE\",\"@id\":\"https:\\\/\\\/bandagiste-brasseur.be\\\/nl\\\/#\\\/schema\\\/logo\\\/image\\\/\",\"url\":\"https:\\\/\\\/bandagiste-brasseur.be\\\/wp-content\\\/uploads\\\/2018\\\/06\\\/Logo-Brasseur.png\",\"contentUrl\":\"https:\\\/\\\/bandagiste-brasseur.be\\\/wp-content\\\/uploads\\\/2018\\\/06\\\/Logo-Brasseur.png\",\"width\":327,\"height\":136,\"caption\":\"Bandagiste Brasseur\"},\"image\":{\"@id\":\"https:\\\/\\\/bandagiste-brasseur.be\\\/nl\\\/#\\\/schema\\\/logo\\\/image\\\/\"}}]}<\/script>\n<!-- \/ Yoast SEO plugin. -->","yoast_head_json":{"title":"Quickie Krypton F - Brasseur","robots":{"index":"index","follow":"follow","max-snippet":"max-snippet:-1","max-image-preview":"max-image-preview:large","max-video-preview":"max-video-preview:-1"},"canonical":"https:\/\/bandagiste-brasseur.be\/nl\/onze-producten\/mobiliteitshulpmiddelen\/handbewogen-rolstoelen\/lichtgewicht-actieve-rolstoelen\/quickie-krypton-f\/","og_locale":"nl_BE","og_type":"article","og_title":"Quickie Krypton F - Brasseur","og_description":"Krypton F opvouwbare rolstoel De meest aanpasbare ultralichte carbon rolstoel met opvouwbaar frame op de markt De QUICKIE Krypton F is een ultralichte rolstoel met opvouwbaar frame en een vertrouwd minimalistisch ontwerp. De Krypton maakt gebruik van innovatieve, gepatenteerde carbontechnologie en de lichtste materialen die verkrijgbaar zijn. Het resultaat is een bijzonder robuuste rolstoel die...","og_url":"https:\/\/bandagiste-brasseur.be\/nl\/onze-producten\/mobiliteitshulpmiddelen\/handbewogen-rolstoelen\/lichtgewicht-actieve-rolstoelen\/quickie-krypton-f\/","og_site_name":"Brasseur","og_image":[{"width":470,"height":522,"url":"https:\/\/bandagiste-brasseur.be\/wp-content\/uploads\/2019\/05\/Krypton_F.jpg","type":"image\/jpeg"}],"twitter_card":"summary_large_image","twitter_misc":{"Geschatte leestijd":"3 minuten"},"schema":{"@context":"https:\/\/schema.org","@graph":[{"@type":"WebPage","@id":"https:\/\/bandagiste-brasseur.be\/nl\/onze-producten\/mobiliteitshulpmiddelen\/handbewogen-rolstoelen\/lichtgewicht-actieve-rolstoelen\/quickie-krypton-f\/","url":"https:\/\/bandagiste-brasseur.be\/nl\/onze-producten\/mobiliteitshulpmiddelen\/handbewogen-rolstoelen\/lichtgewicht-actieve-rolstoelen\/quickie-krypton-f\/","name":"Quickie Krypton F - Brasseur","isPartOf":{"@id":"https:\/\/bandagiste-brasseur.be\/nl\/#website"},"primaryImageOfPage":{"@id":"https:\/\/bandagiste-brasseur.be\/nl\/onze-producten\/mobiliteitshulpmiddelen\/handbewogen-rolstoelen\/lichtgewicht-actieve-rolstoelen\/quickie-krypton-f\/#primaryimage"},"image":{"@id":"https:\/\/bandagiste-brasseur.be\/nl\/onze-producten\/mobiliteitshulpmiddelen\/handbewogen-rolstoelen\/lichtgewicht-actieve-rolstoelen\/quickie-krypton-f\/#primaryimage"},"thumbnailUrl":"https:\/\/bandagiste-brasseur.be\/wp-content\/uploads\/2019\/05\/Krypton_F.jpg","datePublished":"2024-10-14T13:23:27+00:00","breadcrumb":{"@id":"https:\/\/bandagiste-brasseur.be\/nl\/onze-producten\/mobiliteitshulpmiddelen\/handbewogen-rolstoelen\/lichtgewicht-actieve-rolstoelen\/quickie-krypton-f\/#breadcrumb"},"inLanguage":"nl-BE","potentialAction":[{"@type":"ReadAction","target":["https:\/\/bandagiste-brasseur.be\/nl\/onze-producten\/mobiliteitshulpmiddelen\/handbewogen-rolstoelen\/lichtgewicht-actieve-rolstoelen\/quickie-krypton-f\/"]}]},{"@type":"ImageObject","inLanguage":"nl-BE","@id":"https:\/\/bandagiste-brasseur.be\/nl\/onze-producten\/mobiliteitshulpmiddelen\/handbewogen-rolstoelen\/lichtgewicht-actieve-rolstoelen\/quickie-krypton-f\/#primaryimage","url":"https:\/\/bandagiste-brasseur.be\/wp-content\/uploads\/2019\/05\/Krypton_F.jpg","contentUrl":"https:\/\/bandagiste-brasseur.be\/wp-content\/uploads\/2019\/05\/Krypton_F.jpg","width":470,"height":522},{"@type":"BreadcrumbList","@id":"https:\/\/bandagiste-brasseur.be\/nl\/onze-producten\/mobiliteitshulpmiddelen\/handbewogen-rolstoelen\/lichtgewicht-actieve-rolstoelen\/quickie-krypton-f\/#breadcrumb","itemListElement":[{"@type":"ListItem","position":1,"name":"Home","item":"https:\/\/bandagiste-brasseur.be\/nl\/"},{"@type":"ListItem","position":2,"name":"Onze producten","item":"https:\/\/bandagiste-brasseur.be\/nl\/onze-producten\/"},{"@type":"ListItem","position":3,"name":"Quickie Krypton F"}]},{"@type":"WebSite","@id":"https:\/\/bandagiste-brasseur.be\/nl\/#website","url":"https:\/\/bandagiste-brasseur.be\/nl\/","name":"Bandagiste Brasseur","description":"","publisher":{"@id":"https:\/\/bandagiste-brasseur.be\/nl\/#organization"},"potentialAction":[{"@type":"SearchAction","target":{"@type":"EntryPoint","urlTemplate":"https:\/\/bandagiste-brasseur.be\/nl\/?s={search_term_string}"},"query-input":{"@type":"PropertyValueSpecification","valueRequired":true,"valueName":"search_term_string"}}],"inLanguage":"nl-BE"},{"@type":"Organization","@id":"https:\/\/bandagiste-brasseur.be\/nl\/#organization","name":"Bandagiste Brasseur","url":"https:\/\/bandagiste-brasseur.be\/nl\/","logo":{"@type":"ImageObject","inLanguage":"nl-BE","@id":"https:\/\/bandagiste-brasseur.be\/nl\/#\/schema\/logo\/image\/","url":"https:\/\/bandagiste-brasseur.be\/wp-content\/uploads\/2018\/06\/Logo-Brasseur.png","contentUrl":"https:\/\/bandagiste-brasseur.be\/wp-content\/uploads\/2018\/06\/Logo-Brasseur.png","width":327,"height":136,"caption":"Bandagiste Brasseur"},"image":{"@id":"https:\/\/bandagiste-brasseur.be\/nl\/#\/schema\/logo\/image\/"}}]}},"_links":{"self":[{"href":"https:\/\/bandagiste-brasseur.be\/nl\/wp-json\/wp\/v2\/product\/13667","targetHints":{"allow":["GET"]}}],"collection":[{"href":"https:\/\/bandagiste-brasseur.be\/nl\/wp-json\/wp\/v2\/product"}],"about":[{"href":"https:\/\/bandagiste-brasseur.be\/nl\/wp-json\/wp\/v2\/types\/product"}],"replies":[{"embeddable":true,"href":"https:\/\/bandagiste-brasseur.be\/nl\/wp-json\/wp\/v2\/comments?post=13667"}],"wp:featuredmedia":[{"embeddable":true,"href":"https:\/\/bandagiste-brasseur.be\/nl\/wp-json\/wp\/v2\/media\/7765"}],"wp:attachment":[{"href":"https:\/\/bandagiste-brasseur.be\/nl\/wp-json\/wp\/v2\/media?parent=13667"}],"wp:term":[{"taxonomy":"product_brand","embeddable":true,"href":"https:\/\/bandagiste-brasseur.be\/nl\/wp-json\/wp\/v2\/product_brand?post=13667"},{"taxonomy":"product_cat","embeddable":true,"href":"https:\/\/bandagiste-brasseur.be\/nl\/wp-json\/wp\/v2\/product_cat?post=13667"},{"taxonomy":"product_tag","embeddable":true,"href":"https:\/\/bandagiste-brasseur.be\/nl\/wp-json\/wp\/v2\/product_tag?post=13667"}],"curies":[{"name":"wp","href":"https:\/\/api.w.org\/{rel}","templated":true}]}}