{"id":13673,"date":"2019-05-28T14:12:40","date_gmt":"2024-10-14T13:23:30","guid":{"rendered":"https:\/\/bandagiste-brasseur.be\/nos-produits\/niet-gecategoriseerd\/eclips-xxl\/"},"modified":"2024-10-14T15:23:30","modified_gmt":"2024-10-14T13:23:30","slug":"eclips-xxl","status":"publish","type":"product","link":"https:\/\/bandagiste-brasseur.be\/nl\/onze-producten\/mobiliteitshulpmiddelen\/handbewogen-rolstoelen\/xxl-fauteuils\/eclips-xxl\/","title":{"rendered":"Eclips XXL"},"content":{"rendered":"<p>Eclips XXL Grote maten Opklapbare aluminium stoel met dubbele rugleuning Het XXL-team biedt origineel comfort dankzij de anatomische zitting en rugleuning.<\/p>\n<p>Uitgerust met versterkte achterwielen kan deze stoel een maximaal gewicht van 200 kg dragen Gemakkelijk verplaatsen dankzij het uit \u00e9\u00e9n stuk opklapbare aluminium pallet &#8211; Anatomische zitting en rugleuning &#8211; Verstelbare hielriem en uit \u00e9\u00e9n stuk opklapbaar pallet &#8211; Trommelremmen &#8211; Kantelbeveiliging &#8211; Versterkte kledingbeschermer<\/p>\n","protected":false},"excerpt":{"rendered":"<p>Eclips XXL Grote maten Opklapbare aluminium stoel met dubbele rugleuning Het XXL-team biedt origineel comfort dankzij de anatomische zitting en rugleuning. Uitgerust met versterkte achterwielen kan deze stoel een maximaal gewicht van 200 kg dragen Gemakkelijk verplaatsen dankzij het uit \u00e9\u00e9n stuk opklapbare aluminium pallet &#8211; Anatomische zitting en rugleuning &#8211; Verstelbare hielriem en uit&#8230;<\/p>\n","protected":false},"featured_media":7846,"comment_status":"closed","ping_status":"closed","template":"","meta":{"_acf_changed":false},"product_brand":[],"product_cat":[354],"product_tag":[],"class_list":{"0":"post-13673","1":"product","2":"type-product","3":"status-publish","4":"has-post-thumbnail","6":"product_cat-xxl-fauteuils","8":"first","9":"instock","10":"shipping-taxable","11":"product-type-simple"},"acf":[],"yoast_head":"<!-- This site is optimized with the Yoast SEO plugin v27.5 - https:\/\/yoast.com\/product\/yoast-seo-wordpress\/ -->\n<title>Eclips XXL - Brasseur<\/title>\n<meta name=\"robots\" content=\"index, follow, max-snippet:-1, max-image-preview:large, max-video-preview:-1\" \/>\n<link rel=\"canonical\" href=\"https:\/\/bandagiste-brasseur.be\/nl\/onze-producten\/mobiliteitshulpmiddelen\/handbewogen-rolstoelen\/xxl-fauteuils\/eclips-xxl\/\" \/>\n<meta property=\"og:locale\" content=\"nl_BE\" \/>\n<meta property=\"og:type\" content=\"article\" \/>\n<meta property=\"og:title\" content=\"Eclips XXL - Brasseur\" \/>\n<meta property=\"og:description\" content=\"Eclips XXL Grote maten Opklapbare aluminium stoel met dubbele rugleuning Het XXL-team biedt origineel comfort dankzij de anatomische zitting en rugleuning. Uitgerust met versterkte achterwielen kan deze stoel een maximaal gewicht van 200 kg dragen Gemakkelijk verplaatsen dankzij het uit \u00e9\u00e9n stuk opklapbare aluminium pallet &#8211; Anatomische zitting en rugleuning &#8211; Verstelbare hielriem en uit...\" \/>\n<meta property=\"og:url\" content=\"https:\/\/bandagiste-brasseur.be\/nl\/onze-producten\/mobiliteitshulpmiddelen\/handbewogen-rolstoelen\/xxl-fauteuils\/eclips-xxl\/\" \/>\n<meta property=\"og:site_name\" content=\"Brasseur\" \/>\n<meta property=\"og:image\" content=\"https:\/\/bandagiste-brasseur.be\/wp-content\/uploads\/2019\/05\/Eclips_XXL.jpg\" \/>\n\t<meta property=\"og:image:width\" content=\"403\" \/>\n\t<meta property=\"og:image:height\" content=\"334\" \/>\n\t<meta property=\"og:image:type\" content=\"image\/jpeg\" \/>\n<meta name=\"twitter:card\" content=\"summary_large_image\" \/>\n<script type=\"application\/ld+json\" class=\"yoast-schema-graph\">{\"@context\":\"https:\\\/\\\/schema.org\",\"@graph\":[{\"@type\":\"WebPage\",\"@id\":\"https:\\\/\\\/bandagiste-brasseur.be\\\/nl\\\/onze-producten\\\/mobiliteitshulpmiddelen\\\/handbewogen-rolstoelen\\\/xxl-fauteuils\\\/eclips-xxl\\\/\",\"url\":\"https:\\\/\\\/bandagiste-brasseur.be\\\/nl\\\/onze-producten\\\/mobiliteitshulpmiddelen\\\/handbewogen-rolstoelen\\\/xxl-fauteuils\\\/eclips-xxl\\\/\",\"name\":\"Eclips XXL - Brasseur\",\"isPartOf\":{\"@id\":\"https:\\\/\\\/bandagiste-brasseur.be\\\/nl\\\/#website\"},\"primaryImageOfPage\":{\"@id\":\"https:\\\/\\\/bandagiste-brasseur.be\\\/nl\\\/onze-producten\\\/mobiliteitshulpmiddelen\\\/handbewogen-rolstoelen\\\/xxl-fauteuils\\\/eclips-xxl\\\/#primaryimage\"},\"image\":{\"@id\":\"https:\\\/\\\/bandagiste-brasseur.be\\\/nl\\\/onze-producten\\\/mobiliteitshulpmiddelen\\\/handbewogen-rolstoelen\\\/xxl-fauteuils\\\/eclips-xxl\\\/#primaryimage\"},\"thumbnailUrl\":\"https:\\\/\\\/bandagiste-brasseur.be\\\/wp-content\\\/uploads\\\/2019\\\/05\\\/Eclips_XXL.jpg\",\"datePublished\":\"2024-10-14T13:23:30+00:00\",\"breadcrumb\":{\"@id\":\"https:\\\/\\\/bandagiste-brasseur.be\\\/nl\\\/onze-producten\\\/mobiliteitshulpmiddelen\\\/handbewogen-rolstoelen\\\/xxl-fauteuils\\\/eclips-xxl\\\/#breadcrumb\"},\"inLanguage\":\"nl-BE\",\"potentialAction\":[{\"@type\":\"ReadAction\",\"target\":[\"https:\\\/\\\/bandagiste-brasseur.be\\\/nl\\\/onze-producten\\\/mobiliteitshulpmiddelen\\\/handbewogen-rolstoelen\\\/xxl-fauteuils\\\/eclips-xxl\\\/\"]}]},{\"@type\":\"ImageObject\",\"inLanguage\":\"nl-BE\",\"@id\":\"https:\\\/\\\/bandagiste-brasseur.be\\\/nl\\\/onze-producten\\\/mobiliteitshulpmiddelen\\\/handbewogen-rolstoelen\\\/xxl-fauteuils\\\/eclips-xxl\\\/#primaryimage\",\"url\":\"https:\\\/\\\/bandagiste-brasseur.be\\\/wp-content\\\/uploads\\\/2019\\\/05\\\/Eclips_XXL.jpg\",\"contentUrl\":\"https:\\\/\\\/bandagiste-brasseur.be\\\/wp-content\\\/uploads\\\/2019\\\/05\\\/Eclips_XXL.jpg\",\"width\":403,\"height\":334},{\"@type\":\"BreadcrumbList\",\"@id\":\"https:\\\/\\\/bandagiste-brasseur.be\\\/nl\\\/onze-producten\\\/mobiliteitshulpmiddelen\\\/handbewogen-rolstoelen\\\/xxl-fauteuils\\\/eclips-xxl\\\/#breadcrumb\",\"itemListElement\":[{\"@type\":\"ListItem\",\"position\":1,\"name\":\"Home\",\"item\":\"https:\\\/\\\/bandagiste-brasseur.be\\\/nl\\\/\"},{\"@type\":\"ListItem\",\"position\":2,\"name\":\"Onze producten\",\"item\":\"https:\\\/\\\/bandagiste-brasseur.be\\\/nl\\\/onze-producten\\\/\"},{\"@type\":\"ListItem\",\"position\":3,\"name\":\"Eclips XXL\"}]},{\"@type\":\"WebSite\",\"@id\":\"https:\\\/\\\/bandagiste-brasseur.be\\\/nl\\\/#website\",\"url\":\"https:\\\/\\\/bandagiste-brasseur.be\\\/nl\\\/\",\"name\":\"Bandagiste Brasseur\",\"description\":\"\",\"publisher\":{\"@id\":\"https:\\\/\\\/bandagiste-brasseur.be\\\/nl\\\/#organization\"},\"potentialAction\":[{\"@type\":\"SearchAction\",\"target\":{\"@type\":\"EntryPoint\",\"urlTemplate\":\"https:\\\/\\\/bandagiste-brasseur.be\\\/nl\\\/?s={search_term_string}\"},\"query-input\":{\"@type\":\"PropertyValueSpecification\",\"valueRequired\":true,\"valueName\":\"search_term_string\"}}],\"inLanguage\":\"nl-BE\"},{\"@type\":\"Organization\",\"@id\":\"https:\\\/\\\/bandagiste-brasseur.be\\\/nl\\\/#organization\",\"name\":\"Bandagiste Brasseur\",\"url\":\"https:\\\/\\\/bandagiste-brasseur.be\\\/nl\\\/\",\"logo\":{\"@type\":\"ImageObject\",\"inLanguage\":\"nl-BE\",\"@id\":\"https:\\\/\\\/bandagiste-brasseur.be\\\/nl\\\/#\\\/schema\\\/logo\\\/image\\\/\",\"url\":\"https:\\\/\\\/bandagiste-brasseur.be\\\/wp-content\\\/uploads\\\/2018\\\/06\\\/Logo-Brasseur.png\",\"contentUrl\":\"https:\\\/\\\/bandagiste-brasseur.be\\\/wp-content\\\/uploads\\\/2018\\\/06\\\/Logo-Brasseur.png\",\"width\":327,\"height\":136,\"caption\":\"Bandagiste Brasseur\"},\"image\":{\"@id\":\"https:\\\/\\\/bandagiste-brasseur.be\\\/nl\\\/#\\\/schema\\\/logo\\\/image\\\/\"}}]}<\/script>\n<!-- \/ Yoast SEO plugin. -->","yoast_head_json":{"title":"Eclips XXL - Brasseur","robots":{"index":"index","follow":"follow","max-snippet":"max-snippet:-1","max-image-preview":"max-image-preview:large","max-video-preview":"max-video-preview:-1"},"canonical":"https:\/\/bandagiste-brasseur.be\/nl\/onze-producten\/mobiliteitshulpmiddelen\/handbewogen-rolstoelen\/xxl-fauteuils\/eclips-xxl\/","og_locale":"nl_BE","og_type":"article","og_title":"Eclips XXL - Brasseur","og_description":"Eclips XXL Grote maten Opklapbare aluminium stoel met dubbele rugleuning Het XXL-team biedt origineel comfort dankzij de anatomische zitting en rugleuning. Uitgerust met versterkte achterwielen kan deze stoel een maximaal gewicht van 200 kg dragen Gemakkelijk verplaatsen dankzij het uit \u00e9\u00e9n stuk opklapbare aluminium pallet &#8211; Anatomische zitting en rugleuning &#8211; Verstelbare hielriem en uit...","og_url":"https:\/\/bandagiste-brasseur.be\/nl\/onze-producten\/mobiliteitshulpmiddelen\/handbewogen-rolstoelen\/xxl-fauteuils\/eclips-xxl\/","og_site_name":"Brasseur","og_image":[{"width":403,"height":334,"url":"https:\/\/bandagiste-brasseur.be\/wp-content\/uploads\/2019\/05\/Eclips_XXL.jpg","type":"image\/jpeg"}],"twitter_card":"summary_large_image","schema":{"@context":"https:\/\/schema.org","@graph":[{"@type":"WebPage","@id":"https:\/\/bandagiste-brasseur.be\/nl\/onze-producten\/mobiliteitshulpmiddelen\/handbewogen-rolstoelen\/xxl-fauteuils\/eclips-xxl\/","url":"https:\/\/bandagiste-brasseur.be\/nl\/onze-producten\/mobiliteitshulpmiddelen\/handbewogen-rolstoelen\/xxl-fauteuils\/eclips-xxl\/","name":"Eclips XXL - Brasseur","isPartOf":{"@id":"https:\/\/bandagiste-brasseur.be\/nl\/#website"},"primaryImageOfPage":{"@id":"https:\/\/bandagiste-brasseur.be\/nl\/onze-producten\/mobiliteitshulpmiddelen\/handbewogen-rolstoelen\/xxl-fauteuils\/eclips-xxl\/#primaryimage"},"image":{"@id":"https:\/\/bandagiste-brasseur.be\/nl\/onze-producten\/mobiliteitshulpmiddelen\/handbewogen-rolstoelen\/xxl-fauteuils\/eclips-xxl\/#primaryimage"},"thumbnailUrl":"https:\/\/bandagiste-brasseur.be\/wp-content\/uploads\/2019\/05\/Eclips_XXL.jpg","datePublished":"2024-10-14T13:23:30+00:00","breadcrumb":{"@id":"https:\/\/bandagiste-brasseur.be\/nl\/onze-producten\/mobiliteitshulpmiddelen\/handbewogen-rolstoelen\/xxl-fauteuils\/eclips-xxl\/#breadcrumb"},"inLanguage":"nl-BE","potentialAction":[{"@type":"ReadAction","target":["https:\/\/bandagiste-brasseur.be\/nl\/onze-producten\/mobiliteitshulpmiddelen\/handbewogen-rolstoelen\/xxl-fauteuils\/eclips-xxl\/"]}]},{"@type":"ImageObject","inLanguage":"nl-BE","@id":"https:\/\/bandagiste-brasseur.be\/nl\/onze-producten\/mobiliteitshulpmiddelen\/handbewogen-rolstoelen\/xxl-fauteuils\/eclips-xxl\/#primaryimage","url":"https:\/\/bandagiste-brasseur.be\/wp-content\/uploads\/2019\/05\/Eclips_XXL.jpg","contentUrl":"https:\/\/bandagiste-brasseur.be\/wp-content\/uploads\/2019\/05\/Eclips_XXL.jpg","width":403,"height":334},{"@type":"BreadcrumbList","@id":"https:\/\/bandagiste-brasseur.be\/nl\/onze-producten\/mobiliteitshulpmiddelen\/handbewogen-rolstoelen\/xxl-fauteuils\/eclips-xxl\/#breadcrumb","itemListElement":[{"@type":"ListItem","position":1,"name":"Home","item":"https:\/\/bandagiste-brasseur.be\/nl\/"},{"@type":"ListItem","position":2,"name":"Onze producten","item":"https:\/\/bandagiste-brasseur.be\/nl\/onze-producten\/"},{"@type":"ListItem","position":3,"name":"Eclips XXL"}]},{"@type":"WebSite","@id":"https:\/\/bandagiste-brasseur.be\/nl\/#website","url":"https:\/\/bandagiste-brasseur.be\/nl\/","name":"Bandagiste Brasseur","description":"","publisher":{"@id":"https:\/\/bandagiste-brasseur.be\/nl\/#organization"},"potentialAction":[{"@type":"SearchAction","target":{"@type":"EntryPoint","urlTemplate":"https:\/\/bandagiste-brasseur.be\/nl\/?s={search_term_string}"},"query-input":{"@type":"PropertyValueSpecification","valueRequired":true,"valueName":"search_term_string"}}],"inLanguage":"nl-BE"},{"@type":"Organization","@id":"https:\/\/bandagiste-brasseur.be\/nl\/#organization","name":"Bandagiste Brasseur","url":"https:\/\/bandagiste-brasseur.be\/nl\/","logo":{"@type":"ImageObject","inLanguage":"nl-BE","@id":"https:\/\/bandagiste-brasseur.be\/nl\/#\/schema\/logo\/image\/","url":"https:\/\/bandagiste-brasseur.be\/wp-content\/uploads\/2018\/06\/Logo-Brasseur.png","contentUrl":"https:\/\/bandagiste-brasseur.be\/wp-content\/uploads\/2018\/06\/Logo-Brasseur.png","width":327,"height":136,"caption":"Bandagiste Brasseur"},"image":{"@id":"https:\/\/bandagiste-brasseur.be\/nl\/#\/schema\/logo\/image\/"}}]}},"_links":{"self":[{"href":"https:\/\/bandagiste-brasseur.be\/nl\/wp-json\/wp\/v2\/product\/13673","targetHints":{"allow":["GET"]}}],"collection":[{"href":"https:\/\/bandagiste-brasseur.be\/nl\/wp-json\/wp\/v2\/product"}],"about":[{"href":"https:\/\/bandagiste-brasseur.be\/nl\/wp-json\/wp\/v2\/types\/product"}],"replies":[{"embeddable":true,"href":"https:\/\/bandagiste-brasseur.be\/nl\/wp-json\/wp\/v2\/comments?post=13673"}],"wp:featuredmedia":[{"embeddable":true,"href":"https:\/\/bandagiste-brasseur.be\/nl\/wp-json\/wp\/v2\/media\/7846"}],"wp:attachment":[{"href":"https:\/\/bandagiste-brasseur.be\/nl\/wp-json\/wp\/v2\/media?parent=13673"}],"wp:term":[{"taxonomy":"product_brand","embeddable":true,"href":"https:\/\/bandagiste-brasseur.be\/nl\/wp-json\/wp\/v2\/product_brand?post=13673"},{"taxonomy":"product_cat","embeddable":true,"href":"https:\/\/bandagiste-brasseur.be\/nl\/wp-json\/wp\/v2\/product_cat?post=13673"},{"taxonomy":"product_tag","embeddable":true,"href":"https:\/\/bandagiste-brasseur.be\/nl\/wp-json\/wp\/v2\/product_tag?post=13673"}],"curies":[{"name":"wp","href":"https:\/\/api.w.org\/{rel}","templated":true}]}}