{"id":13857,"date":"2019-05-28T14:12:34","date_gmt":"2024-10-14T13:24:58","guid":{"rendered":"https:\/\/bandagiste-brasseur.be\/nos-produits\/niet-gecategoriseerd\/vilgo-90h\/"},"modified":"2024-10-14T15:24:58","modified_gmt":"2024-10-14T13:24:58","slug":"vilgo-90h","status":"publish","type":"product","link":"https:\/\/bandagiste-brasseur.be\/nl\/onze-producten\/mobiliteitshulpmiddelen\/stokken-en-krukken\/houten-wandelstokken\/vilgo-90h\/","title":{"rendered":"Vilgo 90H"},"content":{"rendered":"<p>Gelakte houten wandelstok, gebogen handvat 90 H: herenmodel Technische beschrijving &#8211; Conische beukenhouten stok Afwerking: bruine lak &#8211; Metalen huls, lengte 17 mm, afwerking: vernikkeld staal &#8211; Gebogen ABS handvat (M8 draadstang inzetstuk &#8211; L=140 mm) &#8211; Tip Basis 28 &#8211; \u00d8 int.<\/p>\n<p>18 mm Afmetingen (mm) 90 H : Hoogte* : 960 mm Basis : \u00d8 21 mm (handgreep) &#8211; \u00d8 19 mm (eindkap) Handgreep \u00d8 21 mm Productgewicht : 0,33 kg <\/p>\n","protected":false},"excerpt":{"rendered":"<p>Gelakte houten wandelstok, gebogen handvat 90 H: herenmodel Technische beschrijving &#8211; Conische beukenhouten stok Afwerking: bruine lak &#8211; Metalen huls, lengte 17 mm, afwerking: vernikkeld staal &#8211; Gebogen ABS handvat (M8 draadstang inzetstuk &#8211; L=140 mm) &#8211; Tip Basis 28 &#8211; \u00d8 int. 18 mm Afmetingen (mm) 90 H : Hoogte* : 960 mm Basis&#8230;<\/p>\n","protected":false},"featured_media":8167,"comment_status":"closed","ping_status":"closed","template":"","meta":{"_acf_changed":false},"product_brand":[],"product_cat":[380],"product_tag":[],"class_list":{"0":"post-13857","1":"product","2":"type-product","3":"status-publish","4":"has-post-thumbnail","6":"product_cat-houten-wandelstokken","8":"first","9":"instock","10":"shipping-taxable","11":"product-type-simple"},"acf":[],"yoast_head":"<!-- This site is optimized with the Yoast SEO plugin v27.5 - https:\/\/yoast.com\/product\/yoast-seo-wordpress\/ -->\n<title>Vilgo 90H - Brasseur<\/title>\n<meta name=\"robots\" content=\"index, follow, max-snippet:-1, max-image-preview:large, max-video-preview:-1\" \/>\n<link rel=\"canonical\" href=\"https:\/\/bandagiste-brasseur.be\/nl\/onze-producten\/mobiliteitshulpmiddelen\/stokken-en-krukken\/houten-wandelstokken\/vilgo-90h\/\" \/>\n<meta property=\"og:locale\" content=\"nl_BE\" \/>\n<meta property=\"og:type\" content=\"article\" \/>\n<meta property=\"og:title\" content=\"Vilgo 90H - Brasseur\" \/>\n<meta property=\"og:description\" content=\"Gelakte houten wandelstok, gebogen handvat 90 H: herenmodel Technische beschrijving &#8211; Conische beukenhouten stok Afwerking: bruine lak &#8211; Metalen huls, lengte 17 mm, afwerking: vernikkeld staal &#8211; Gebogen ABS handvat (M8 draadstang inzetstuk &#8211; L=140 mm) &#8211; Tip Basis 28 &#8211; \u00d8 int. 18 mm Afmetingen (mm) 90 H : Hoogte* : 960 mm Basis...\" \/>\n<meta property=\"og:url\" content=\"https:\/\/bandagiste-brasseur.be\/nl\/onze-producten\/mobiliteitshulpmiddelen\/stokken-en-krukken\/houten-wandelstokken\/vilgo-90h\/\" \/>\n<meta property=\"og:site_name\" content=\"Brasseur\" \/>\n<meta property=\"og:image\" content=\"https:\/\/bandagiste-brasseur.be\/wp-content\/uploads\/2019\/05\/Vilgo_ref-90-h-d.jpg\" \/>\n\t<meta property=\"og:image:width\" content=\"800\" \/>\n\t<meta property=\"og:image:height\" content=\"800\" \/>\n\t<meta property=\"og:image:type\" content=\"image\/jpeg\" \/>\n<meta name=\"twitter:card\" content=\"summary_large_image\" \/>\n<script type=\"application\/ld+json\" class=\"yoast-schema-graph\">{\"@context\":\"https:\\\/\\\/schema.org\",\"@graph\":[{\"@type\":\"WebPage\",\"@id\":\"https:\\\/\\\/bandagiste-brasseur.be\\\/nl\\\/onze-producten\\\/mobiliteitshulpmiddelen\\\/stokken-en-krukken\\\/houten-wandelstokken\\\/vilgo-90h\\\/\",\"url\":\"https:\\\/\\\/bandagiste-brasseur.be\\\/nl\\\/onze-producten\\\/mobiliteitshulpmiddelen\\\/stokken-en-krukken\\\/houten-wandelstokken\\\/vilgo-90h\\\/\",\"name\":\"Vilgo 90H - Brasseur\",\"isPartOf\":{\"@id\":\"https:\\\/\\\/bandagiste-brasseur.be\\\/nl\\\/#website\"},\"primaryImageOfPage\":{\"@id\":\"https:\\\/\\\/bandagiste-brasseur.be\\\/nl\\\/onze-producten\\\/mobiliteitshulpmiddelen\\\/stokken-en-krukken\\\/houten-wandelstokken\\\/vilgo-90h\\\/#primaryimage\"},\"image\":{\"@id\":\"https:\\\/\\\/bandagiste-brasseur.be\\\/nl\\\/onze-producten\\\/mobiliteitshulpmiddelen\\\/stokken-en-krukken\\\/houten-wandelstokken\\\/vilgo-90h\\\/#primaryimage\"},\"thumbnailUrl\":\"https:\\\/\\\/bandagiste-brasseur.be\\\/wp-content\\\/uploads\\\/2019\\\/05\\\/Vilgo_ref-90-h-d.jpg\",\"datePublished\":\"2024-10-14T13:24:58+00:00\",\"breadcrumb\":{\"@id\":\"https:\\\/\\\/bandagiste-brasseur.be\\\/nl\\\/onze-producten\\\/mobiliteitshulpmiddelen\\\/stokken-en-krukken\\\/houten-wandelstokken\\\/vilgo-90h\\\/#breadcrumb\"},\"inLanguage\":\"nl-BE\",\"potentialAction\":[{\"@type\":\"ReadAction\",\"target\":[\"https:\\\/\\\/bandagiste-brasseur.be\\\/nl\\\/onze-producten\\\/mobiliteitshulpmiddelen\\\/stokken-en-krukken\\\/houten-wandelstokken\\\/vilgo-90h\\\/\"]}]},{\"@type\":\"ImageObject\",\"inLanguage\":\"nl-BE\",\"@id\":\"https:\\\/\\\/bandagiste-brasseur.be\\\/nl\\\/onze-producten\\\/mobiliteitshulpmiddelen\\\/stokken-en-krukken\\\/houten-wandelstokken\\\/vilgo-90h\\\/#primaryimage\",\"url\":\"https:\\\/\\\/bandagiste-brasseur.be\\\/wp-content\\\/uploads\\\/2019\\\/05\\\/Vilgo_ref-90-h-d.jpg\",\"contentUrl\":\"https:\\\/\\\/bandagiste-brasseur.be\\\/wp-content\\\/uploads\\\/2019\\\/05\\\/Vilgo_ref-90-h-d.jpg\",\"width\":800,\"height\":800},{\"@type\":\"BreadcrumbList\",\"@id\":\"https:\\\/\\\/bandagiste-brasseur.be\\\/nl\\\/onze-producten\\\/mobiliteitshulpmiddelen\\\/stokken-en-krukken\\\/houten-wandelstokken\\\/vilgo-90h\\\/#breadcrumb\",\"itemListElement\":[{\"@type\":\"ListItem\",\"position\":1,\"name\":\"Home\",\"item\":\"https:\\\/\\\/bandagiste-brasseur.be\\\/nl\\\/\"},{\"@type\":\"ListItem\",\"position\":2,\"name\":\"Onze producten\",\"item\":\"https:\\\/\\\/bandagiste-brasseur.be\\\/nl\\\/onze-producten\\\/\"},{\"@type\":\"ListItem\",\"position\":3,\"name\":\"Vilgo 90H\"}]},{\"@type\":\"WebSite\",\"@id\":\"https:\\\/\\\/bandagiste-brasseur.be\\\/nl\\\/#website\",\"url\":\"https:\\\/\\\/bandagiste-brasseur.be\\\/nl\\\/\",\"name\":\"Bandagiste Brasseur\",\"description\":\"\",\"publisher\":{\"@id\":\"https:\\\/\\\/bandagiste-brasseur.be\\\/nl\\\/#organization\"},\"potentialAction\":[{\"@type\":\"SearchAction\",\"target\":{\"@type\":\"EntryPoint\",\"urlTemplate\":\"https:\\\/\\\/bandagiste-brasseur.be\\\/nl\\\/?s={search_term_string}\"},\"query-input\":{\"@type\":\"PropertyValueSpecification\",\"valueRequired\":true,\"valueName\":\"search_term_string\"}}],\"inLanguage\":\"nl-BE\"},{\"@type\":\"Organization\",\"@id\":\"https:\\\/\\\/bandagiste-brasseur.be\\\/nl\\\/#organization\",\"name\":\"Bandagiste Brasseur\",\"url\":\"https:\\\/\\\/bandagiste-brasseur.be\\\/nl\\\/\",\"logo\":{\"@type\":\"ImageObject\",\"inLanguage\":\"nl-BE\",\"@id\":\"https:\\\/\\\/bandagiste-brasseur.be\\\/nl\\\/#\\\/schema\\\/logo\\\/image\\\/\",\"url\":\"https:\\\/\\\/bandagiste-brasseur.be\\\/wp-content\\\/uploads\\\/2018\\\/06\\\/Logo-Brasseur.png\",\"contentUrl\":\"https:\\\/\\\/bandagiste-brasseur.be\\\/wp-content\\\/uploads\\\/2018\\\/06\\\/Logo-Brasseur.png\",\"width\":327,\"height\":136,\"caption\":\"Bandagiste Brasseur\"},\"image\":{\"@id\":\"https:\\\/\\\/bandagiste-brasseur.be\\\/nl\\\/#\\\/schema\\\/logo\\\/image\\\/\"}}]}<\/script>\n<!-- \/ Yoast SEO plugin. -->","yoast_head_json":{"title":"Vilgo 90H - Brasseur","robots":{"index":"index","follow":"follow","max-snippet":"max-snippet:-1","max-image-preview":"max-image-preview:large","max-video-preview":"max-video-preview:-1"},"canonical":"https:\/\/bandagiste-brasseur.be\/nl\/onze-producten\/mobiliteitshulpmiddelen\/stokken-en-krukken\/houten-wandelstokken\/vilgo-90h\/","og_locale":"nl_BE","og_type":"article","og_title":"Vilgo 90H - Brasseur","og_description":"Gelakte houten wandelstok, gebogen handvat 90 H: herenmodel Technische beschrijving &#8211; Conische beukenhouten stok Afwerking: bruine lak &#8211; Metalen huls, lengte 17 mm, afwerking: vernikkeld staal &#8211; Gebogen ABS handvat (M8 draadstang inzetstuk &#8211; L=140 mm) &#8211; Tip Basis 28 &#8211; \u00d8 int. 18 mm Afmetingen (mm) 90 H : Hoogte* : 960 mm Basis...","og_url":"https:\/\/bandagiste-brasseur.be\/nl\/onze-producten\/mobiliteitshulpmiddelen\/stokken-en-krukken\/houten-wandelstokken\/vilgo-90h\/","og_site_name":"Brasseur","og_image":[{"width":800,"height":800,"url":"https:\/\/bandagiste-brasseur.be\/wp-content\/uploads\/2019\/05\/Vilgo_ref-90-h-d.jpg","type":"image\/jpeg"}],"twitter_card":"summary_large_image","schema":{"@context":"https:\/\/schema.org","@graph":[{"@type":"WebPage","@id":"https:\/\/bandagiste-brasseur.be\/nl\/onze-producten\/mobiliteitshulpmiddelen\/stokken-en-krukken\/houten-wandelstokken\/vilgo-90h\/","url":"https:\/\/bandagiste-brasseur.be\/nl\/onze-producten\/mobiliteitshulpmiddelen\/stokken-en-krukken\/houten-wandelstokken\/vilgo-90h\/","name":"Vilgo 90H - Brasseur","isPartOf":{"@id":"https:\/\/bandagiste-brasseur.be\/nl\/#website"},"primaryImageOfPage":{"@id":"https:\/\/bandagiste-brasseur.be\/nl\/onze-producten\/mobiliteitshulpmiddelen\/stokken-en-krukken\/houten-wandelstokken\/vilgo-90h\/#primaryimage"},"image":{"@id":"https:\/\/bandagiste-brasseur.be\/nl\/onze-producten\/mobiliteitshulpmiddelen\/stokken-en-krukken\/houten-wandelstokken\/vilgo-90h\/#primaryimage"},"thumbnailUrl":"https:\/\/bandagiste-brasseur.be\/wp-content\/uploads\/2019\/05\/Vilgo_ref-90-h-d.jpg","datePublished":"2024-10-14T13:24:58+00:00","breadcrumb":{"@id":"https:\/\/bandagiste-brasseur.be\/nl\/onze-producten\/mobiliteitshulpmiddelen\/stokken-en-krukken\/houten-wandelstokken\/vilgo-90h\/#breadcrumb"},"inLanguage":"nl-BE","potentialAction":[{"@type":"ReadAction","target":["https:\/\/bandagiste-brasseur.be\/nl\/onze-producten\/mobiliteitshulpmiddelen\/stokken-en-krukken\/houten-wandelstokken\/vilgo-90h\/"]}]},{"@type":"ImageObject","inLanguage":"nl-BE","@id":"https:\/\/bandagiste-brasseur.be\/nl\/onze-producten\/mobiliteitshulpmiddelen\/stokken-en-krukken\/houten-wandelstokken\/vilgo-90h\/#primaryimage","url":"https:\/\/bandagiste-brasseur.be\/wp-content\/uploads\/2019\/05\/Vilgo_ref-90-h-d.jpg","contentUrl":"https:\/\/bandagiste-brasseur.be\/wp-content\/uploads\/2019\/05\/Vilgo_ref-90-h-d.jpg","width":800,"height":800},{"@type":"BreadcrumbList","@id":"https:\/\/bandagiste-brasseur.be\/nl\/onze-producten\/mobiliteitshulpmiddelen\/stokken-en-krukken\/houten-wandelstokken\/vilgo-90h\/#breadcrumb","itemListElement":[{"@type":"ListItem","position":1,"name":"Home","item":"https:\/\/bandagiste-brasseur.be\/nl\/"},{"@type":"ListItem","position":2,"name":"Onze producten","item":"https:\/\/bandagiste-brasseur.be\/nl\/onze-producten\/"},{"@type":"ListItem","position":3,"name":"Vilgo 90H"}]},{"@type":"WebSite","@id":"https:\/\/bandagiste-brasseur.be\/nl\/#website","url":"https:\/\/bandagiste-brasseur.be\/nl\/","name":"Bandagiste Brasseur","description":"","publisher":{"@id":"https:\/\/bandagiste-brasseur.be\/nl\/#organization"},"potentialAction":[{"@type":"SearchAction","target":{"@type":"EntryPoint","urlTemplate":"https:\/\/bandagiste-brasseur.be\/nl\/?s={search_term_string}"},"query-input":{"@type":"PropertyValueSpecification","valueRequired":true,"valueName":"search_term_string"}}],"inLanguage":"nl-BE"},{"@type":"Organization","@id":"https:\/\/bandagiste-brasseur.be\/nl\/#organization","name":"Bandagiste Brasseur","url":"https:\/\/bandagiste-brasseur.be\/nl\/","logo":{"@type":"ImageObject","inLanguage":"nl-BE","@id":"https:\/\/bandagiste-brasseur.be\/nl\/#\/schema\/logo\/image\/","url":"https:\/\/bandagiste-brasseur.be\/wp-content\/uploads\/2018\/06\/Logo-Brasseur.png","contentUrl":"https:\/\/bandagiste-brasseur.be\/wp-content\/uploads\/2018\/06\/Logo-Brasseur.png","width":327,"height":136,"caption":"Bandagiste Brasseur"},"image":{"@id":"https:\/\/bandagiste-brasseur.be\/nl\/#\/schema\/logo\/image\/"}}]}},"_links":{"self":[{"href":"https:\/\/bandagiste-brasseur.be\/nl\/wp-json\/wp\/v2\/product\/13857","targetHints":{"allow":["GET"]}}],"collection":[{"href":"https:\/\/bandagiste-brasseur.be\/nl\/wp-json\/wp\/v2\/product"}],"about":[{"href":"https:\/\/bandagiste-brasseur.be\/nl\/wp-json\/wp\/v2\/types\/product"}],"replies":[{"embeddable":true,"href":"https:\/\/bandagiste-brasseur.be\/nl\/wp-json\/wp\/v2\/comments?post=13857"}],"wp:featuredmedia":[{"embeddable":true,"href":"https:\/\/bandagiste-brasseur.be\/nl\/wp-json\/wp\/v2\/media\/8167"}],"wp:attachment":[{"href":"https:\/\/bandagiste-brasseur.be\/nl\/wp-json\/wp\/v2\/media?parent=13857"}],"wp:term":[{"taxonomy":"product_brand","embeddable":true,"href":"https:\/\/bandagiste-brasseur.be\/nl\/wp-json\/wp\/v2\/product_brand?post=13857"},{"taxonomy":"product_cat","embeddable":true,"href":"https:\/\/bandagiste-brasseur.be\/nl\/wp-json\/wp\/v2\/product_cat?post=13857"},{"taxonomy":"product_tag","embeddable":true,"href":"https:\/\/bandagiste-brasseur.be\/nl\/wp-json\/wp\/v2\/product_tag?post=13857"}],"curies":[{"name":"wp","href":"https:\/\/api.w.org\/{rel}","templated":true}]}}