{"id":13925,"date":"2019-11-26T13:11:48","date_gmt":"2024-10-14T13:25:30","guid":{"rendered":"https:\/\/bandagiste-brasseur.be\/nos-produits\/niet-gecategoriseerd\/kom-met-zuigrand\/"},"modified":"2024-10-14T15:25:30","modified_gmt":"2024-10-14T13:25:30","slug":"kom-met-zuigrand","status":"publish","type":"product","link":"https:\/\/bandagiste-brasseur.be\/nl\/onze-producten\/technische-hulpmiddelen-thuis\/keuken\/eten-en-drinken\/kom-met-zuigrand\/","title":{"rendered":"Kom met zuigrand"},"content":{"rendered":"<p>Rode kom met een rand aan de achterkant. Ideaal voor gebruik met \u00e9\u00e9n hand of voor mensen met een beperkte motorische co\u00f6rdinatie. De afneembare zuignap houdt de kom op zijn plaats. De kom is vaatwasmachinebestendig, maar de zuignap niet.   <\/p>\n","protected":false},"excerpt":{"rendered":"<p>Rode kom met een rand aan de achterkant. Ideaal voor gebruik met \u00e9\u00e9n hand of voor mensen met een beperkte motorische co\u00f6rdinatie. De afneembare zuignap houdt de kom op zijn plaats. De kom is vaatwasmachinebestendig, maar de zuignap niet.   <\/p>\n","protected":false},"featured_media":8699,"comment_status":"closed","ping_status":"open","template":"","meta":{"_acf_changed":false},"product_brand":[],"product_cat":[388],"product_tag":[],"class_list":{"0":"post-13925","1":"product","2":"type-product","3":"status-publish","4":"has-post-thumbnail","6":"product_cat-eten-en-drinken","8":"first","9":"instock","10":"product-type-simple"},"acf":[],"yoast_head":"<!-- This site is optimized with the Yoast SEO plugin v27.5 - https:\/\/yoast.com\/product\/yoast-seo-wordpress\/ -->\n<title>Kom met zuigrand - Brasseur<\/title>\n<meta name=\"robots\" content=\"index, follow, max-snippet:-1, max-image-preview:large, max-video-preview:-1\" \/>\n<link rel=\"canonical\" href=\"https:\/\/bandagiste-brasseur.be\/nl\/onze-producten\/technische-hulpmiddelen-thuis\/keuken\/eten-en-drinken\/kom-met-zuigrand\/\" \/>\n<meta property=\"og:locale\" content=\"nl_BE\" \/>\n<meta property=\"og:type\" content=\"article\" \/>\n<meta property=\"og:title\" content=\"Kom met zuigrand - Brasseur\" \/>\n<meta property=\"og:description\" content=\"Rode kom met een rand aan de achterkant. Ideaal voor gebruik met \u00e9\u00e9n hand of voor mensen met een beperkte motorische co\u00f6rdinatie. De afneembare zuignap houdt de kom op zijn plaats. De kom is vaatwasmachinebestendig, maar de zuignap niet.\" \/>\n<meta property=\"og:url\" content=\"https:\/\/bandagiste-brasseur.be\/nl\/onze-producten\/technische-hulpmiddelen-thuis\/keuken\/eten-en-drinken\/kom-met-zuigrand\/\" \/>\n<meta property=\"og:site_name\" content=\"Brasseur\" \/>\n<meta property=\"og:image\" content=\"https:\/\/bandagiste-brasseur.be\/wp-content\/uploads\/2019\/11\/1300_1000_0_pr65658-r.jpg\" \/>\n\t<meta property=\"og:image:width\" content=\"1000\" \/>\n\t<meta property=\"og:image:height\" content=\"1000\" \/>\n\t<meta property=\"og:image:type\" content=\"image\/jpeg\" \/>\n<meta name=\"twitter:card\" content=\"summary_large_image\" \/>\n<script type=\"application\/ld+json\" class=\"yoast-schema-graph\">{\"@context\":\"https:\\\/\\\/schema.org\",\"@graph\":[{\"@type\":\"WebPage\",\"@id\":\"https:\\\/\\\/bandagiste-brasseur.be\\\/nl\\\/onze-producten\\\/technische-hulpmiddelen-thuis\\\/keuken\\\/eten-en-drinken\\\/kom-met-zuigrand\\\/\",\"url\":\"https:\\\/\\\/bandagiste-brasseur.be\\\/nl\\\/onze-producten\\\/technische-hulpmiddelen-thuis\\\/keuken\\\/eten-en-drinken\\\/kom-met-zuigrand\\\/\",\"name\":\"Kom met zuigrand - Brasseur\",\"isPartOf\":{\"@id\":\"https:\\\/\\\/bandagiste-brasseur.be\\\/nl\\\/#website\"},\"primaryImageOfPage\":{\"@id\":\"https:\\\/\\\/bandagiste-brasseur.be\\\/nl\\\/onze-producten\\\/technische-hulpmiddelen-thuis\\\/keuken\\\/eten-en-drinken\\\/kom-met-zuigrand\\\/#primaryimage\"},\"image\":{\"@id\":\"https:\\\/\\\/bandagiste-brasseur.be\\\/nl\\\/onze-producten\\\/technische-hulpmiddelen-thuis\\\/keuken\\\/eten-en-drinken\\\/kom-met-zuigrand\\\/#primaryimage\"},\"thumbnailUrl\":\"https:\\\/\\\/bandagiste-brasseur.be\\\/wp-content\\\/uploads\\\/2019\\\/11\\\/1300_1000_0_pr65658-r.jpg\",\"datePublished\":\"2024-10-14T13:25:30+00:00\",\"breadcrumb\":{\"@id\":\"https:\\\/\\\/bandagiste-brasseur.be\\\/nl\\\/onze-producten\\\/technische-hulpmiddelen-thuis\\\/keuken\\\/eten-en-drinken\\\/kom-met-zuigrand\\\/#breadcrumb\"},\"inLanguage\":\"nl-BE\",\"potentialAction\":[{\"@type\":\"ReadAction\",\"target\":[\"https:\\\/\\\/bandagiste-brasseur.be\\\/nl\\\/onze-producten\\\/technische-hulpmiddelen-thuis\\\/keuken\\\/eten-en-drinken\\\/kom-met-zuigrand\\\/\"]}]},{\"@type\":\"ImageObject\",\"inLanguage\":\"nl-BE\",\"@id\":\"https:\\\/\\\/bandagiste-brasseur.be\\\/nl\\\/onze-producten\\\/technische-hulpmiddelen-thuis\\\/keuken\\\/eten-en-drinken\\\/kom-met-zuigrand\\\/#primaryimage\",\"url\":\"https:\\\/\\\/bandagiste-brasseur.be\\\/wp-content\\\/uploads\\\/2019\\\/11\\\/1300_1000_0_pr65658-r.jpg\",\"contentUrl\":\"https:\\\/\\\/bandagiste-brasseur.be\\\/wp-content\\\/uploads\\\/2019\\\/11\\\/1300_1000_0_pr65658-r.jpg\",\"width\":1000,\"height\":1000},{\"@type\":\"BreadcrumbList\",\"@id\":\"https:\\\/\\\/bandagiste-brasseur.be\\\/nl\\\/onze-producten\\\/technische-hulpmiddelen-thuis\\\/keuken\\\/eten-en-drinken\\\/kom-met-zuigrand\\\/#breadcrumb\",\"itemListElement\":[{\"@type\":\"ListItem\",\"position\":1,\"name\":\"Home\",\"item\":\"https:\\\/\\\/bandagiste-brasseur.be\\\/nl\\\/\"},{\"@type\":\"ListItem\",\"position\":2,\"name\":\"Onze producten\",\"item\":\"https:\\\/\\\/bandagiste-brasseur.be\\\/nl\\\/onze-producten\\\/\"},{\"@type\":\"ListItem\",\"position\":3,\"name\":\"Kom met zuigrand\"}]},{\"@type\":\"WebSite\",\"@id\":\"https:\\\/\\\/bandagiste-brasseur.be\\\/nl\\\/#website\",\"url\":\"https:\\\/\\\/bandagiste-brasseur.be\\\/nl\\\/\",\"name\":\"Bandagiste Brasseur\",\"description\":\"\",\"publisher\":{\"@id\":\"https:\\\/\\\/bandagiste-brasseur.be\\\/nl\\\/#organization\"},\"potentialAction\":[{\"@type\":\"SearchAction\",\"target\":{\"@type\":\"EntryPoint\",\"urlTemplate\":\"https:\\\/\\\/bandagiste-brasseur.be\\\/nl\\\/?s={search_term_string}\"},\"query-input\":{\"@type\":\"PropertyValueSpecification\",\"valueRequired\":true,\"valueName\":\"search_term_string\"}}],\"inLanguage\":\"nl-BE\"},{\"@type\":\"Organization\",\"@id\":\"https:\\\/\\\/bandagiste-brasseur.be\\\/nl\\\/#organization\",\"name\":\"Bandagiste Brasseur\",\"url\":\"https:\\\/\\\/bandagiste-brasseur.be\\\/nl\\\/\",\"logo\":{\"@type\":\"ImageObject\",\"inLanguage\":\"nl-BE\",\"@id\":\"https:\\\/\\\/bandagiste-brasseur.be\\\/nl\\\/#\\\/schema\\\/logo\\\/image\\\/\",\"url\":\"https:\\\/\\\/bandagiste-brasseur.be\\\/wp-content\\\/uploads\\\/2018\\\/06\\\/Logo-Brasseur.png\",\"contentUrl\":\"https:\\\/\\\/bandagiste-brasseur.be\\\/wp-content\\\/uploads\\\/2018\\\/06\\\/Logo-Brasseur.png\",\"width\":327,\"height\":136,\"caption\":\"Bandagiste Brasseur\"},\"image\":{\"@id\":\"https:\\\/\\\/bandagiste-brasseur.be\\\/nl\\\/#\\\/schema\\\/logo\\\/image\\\/\"}}]}<\/script>\n<!-- \/ Yoast SEO plugin. -->","yoast_head_json":{"title":"Kom met zuigrand - Brasseur","robots":{"index":"index","follow":"follow","max-snippet":"max-snippet:-1","max-image-preview":"max-image-preview:large","max-video-preview":"max-video-preview:-1"},"canonical":"https:\/\/bandagiste-brasseur.be\/nl\/onze-producten\/technische-hulpmiddelen-thuis\/keuken\/eten-en-drinken\/kom-met-zuigrand\/","og_locale":"nl_BE","og_type":"article","og_title":"Kom met zuigrand - Brasseur","og_description":"Rode kom met een rand aan de achterkant. Ideaal voor gebruik met \u00e9\u00e9n hand of voor mensen met een beperkte motorische co\u00f6rdinatie. De afneembare zuignap houdt de kom op zijn plaats. De kom is vaatwasmachinebestendig, maar de zuignap niet.","og_url":"https:\/\/bandagiste-brasseur.be\/nl\/onze-producten\/technische-hulpmiddelen-thuis\/keuken\/eten-en-drinken\/kom-met-zuigrand\/","og_site_name":"Brasseur","og_image":[{"width":1000,"height":1000,"url":"https:\/\/bandagiste-brasseur.be\/wp-content\/uploads\/2019\/11\/1300_1000_0_pr65658-r.jpg","type":"image\/jpeg"}],"twitter_card":"summary_large_image","schema":{"@context":"https:\/\/schema.org","@graph":[{"@type":"WebPage","@id":"https:\/\/bandagiste-brasseur.be\/nl\/onze-producten\/technische-hulpmiddelen-thuis\/keuken\/eten-en-drinken\/kom-met-zuigrand\/","url":"https:\/\/bandagiste-brasseur.be\/nl\/onze-producten\/technische-hulpmiddelen-thuis\/keuken\/eten-en-drinken\/kom-met-zuigrand\/","name":"Kom met zuigrand - Brasseur","isPartOf":{"@id":"https:\/\/bandagiste-brasseur.be\/nl\/#website"},"primaryImageOfPage":{"@id":"https:\/\/bandagiste-brasseur.be\/nl\/onze-producten\/technische-hulpmiddelen-thuis\/keuken\/eten-en-drinken\/kom-met-zuigrand\/#primaryimage"},"image":{"@id":"https:\/\/bandagiste-brasseur.be\/nl\/onze-producten\/technische-hulpmiddelen-thuis\/keuken\/eten-en-drinken\/kom-met-zuigrand\/#primaryimage"},"thumbnailUrl":"https:\/\/bandagiste-brasseur.be\/wp-content\/uploads\/2019\/11\/1300_1000_0_pr65658-r.jpg","datePublished":"2024-10-14T13:25:30+00:00","breadcrumb":{"@id":"https:\/\/bandagiste-brasseur.be\/nl\/onze-producten\/technische-hulpmiddelen-thuis\/keuken\/eten-en-drinken\/kom-met-zuigrand\/#breadcrumb"},"inLanguage":"nl-BE","potentialAction":[{"@type":"ReadAction","target":["https:\/\/bandagiste-brasseur.be\/nl\/onze-producten\/technische-hulpmiddelen-thuis\/keuken\/eten-en-drinken\/kom-met-zuigrand\/"]}]},{"@type":"ImageObject","inLanguage":"nl-BE","@id":"https:\/\/bandagiste-brasseur.be\/nl\/onze-producten\/technische-hulpmiddelen-thuis\/keuken\/eten-en-drinken\/kom-met-zuigrand\/#primaryimage","url":"https:\/\/bandagiste-brasseur.be\/wp-content\/uploads\/2019\/11\/1300_1000_0_pr65658-r.jpg","contentUrl":"https:\/\/bandagiste-brasseur.be\/wp-content\/uploads\/2019\/11\/1300_1000_0_pr65658-r.jpg","width":1000,"height":1000},{"@type":"BreadcrumbList","@id":"https:\/\/bandagiste-brasseur.be\/nl\/onze-producten\/technische-hulpmiddelen-thuis\/keuken\/eten-en-drinken\/kom-met-zuigrand\/#breadcrumb","itemListElement":[{"@type":"ListItem","position":1,"name":"Home","item":"https:\/\/bandagiste-brasseur.be\/nl\/"},{"@type":"ListItem","position":2,"name":"Onze producten","item":"https:\/\/bandagiste-brasseur.be\/nl\/onze-producten\/"},{"@type":"ListItem","position":3,"name":"Kom met zuigrand"}]},{"@type":"WebSite","@id":"https:\/\/bandagiste-brasseur.be\/nl\/#website","url":"https:\/\/bandagiste-brasseur.be\/nl\/","name":"Bandagiste Brasseur","description":"","publisher":{"@id":"https:\/\/bandagiste-brasseur.be\/nl\/#organization"},"potentialAction":[{"@type":"SearchAction","target":{"@type":"EntryPoint","urlTemplate":"https:\/\/bandagiste-brasseur.be\/nl\/?s={search_term_string}"},"query-input":{"@type":"PropertyValueSpecification","valueRequired":true,"valueName":"search_term_string"}}],"inLanguage":"nl-BE"},{"@type":"Organization","@id":"https:\/\/bandagiste-brasseur.be\/nl\/#organization","name":"Bandagiste Brasseur","url":"https:\/\/bandagiste-brasseur.be\/nl\/","logo":{"@type":"ImageObject","inLanguage":"nl-BE","@id":"https:\/\/bandagiste-brasseur.be\/nl\/#\/schema\/logo\/image\/","url":"https:\/\/bandagiste-brasseur.be\/wp-content\/uploads\/2018\/06\/Logo-Brasseur.png","contentUrl":"https:\/\/bandagiste-brasseur.be\/wp-content\/uploads\/2018\/06\/Logo-Brasseur.png","width":327,"height":136,"caption":"Bandagiste Brasseur"},"image":{"@id":"https:\/\/bandagiste-brasseur.be\/nl\/#\/schema\/logo\/image\/"}}]}},"_links":{"self":[{"href":"https:\/\/bandagiste-brasseur.be\/nl\/wp-json\/wp\/v2\/product\/13925","targetHints":{"allow":["GET"]}}],"collection":[{"href":"https:\/\/bandagiste-brasseur.be\/nl\/wp-json\/wp\/v2\/product"}],"about":[{"href":"https:\/\/bandagiste-brasseur.be\/nl\/wp-json\/wp\/v2\/types\/product"}],"replies":[{"embeddable":true,"href":"https:\/\/bandagiste-brasseur.be\/nl\/wp-json\/wp\/v2\/comments?post=13925"}],"wp:featuredmedia":[{"embeddable":true,"href":"https:\/\/bandagiste-brasseur.be\/nl\/wp-json\/wp\/v2\/media\/8699"}],"wp:attachment":[{"href":"https:\/\/bandagiste-brasseur.be\/nl\/wp-json\/wp\/v2\/media?parent=13925"}],"wp:term":[{"taxonomy":"product_brand","embeddable":true,"href":"https:\/\/bandagiste-brasseur.be\/nl\/wp-json\/wp\/v2\/product_brand?post=13925"},{"taxonomy":"product_cat","embeddable":true,"href":"https:\/\/bandagiste-brasseur.be\/nl\/wp-json\/wp\/v2\/product_cat?post=13925"},{"taxonomy":"product_tag","embeddable":true,"href":"https:\/\/bandagiste-brasseur.be\/nl\/wp-json\/wp\/v2\/product_tag?post=13925"}],"curies":[{"name":"wp","href":"https:\/\/api.w.org\/{rel}","templated":true}]}}