{"id":13946,"date":"2019-11-26T13:11:45","date_gmt":"2024-10-14T13:25:39","guid":{"rendered":"https:\/\/bandagiste-brasseur.be\/nos-produits\/niet-gecategoriseerd\/isotherme-reeks\/"},"modified":"2024-10-14T15:25:39","modified_gmt":"2024-10-14T13:25:39","slug":"isotherme-reeks","status":"publish","type":"product","link":"https:\/\/bandagiste-brasseur.be\/nl\/onze-producten\/technische-hulpmiddelen-thuis\/keuken\/eten-en-drinken\/isotherme-reeks\/","title":{"rendered":"Isotherme reeks"},"content":{"rendered":"<p>Houdt je maaltijd warm of koud. Bord en beker: Grote gaten om gemakkelijk te vullen met warm of koud water, veilige, gemakkelijk vast te pakken antisliphandvatten die de vulgaten afsluiten, antislipringen aan de onderkant om borden en bekers stevig op tafel te houden, gemaakt van slagvast kunststof (melamine), vaatwasmachinebestendig, 25,5 cm ge\u00efsoleerd bord, 425 ml. Verkrijgbaar in blauw en rood. Ge\u00efsoleerde kom 19 cm diameter, 300ml, in blauw en rood. Ge\u00efsoleerde beker 320ml, in blauw en rood.    <\/p>\n","protected":false},"excerpt":{"rendered":"<p>Houdt je maaltijd warm of koud. Bord en beker: Grote gaten om gemakkelijk te vullen met warm of koud water, veilige, gemakkelijk vast te pakken antisliphandvatten die de vulgaten afsluiten, antislipringen aan de onderkant om borden en bekers stevig op tafel te houden, gemaakt van slagvast kunststof (melamine), vaatwasmachinebestendig, 25,5 cm ge\u00efsoleerd bord, 425 ml. Verkrijgbaar in blauw en rood. Ge\u00efsoleerde kom 19 cm diameter, 300ml, in blauw en rood. Ge\u00efsoleerde beker 320ml, in blauw en rood.    <\/p>\n","protected":false},"featured_media":8938,"comment_status":"closed","ping_status":"open","template":"","meta":{"_acf_changed":false},"product_brand":[],"product_cat":[388],"product_tag":[],"class_list":{"0":"post-13946","1":"product","2":"type-product","3":"status-publish","4":"has-post-thumbnail","6":"product_cat-eten-en-drinken","8":"first","9":"instock","10":"product-type-simple"},"acf":[],"yoast_head":"<!-- This site is optimized with the Yoast SEO plugin v27.5 - https:\/\/yoast.com\/product\/yoast-seo-wordpress\/ -->\n<title>Isotherme reeks - Brasseur<\/title>\n<meta name=\"robots\" content=\"index, follow, max-snippet:-1, max-image-preview:large, max-video-preview:-1\" \/>\n<link rel=\"canonical\" href=\"https:\/\/bandagiste-brasseur.be\/nl\/onze-producten\/technische-hulpmiddelen-thuis\/keuken\/eten-en-drinken\/isotherme-reeks\/\" \/>\n<meta property=\"og:locale\" content=\"nl_BE\" \/>\n<meta property=\"og:type\" content=\"article\" \/>\n<meta property=\"og:title\" content=\"Isotherme reeks - Brasseur\" \/>\n<meta property=\"og:description\" content=\"Houdt je maaltijd warm of koud. Bord en beker: Grote gaten om gemakkelijk te vullen met warm of koud water, veilige, gemakkelijk vast te pakken antisliphandvatten die de vulgaten afsluiten, antislipringen aan de onderkant om borden en bekers stevig op tafel te houden, gemaakt van slagvast kunststof (melamine), vaatwasmachinebestendig, 25,5 cm ge\u00efsoleerd bord, 425 ml. Verkrijgbaar in blauw en rood. Ge\u00efsoleerde kom 19 cm diameter, 300ml, in blauw en rood. Ge\u00efsoleerde beker 320ml, in blauw en rood.\" \/>\n<meta property=\"og:url\" content=\"https:\/\/bandagiste-brasseur.be\/nl\/onze-producten\/technische-hulpmiddelen-thuis\/keuken\/eten-en-drinken\/isotherme-reeks\/\" \/>\n<meta property=\"og:site_name\" content=\"Brasseur\" \/>\n<meta property=\"og:image\" content=\"https:\/\/bandagiste-brasseur.be\/wp-content\/uploads\/2019\/11\/or201bl-min.jpg\" \/>\n\t<meta property=\"og:image:width\" content=\"1000\" \/>\n\t<meta property=\"og:image:height\" content=\"1000\" \/>\n\t<meta property=\"og:image:type\" content=\"image\/jpeg\" \/>\n<meta name=\"twitter:card\" content=\"summary_large_image\" \/>\n<script type=\"application\/ld+json\" class=\"yoast-schema-graph\">{\"@context\":\"https:\\\/\\\/schema.org\",\"@graph\":[{\"@type\":\"WebPage\",\"@id\":\"https:\\\/\\\/bandagiste-brasseur.be\\\/nl\\\/onze-producten\\\/technische-hulpmiddelen-thuis\\\/keuken\\\/eten-en-drinken\\\/isotherme-reeks\\\/\",\"url\":\"https:\\\/\\\/bandagiste-brasseur.be\\\/nl\\\/onze-producten\\\/technische-hulpmiddelen-thuis\\\/keuken\\\/eten-en-drinken\\\/isotherme-reeks\\\/\",\"name\":\"Isotherme reeks - Brasseur\",\"isPartOf\":{\"@id\":\"https:\\\/\\\/bandagiste-brasseur.be\\\/nl\\\/#website\"},\"primaryImageOfPage\":{\"@id\":\"https:\\\/\\\/bandagiste-brasseur.be\\\/nl\\\/onze-producten\\\/technische-hulpmiddelen-thuis\\\/keuken\\\/eten-en-drinken\\\/isotherme-reeks\\\/#primaryimage\"},\"image\":{\"@id\":\"https:\\\/\\\/bandagiste-brasseur.be\\\/nl\\\/onze-producten\\\/technische-hulpmiddelen-thuis\\\/keuken\\\/eten-en-drinken\\\/isotherme-reeks\\\/#primaryimage\"},\"thumbnailUrl\":\"https:\\\/\\\/bandagiste-brasseur.be\\\/wp-content\\\/uploads\\\/2019\\\/11\\\/or201bl-min.jpg\",\"datePublished\":\"2024-10-14T13:25:39+00:00\",\"breadcrumb\":{\"@id\":\"https:\\\/\\\/bandagiste-brasseur.be\\\/nl\\\/onze-producten\\\/technische-hulpmiddelen-thuis\\\/keuken\\\/eten-en-drinken\\\/isotherme-reeks\\\/#breadcrumb\"},\"inLanguage\":\"nl-BE\",\"potentialAction\":[{\"@type\":\"ReadAction\",\"target\":[\"https:\\\/\\\/bandagiste-brasseur.be\\\/nl\\\/onze-producten\\\/technische-hulpmiddelen-thuis\\\/keuken\\\/eten-en-drinken\\\/isotherme-reeks\\\/\"]}]},{\"@type\":\"ImageObject\",\"inLanguage\":\"nl-BE\",\"@id\":\"https:\\\/\\\/bandagiste-brasseur.be\\\/nl\\\/onze-producten\\\/technische-hulpmiddelen-thuis\\\/keuken\\\/eten-en-drinken\\\/isotherme-reeks\\\/#primaryimage\",\"url\":\"https:\\\/\\\/bandagiste-brasseur.be\\\/wp-content\\\/uploads\\\/2019\\\/11\\\/or201bl-min.jpg\",\"contentUrl\":\"https:\\\/\\\/bandagiste-brasseur.be\\\/wp-content\\\/uploads\\\/2019\\\/11\\\/or201bl-min.jpg\",\"width\":1000,\"height\":1000},{\"@type\":\"BreadcrumbList\",\"@id\":\"https:\\\/\\\/bandagiste-brasseur.be\\\/nl\\\/onze-producten\\\/technische-hulpmiddelen-thuis\\\/keuken\\\/eten-en-drinken\\\/isotherme-reeks\\\/#breadcrumb\",\"itemListElement\":[{\"@type\":\"ListItem\",\"position\":1,\"name\":\"Home\",\"item\":\"https:\\\/\\\/bandagiste-brasseur.be\\\/nl\\\/\"},{\"@type\":\"ListItem\",\"position\":2,\"name\":\"Onze producten\",\"item\":\"https:\\\/\\\/bandagiste-brasseur.be\\\/nl\\\/onze-producten\\\/\"},{\"@type\":\"ListItem\",\"position\":3,\"name\":\"Isotherme reeks\"}]},{\"@type\":\"WebSite\",\"@id\":\"https:\\\/\\\/bandagiste-brasseur.be\\\/nl\\\/#website\",\"url\":\"https:\\\/\\\/bandagiste-brasseur.be\\\/nl\\\/\",\"name\":\"Bandagiste Brasseur\",\"description\":\"\",\"publisher\":{\"@id\":\"https:\\\/\\\/bandagiste-brasseur.be\\\/nl\\\/#organization\"},\"potentialAction\":[{\"@type\":\"SearchAction\",\"target\":{\"@type\":\"EntryPoint\",\"urlTemplate\":\"https:\\\/\\\/bandagiste-brasseur.be\\\/nl\\\/?s={search_term_string}\"},\"query-input\":{\"@type\":\"PropertyValueSpecification\",\"valueRequired\":true,\"valueName\":\"search_term_string\"}}],\"inLanguage\":\"nl-BE\"},{\"@type\":\"Organization\",\"@id\":\"https:\\\/\\\/bandagiste-brasseur.be\\\/nl\\\/#organization\",\"name\":\"Bandagiste Brasseur\",\"url\":\"https:\\\/\\\/bandagiste-brasseur.be\\\/nl\\\/\",\"logo\":{\"@type\":\"ImageObject\",\"inLanguage\":\"nl-BE\",\"@id\":\"https:\\\/\\\/bandagiste-brasseur.be\\\/nl\\\/#\\\/schema\\\/logo\\\/image\\\/\",\"url\":\"https:\\\/\\\/bandagiste-brasseur.be\\\/wp-content\\\/uploads\\\/2018\\\/06\\\/Logo-Brasseur.png\",\"contentUrl\":\"https:\\\/\\\/bandagiste-brasseur.be\\\/wp-content\\\/uploads\\\/2018\\\/06\\\/Logo-Brasseur.png\",\"width\":327,\"height\":136,\"caption\":\"Bandagiste Brasseur\"},\"image\":{\"@id\":\"https:\\\/\\\/bandagiste-brasseur.be\\\/nl\\\/#\\\/schema\\\/logo\\\/image\\\/\"}}]}<\/script>\n<!-- \/ Yoast SEO plugin. -->","yoast_head_json":{"title":"Isotherme reeks - Brasseur","robots":{"index":"index","follow":"follow","max-snippet":"max-snippet:-1","max-image-preview":"max-image-preview:large","max-video-preview":"max-video-preview:-1"},"canonical":"https:\/\/bandagiste-brasseur.be\/nl\/onze-producten\/technische-hulpmiddelen-thuis\/keuken\/eten-en-drinken\/isotherme-reeks\/","og_locale":"nl_BE","og_type":"article","og_title":"Isotherme reeks - Brasseur","og_description":"Houdt je maaltijd warm of koud. Bord en beker: Grote gaten om gemakkelijk te vullen met warm of koud water, veilige, gemakkelijk vast te pakken antisliphandvatten die de vulgaten afsluiten, antislipringen aan de onderkant om borden en bekers stevig op tafel te houden, gemaakt van slagvast kunststof (melamine), vaatwasmachinebestendig, 25,5 cm ge\u00efsoleerd bord, 425 ml. Verkrijgbaar in blauw en rood. Ge\u00efsoleerde kom 19 cm diameter, 300ml, in blauw en rood. Ge\u00efsoleerde beker 320ml, in blauw en rood.","og_url":"https:\/\/bandagiste-brasseur.be\/nl\/onze-producten\/technische-hulpmiddelen-thuis\/keuken\/eten-en-drinken\/isotherme-reeks\/","og_site_name":"Brasseur","og_image":[{"width":1000,"height":1000,"url":"https:\/\/bandagiste-brasseur.be\/wp-content\/uploads\/2019\/11\/or201bl-min.jpg","type":"image\/jpeg"}],"twitter_card":"summary_large_image","schema":{"@context":"https:\/\/schema.org","@graph":[{"@type":"WebPage","@id":"https:\/\/bandagiste-brasseur.be\/nl\/onze-producten\/technische-hulpmiddelen-thuis\/keuken\/eten-en-drinken\/isotherme-reeks\/","url":"https:\/\/bandagiste-brasseur.be\/nl\/onze-producten\/technische-hulpmiddelen-thuis\/keuken\/eten-en-drinken\/isotherme-reeks\/","name":"Isotherme reeks - Brasseur","isPartOf":{"@id":"https:\/\/bandagiste-brasseur.be\/nl\/#website"},"primaryImageOfPage":{"@id":"https:\/\/bandagiste-brasseur.be\/nl\/onze-producten\/technische-hulpmiddelen-thuis\/keuken\/eten-en-drinken\/isotherme-reeks\/#primaryimage"},"image":{"@id":"https:\/\/bandagiste-brasseur.be\/nl\/onze-producten\/technische-hulpmiddelen-thuis\/keuken\/eten-en-drinken\/isotherme-reeks\/#primaryimage"},"thumbnailUrl":"https:\/\/bandagiste-brasseur.be\/wp-content\/uploads\/2019\/11\/or201bl-min.jpg","datePublished":"2024-10-14T13:25:39+00:00","breadcrumb":{"@id":"https:\/\/bandagiste-brasseur.be\/nl\/onze-producten\/technische-hulpmiddelen-thuis\/keuken\/eten-en-drinken\/isotherme-reeks\/#breadcrumb"},"inLanguage":"nl-BE","potentialAction":[{"@type":"ReadAction","target":["https:\/\/bandagiste-brasseur.be\/nl\/onze-producten\/technische-hulpmiddelen-thuis\/keuken\/eten-en-drinken\/isotherme-reeks\/"]}]},{"@type":"ImageObject","inLanguage":"nl-BE","@id":"https:\/\/bandagiste-brasseur.be\/nl\/onze-producten\/technische-hulpmiddelen-thuis\/keuken\/eten-en-drinken\/isotherme-reeks\/#primaryimage","url":"https:\/\/bandagiste-brasseur.be\/wp-content\/uploads\/2019\/11\/or201bl-min.jpg","contentUrl":"https:\/\/bandagiste-brasseur.be\/wp-content\/uploads\/2019\/11\/or201bl-min.jpg","width":1000,"height":1000},{"@type":"BreadcrumbList","@id":"https:\/\/bandagiste-brasseur.be\/nl\/onze-producten\/technische-hulpmiddelen-thuis\/keuken\/eten-en-drinken\/isotherme-reeks\/#breadcrumb","itemListElement":[{"@type":"ListItem","position":1,"name":"Home","item":"https:\/\/bandagiste-brasseur.be\/nl\/"},{"@type":"ListItem","position":2,"name":"Onze producten","item":"https:\/\/bandagiste-brasseur.be\/nl\/onze-producten\/"},{"@type":"ListItem","position":3,"name":"Isotherme reeks"}]},{"@type":"WebSite","@id":"https:\/\/bandagiste-brasseur.be\/nl\/#website","url":"https:\/\/bandagiste-brasseur.be\/nl\/","name":"Bandagiste Brasseur","description":"","publisher":{"@id":"https:\/\/bandagiste-brasseur.be\/nl\/#organization"},"potentialAction":[{"@type":"SearchAction","target":{"@type":"EntryPoint","urlTemplate":"https:\/\/bandagiste-brasseur.be\/nl\/?s={search_term_string}"},"query-input":{"@type":"PropertyValueSpecification","valueRequired":true,"valueName":"search_term_string"}}],"inLanguage":"nl-BE"},{"@type":"Organization","@id":"https:\/\/bandagiste-brasseur.be\/nl\/#organization","name":"Bandagiste Brasseur","url":"https:\/\/bandagiste-brasseur.be\/nl\/","logo":{"@type":"ImageObject","inLanguage":"nl-BE","@id":"https:\/\/bandagiste-brasseur.be\/nl\/#\/schema\/logo\/image\/","url":"https:\/\/bandagiste-brasseur.be\/wp-content\/uploads\/2018\/06\/Logo-Brasseur.png","contentUrl":"https:\/\/bandagiste-brasseur.be\/wp-content\/uploads\/2018\/06\/Logo-Brasseur.png","width":327,"height":136,"caption":"Bandagiste Brasseur"},"image":{"@id":"https:\/\/bandagiste-brasseur.be\/nl\/#\/schema\/logo\/image\/"}}]}},"_links":{"self":[{"href":"https:\/\/bandagiste-brasseur.be\/nl\/wp-json\/wp\/v2\/product\/13946","targetHints":{"allow":["GET"]}}],"collection":[{"href":"https:\/\/bandagiste-brasseur.be\/nl\/wp-json\/wp\/v2\/product"}],"about":[{"href":"https:\/\/bandagiste-brasseur.be\/nl\/wp-json\/wp\/v2\/types\/product"}],"replies":[{"embeddable":true,"href":"https:\/\/bandagiste-brasseur.be\/nl\/wp-json\/wp\/v2\/comments?post=13946"}],"wp:featuredmedia":[{"embeddable":true,"href":"https:\/\/bandagiste-brasseur.be\/nl\/wp-json\/wp\/v2\/media\/8938"}],"wp:attachment":[{"href":"https:\/\/bandagiste-brasseur.be\/nl\/wp-json\/wp\/v2\/media?parent=13946"}],"wp:term":[{"taxonomy":"product_brand","embeddable":true,"href":"https:\/\/bandagiste-brasseur.be\/nl\/wp-json\/wp\/v2\/product_brand?post=13946"},{"taxonomy":"product_cat","embeddable":true,"href":"https:\/\/bandagiste-brasseur.be\/nl\/wp-json\/wp\/v2\/product_cat?post=13946"},{"taxonomy":"product_tag","embeddable":true,"href":"https:\/\/bandagiste-brasseur.be\/nl\/wp-json\/wp\/v2\/product_tag?post=13946"}],"curies":[{"name":"wp","href":"https:\/\/api.w.org\/{rel}","templated":true}]}}