{"id":14490,"date":"2019-05-28T14:12:39","date_gmt":"2024-10-14T13:29:53","guid":{"rendered":"https:\/\/bandagiste-brasseur.be\/nos-produits\/niet-gecategoriseerd\/rollz-beweging\/"},"modified":"2024-10-14T15:29:53","modified_gmt":"2024-10-14T13:29:53","slug":"rollz-beweging","status":"publish","type":"product","link":"https:\/\/bandagiste-brasseur.be\/nl\/onze-producten\/mobiliteitshulpmiddelen\/looprekken-en-rollators\/looprekken-en-rollators-voor-buiten\/rollz-beweging\/","title":{"rendered":"Roll&#8217;z Beweging"},"content":{"rendered":"<p>Rollz Motion Rollator en rolstoel in \u00e9\u00e9n Rollz Motion: Rollator en rolstoel in \u00e9\u00e9n Rollz Motion biedt alle voordelen van een rollator en een rolstoel in \u00e9\u00e9n. Dankzij de multifunctionaliteit, het gebruiksvriendelijke ontwerp en het lichtgewicht frame kunt u de Rollz Motion gemakkelijk overal mee naartoe nemen: met de auto, het vliegtuig of de trein. U hoeft niet langer te kiezen tussen lopen of geduwd worden. Deze rolstoel rollator combineert beide!<\/p>\n<p>Het geeft u meer vrijheid en laat u optimaal genieten van wandelingen, excursies, etc. Om verder te gaan&#8230; Rollz Motion is zeer compact opgevouwen, dus u kunt hem meenemen in vrijwel elk type voertuig &#8211; zelfs in een auto achter de passagiersstoel. Het innovatieve concept van de rollator vermindert de angst die sommige mensen hebben voordat ze een loophulpmiddel aanschaffen: het is een rollator in plaats van een rolstoel. Dankzij Rollz Motion ontdekken gebruikers (opnieuw) het plezier van meer vrijheid in de stad, op het platteland, in musea, in de dierentuin, etc. De rollator kan overal mee naartoe worden genomen: met de auto, het vliegtuig, de boot of de trein.<\/p>\n<p>E\u00e9n apparaat, 3 posities: U kunt uw rolstoelrollator in 3 posities gebruiken: &#8211; rollatorpositie &#8211; rolstoelpositie &#8211; opvouwbare positie voor opslag of transport Deze elegante en praktische rollator is ontworpen om u te helpen genieten van uw wandelingen.<\/p>\n<p>De Rollz Motion is verkrijgbaar in 4 kleuren 1. mat zwart 2. mat donker mauve 3. briljant wit 4. briljant turquoise Specificaties &#8211; Rollz Motion Rollator: 10,6 kg &#8211; Rollz kit fauteuil: 3,7 kg &#8211; Max. gewicht: 125 kg<\/p>\n<p>125 kg &#8211; Max. en min. gebruikershoogte: 1,60 &#8211; 1,90 m &#8211; Afmetingen open: HxLaxLo: 86 -102 x 65,5 x 63 cm &#8211; Afmetingen gesloten: HxLaxLo: 87 &#8211; 102 x 29 x 63 cm &#8211; Zitting fauteuil: HxLaxLo: 55 x 45 x 42 cm<\/p>\n","protected":false},"excerpt":{"rendered":"<p>Rollz Motion Rollator en rolstoel in \u00e9\u00e9n Rollz Motion: Rollator en rolstoel in \u00e9\u00e9n Rollz Motion biedt alle voordelen van een rollator en een rolstoel in \u00e9\u00e9n. Dankzij de multifunctionaliteit, het gebruiksvriendelijke ontwerp en het lichtgewicht frame kunt u de Rollz Motion gemakkelijk overal mee naartoe nemen: met de auto, het vliegtuig of de trein&#8230;.<\/p>\n","protected":false},"featured_media":8222,"comment_status":"closed","ping_status":"closed","template":"","meta":{"_acf_changed":false},"product_brand":[],"product_cat":[362],"product_tag":[],"class_list":{"0":"post-14490","1":"product","2":"type-product","3":"status-publish","4":"has-post-thumbnail","6":"product_cat-looprekken-en-rollators-voor-buiten","8":"first","9":"instock","10":"shipping-taxable","11":"product-type-simple"},"acf":[],"yoast_head":"<!-- This site is optimized with the Yoast SEO plugin v27.5 - https:\/\/yoast.com\/product\/yoast-seo-wordpress\/ -->\n<title>Roll&#039;z Beweging - Brasseur<\/title>\n<meta name=\"robots\" content=\"index, follow, max-snippet:-1, max-image-preview:large, max-video-preview:-1\" \/>\n<link rel=\"canonical\" href=\"https:\/\/bandagiste-brasseur.be\/nl\/onze-producten\/mobiliteitshulpmiddelen\/looprekken-en-rollators\/looprekken-en-rollators-voor-buiten\/rollz-beweging\/\" \/>\n<meta property=\"og:locale\" content=\"nl_BE\" \/>\n<meta property=\"og:type\" content=\"article\" \/>\n<meta property=\"og:title\" content=\"Roll&#039;z Beweging - Brasseur\" \/>\n<meta property=\"og:description\" content=\"Rollz Motion Rollator en rolstoel in \u00e9\u00e9n Rollz Motion: Rollator en rolstoel in \u00e9\u00e9n Rollz Motion biedt alle voordelen van een rollator en een rolstoel in \u00e9\u00e9n. Dankzij de multifunctionaliteit, het gebruiksvriendelijke ontwerp en het lichtgewicht frame kunt u de Rollz Motion gemakkelijk overal mee naartoe nemen: met de auto, het vliegtuig of de trein....\" \/>\n<meta property=\"og:url\" content=\"https:\/\/bandagiste-brasseur.be\/nl\/onze-producten\/mobiliteitshulpmiddelen\/looprekken-en-rollators\/looprekken-en-rollators-voor-buiten\/rollz-beweging\/\" \/>\n<meta property=\"og:site_name\" content=\"Brasseur\" \/>\n<meta property=\"og:image\" content=\"https:\/\/bandagiste-brasseur.be\/wp-content\/uploads\/2019\/05\/Rollz-Motion-2-transformer-jpg-cut.jpg\" \/>\n\t<meta property=\"og:image:width\" content=\"1280\" \/>\n\t<meta property=\"og:image:height\" content=\"1250\" \/>\n\t<meta property=\"og:image:type\" content=\"image\/jpeg\" \/>\n<meta name=\"twitter:card\" content=\"summary_large_image\" \/>\n<meta name=\"twitter:label1\" content=\"Geschatte leestijd\" \/>\n\t<meta name=\"twitter:data1\" content=\"1 minuut\" \/>\n<script type=\"application\/ld+json\" class=\"yoast-schema-graph\">{\"@context\":\"https:\\\/\\\/schema.org\",\"@graph\":[{\"@type\":\"WebPage\",\"@id\":\"https:\\\/\\\/bandagiste-brasseur.be\\\/nl\\\/onze-producten\\\/mobiliteitshulpmiddelen\\\/looprekken-en-rollators\\\/looprekken-en-rollators-voor-buiten\\\/rollz-beweging\\\/\",\"url\":\"https:\\\/\\\/bandagiste-brasseur.be\\\/nl\\\/onze-producten\\\/mobiliteitshulpmiddelen\\\/looprekken-en-rollators\\\/looprekken-en-rollators-voor-buiten\\\/rollz-beweging\\\/\",\"name\":\"Roll'z Beweging - Brasseur\",\"isPartOf\":{\"@id\":\"https:\\\/\\\/bandagiste-brasseur.be\\\/nl\\\/#website\"},\"primaryImageOfPage\":{\"@id\":\"https:\\\/\\\/bandagiste-brasseur.be\\\/nl\\\/onze-producten\\\/mobiliteitshulpmiddelen\\\/looprekken-en-rollators\\\/looprekken-en-rollators-voor-buiten\\\/rollz-beweging\\\/#primaryimage\"},\"image\":{\"@id\":\"https:\\\/\\\/bandagiste-brasseur.be\\\/nl\\\/onze-producten\\\/mobiliteitshulpmiddelen\\\/looprekken-en-rollators\\\/looprekken-en-rollators-voor-buiten\\\/rollz-beweging\\\/#primaryimage\"},\"thumbnailUrl\":\"https:\\\/\\\/bandagiste-brasseur.be\\\/wp-content\\\/uploads\\\/2019\\\/05\\\/Rollz-Motion-2-transformer-jpg-cut.jpg\",\"datePublished\":\"2024-10-14T13:29:53+00:00\",\"breadcrumb\":{\"@id\":\"https:\\\/\\\/bandagiste-brasseur.be\\\/nl\\\/onze-producten\\\/mobiliteitshulpmiddelen\\\/looprekken-en-rollators\\\/looprekken-en-rollators-voor-buiten\\\/rollz-beweging\\\/#breadcrumb\"},\"inLanguage\":\"nl-BE\",\"potentialAction\":[{\"@type\":\"ReadAction\",\"target\":[\"https:\\\/\\\/bandagiste-brasseur.be\\\/nl\\\/onze-producten\\\/mobiliteitshulpmiddelen\\\/looprekken-en-rollators\\\/looprekken-en-rollators-voor-buiten\\\/rollz-beweging\\\/\"]}]},{\"@type\":\"ImageObject\",\"inLanguage\":\"nl-BE\",\"@id\":\"https:\\\/\\\/bandagiste-brasseur.be\\\/nl\\\/onze-producten\\\/mobiliteitshulpmiddelen\\\/looprekken-en-rollators\\\/looprekken-en-rollators-voor-buiten\\\/rollz-beweging\\\/#primaryimage\",\"url\":\"https:\\\/\\\/bandagiste-brasseur.be\\\/wp-content\\\/uploads\\\/2019\\\/05\\\/Rollz-Motion-2-transformer-jpg-cut.jpg\",\"contentUrl\":\"https:\\\/\\\/bandagiste-brasseur.be\\\/wp-content\\\/uploads\\\/2019\\\/05\\\/Rollz-Motion-2-transformer-jpg-cut.jpg\",\"width\":1280,\"height\":1250},{\"@type\":\"BreadcrumbList\",\"@id\":\"https:\\\/\\\/bandagiste-brasseur.be\\\/nl\\\/onze-producten\\\/mobiliteitshulpmiddelen\\\/looprekken-en-rollators\\\/looprekken-en-rollators-voor-buiten\\\/rollz-beweging\\\/#breadcrumb\",\"itemListElement\":[{\"@type\":\"ListItem\",\"position\":1,\"name\":\"Home\",\"item\":\"https:\\\/\\\/bandagiste-brasseur.be\\\/nl\\\/\"},{\"@type\":\"ListItem\",\"position\":2,\"name\":\"Onze producten\",\"item\":\"https:\\\/\\\/bandagiste-brasseur.be\\\/nl\\\/onze-producten\\\/\"},{\"@type\":\"ListItem\",\"position\":3,\"name\":\"Roll&rsquo;z Beweging\"}]},{\"@type\":\"WebSite\",\"@id\":\"https:\\\/\\\/bandagiste-brasseur.be\\\/nl\\\/#website\",\"url\":\"https:\\\/\\\/bandagiste-brasseur.be\\\/nl\\\/\",\"name\":\"Bandagiste Brasseur\",\"description\":\"\",\"publisher\":{\"@id\":\"https:\\\/\\\/bandagiste-brasseur.be\\\/nl\\\/#organization\"},\"potentialAction\":[{\"@type\":\"SearchAction\",\"target\":{\"@type\":\"EntryPoint\",\"urlTemplate\":\"https:\\\/\\\/bandagiste-brasseur.be\\\/nl\\\/?s={search_term_string}\"},\"query-input\":{\"@type\":\"PropertyValueSpecification\",\"valueRequired\":true,\"valueName\":\"search_term_string\"}}],\"inLanguage\":\"nl-BE\"},{\"@type\":\"Organization\",\"@id\":\"https:\\\/\\\/bandagiste-brasseur.be\\\/nl\\\/#organization\",\"name\":\"Bandagiste Brasseur\",\"url\":\"https:\\\/\\\/bandagiste-brasseur.be\\\/nl\\\/\",\"logo\":{\"@type\":\"ImageObject\",\"inLanguage\":\"nl-BE\",\"@id\":\"https:\\\/\\\/bandagiste-brasseur.be\\\/nl\\\/#\\\/schema\\\/logo\\\/image\\\/\",\"url\":\"https:\\\/\\\/bandagiste-brasseur.be\\\/wp-content\\\/uploads\\\/2018\\\/06\\\/Logo-Brasseur.png\",\"contentUrl\":\"https:\\\/\\\/bandagiste-brasseur.be\\\/wp-content\\\/uploads\\\/2018\\\/06\\\/Logo-Brasseur.png\",\"width\":327,\"height\":136,\"caption\":\"Bandagiste Brasseur\"},\"image\":{\"@id\":\"https:\\\/\\\/bandagiste-brasseur.be\\\/nl\\\/#\\\/schema\\\/logo\\\/image\\\/\"}}]}<\/script>\n<!-- \/ Yoast SEO plugin. -->","yoast_head_json":{"title":"Roll'z Beweging - Brasseur","robots":{"index":"index","follow":"follow","max-snippet":"max-snippet:-1","max-image-preview":"max-image-preview:large","max-video-preview":"max-video-preview:-1"},"canonical":"https:\/\/bandagiste-brasseur.be\/nl\/onze-producten\/mobiliteitshulpmiddelen\/looprekken-en-rollators\/looprekken-en-rollators-voor-buiten\/rollz-beweging\/","og_locale":"nl_BE","og_type":"article","og_title":"Roll'z Beweging - Brasseur","og_description":"Rollz Motion Rollator en rolstoel in \u00e9\u00e9n Rollz Motion: Rollator en rolstoel in \u00e9\u00e9n Rollz Motion biedt alle voordelen van een rollator en een rolstoel in \u00e9\u00e9n. Dankzij de multifunctionaliteit, het gebruiksvriendelijke ontwerp en het lichtgewicht frame kunt u de Rollz Motion gemakkelijk overal mee naartoe nemen: met de auto, het vliegtuig of de trein....","og_url":"https:\/\/bandagiste-brasseur.be\/nl\/onze-producten\/mobiliteitshulpmiddelen\/looprekken-en-rollators\/looprekken-en-rollators-voor-buiten\/rollz-beweging\/","og_site_name":"Brasseur","og_image":[{"width":1280,"height":1250,"url":"https:\/\/bandagiste-brasseur.be\/wp-content\/uploads\/2019\/05\/Rollz-Motion-2-transformer-jpg-cut.jpg","type":"image\/jpeg"}],"twitter_card":"summary_large_image","twitter_misc":{"Geschatte leestijd":"1 minuut"},"schema":{"@context":"https:\/\/schema.org","@graph":[{"@type":"WebPage","@id":"https:\/\/bandagiste-brasseur.be\/nl\/onze-producten\/mobiliteitshulpmiddelen\/looprekken-en-rollators\/looprekken-en-rollators-voor-buiten\/rollz-beweging\/","url":"https:\/\/bandagiste-brasseur.be\/nl\/onze-producten\/mobiliteitshulpmiddelen\/looprekken-en-rollators\/looprekken-en-rollators-voor-buiten\/rollz-beweging\/","name":"Roll'z Beweging - Brasseur","isPartOf":{"@id":"https:\/\/bandagiste-brasseur.be\/nl\/#website"},"primaryImageOfPage":{"@id":"https:\/\/bandagiste-brasseur.be\/nl\/onze-producten\/mobiliteitshulpmiddelen\/looprekken-en-rollators\/looprekken-en-rollators-voor-buiten\/rollz-beweging\/#primaryimage"},"image":{"@id":"https:\/\/bandagiste-brasseur.be\/nl\/onze-producten\/mobiliteitshulpmiddelen\/looprekken-en-rollators\/looprekken-en-rollators-voor-buiten\/rollz-beweging\/#primaryimage"},"thumbnailUrl":"https:\/\/bandagiste-brasseur.be\/wp-content\/uploads\/2019\/05\/Rollz-Motion-2-transformer-jpg-cut.jpg","datePublished":"2024-10-14T13:29:53+00:00","breadcrumb":{"@id":"https:\/\/bandagiste-brasseur.be\/nl\/onze-producten\/mobiliteitshulpmiddelen\/looprekken-en-rollators\/looprekken-en-rollators-voor-buiten\/rollz-beweging\/#breadcrumb"},"inLanguage":"nl-BE","potentialAction":[{"@type":"ReadAction","target":["https:\/\/bandagiste-brasseur.be\/nl\/onze-producten\/mobiliteitshulpmiddelen\/looprekken-en-rollators\/looprekken-en-rollators-voor-buiten\/rollz-beweging\/"]}]},{"@type":"ImageObject","inLanguage":"nl-BE","@id":"https:\/\/bandagiste-brasseur.be\/nl\/onze-producten\/mobiliteitshulpmiddelen\/looprekken-en-rollators\/looprekken-en-rollators-voor-buiten\/rollz-beweging\/#primaryimage","url":"https:\/\/bandagiste-brasseur.be\/wp-content\/uploads\/2019\/05\/Rollz-Motion-2-transformer-jpg-cut.jpg","contentUrl":"https:\/\/bandagiste-brasseur.be\/wp-content\/uploads\/2019\/05\/Rollz-Motion-2-transformer-jpg-cut.jpg","width":1280,"height":1250},{"@type":"BreadcrumbList","@id":"https:\/\/bandagiste-brasseur.be\/nl\/onze-producten\/mobiliteitshulpmiddelen\/looprekken-en-rollators\/looprekken-en-rollators-voor-buiten\/rollz-beweging\/#breadcrumb","itemListElement":[{"@type":"ListItem","position":1,"name":"Home","item":"https:\/\/bandagiste-brasseur.be\/nl\/"},{"@type":"ListItem","position":2,"name":"Onze producten","item":"https:\/\/bandagiste-brasseur.be\/nl\/onze-producten\/"},{"@type":"ListItem","position":3,"name":"Roll&rsquo;z Beweging"}]},{"@type":"WebSite","@id":"https:\/\/bandagiste-brasseur.be\/nl\/#website","url":"https:\/\/bandagiste-brasseur.be\/nl\/","name":"Bandagiste Brasseur","description":"","publisher":{"@id":"https:\/\/bandagiste-brasseur.be\/nl\/#organization"},"potentialAction":[{"@type":"SearchAction","target":{"@type":"EntryPoint","urlTemplate":"https:\/\/bandagiste-brasseur.be\/nl\/?s={search_term_string}"},"query-input":{"@type":"PropertyValueSpecification","valueRequired":true,"valueName":"search_term_string"}}],"inLanguage":"nl-BE"},{"@type":"Organization","@id":"https:\/\/bandagiste-brasseur.be\/nl\/#organization","name":"Bandagiste Brasseur","url":"https:\/\/bandagiste-brasseur.be\/nl\/","logo":{"@type":"ImageObject","inLanguage":"nl-BE","@id":"https:\/\/bandagiste-brasseur.be\/nl\/#\/schema\/logo\/image\/","url":"https:\/\/bandagiste-brasseur.be\/wp-content\/uploads\/2018\/06\/Logo-Brasseur.png","contentUrl":"https:\/\/bandagiste-brasseur.be\/wp-content\/uploads\/2018\/06\/Logo-Brasseur.png","width":327,"height":136,"caption":"Bandagiste Brasseur"},"image":{"@id":"https:\/\/bandagiste-brasseur.be\/nl\/#\/schema\/logo\/image\/"}}]}},"_links":{"self":[{"href":"https:\/\/bandagiste-brasseur.be\/nl\/wp-json\/wp\/v2\/product\/14490","targetHints":{"allow":["GET"]}}],"collection":[{"href":"https:\/\/bandagiste-brasseur.be\/nl\/wp-json\/wp\/v2\/product"}],"about":[{"href":"https:\/\/bandagiste-brasseur.be\/nl\/wp-json\/wp\/v2\/types\/product"}],"replies":[{"embeddable":true,"href":"https:\/\/bandagiste-brasseur.be\/nl\/wp-json\/wp\/v2\/comments?post=14490"}],"wp:featuredmedia":[{"embeddable":true,"href":"https:\/\/bandagiste-brasseur.be\/nl\/wp-json\/wp\/v2\/media\/8222"}],"wp:attachment":[{"href":"https:\/\/bandagiste-brasseur.be\/nl\/wp-json\/wp\/v2\/media?parent=14490"}],"wp:term":[{"taxonomy":"product_brand","embeddable":true,"href":"https:\/\/bandagiste-brasseur.be\/nl\/wp-json\/wp\/v2\/product_brand?post=14490"},{"taxonomy":"product_cat","embeddable":true,"href":"https:\/\/bandagiste-brasseur.be\/nl\/wp-json\/wp\/v2\/product_cat?post=14490"},{"taxonomy":"product_tag","embeddable":true,"href":"https:\/\/bandagiste-brasseur.be\/nl\/wp-json\/wp\/v2\/product_tag?post=14490"}],"curies":[{"name":"wp","href":"https:\/\/api.w.org\/{rel}","templated":true}]}}