{"id":14817,"date":"2019-11-26T13:13:01","date_gmt":"2024-10-14T13:32:31","guid":{"rendered":"https:\/\/bandagiste-brasseur.be\/nos-produits\/niet-gecategoriseerd\/concertina\/"},"modified":"2024-10-14T15:32:31","modified_gmt":"2024-10-14T13:32:31","slug":"concertina","status":"publish","type":"product","link":"https:\/\/bandagiste-brasseur.be\/nl\/onze-producten\/medische-praktijk-diagnostiek\/medische-gevallen\/concertina\/","title":{"rendered":"Concertina"},"content":{"rendered":"<p>Stevig aluminium frame met ge\u00efntegreerd slot: opent met \u00e9\u00e9n vinger en sluit automatisch. Koffer met verstelbare vakken. Hard plastic interieur. Documentvak. Twee schuimrubberen legplanken voor 46 lampen. Twee handgrepen.<\/p>\n<p>Variant 1: in echt leer, krasbestendig of imitatieleer. Binnenhoogte bodem: 12 cm Afmetingen: 43 cm x 21 cm x 27 cm (L\/W\/H) Gewicht: 3900 g Leer, zwart 1.06.111<\/p>\n<p>06.111 Leer, bordeauxrood 1.06.113 Kunstleer, zwart 1.06.311 Kunstleer, bordeauxrood 1.06.313 Variant 2: in echt leer, krasbestendig of in kunstleer. Inwendige hoogte: 12 cm        <\/p>\n<p>voet: 17 cm Afmetingen: 43 cm x 21 cm x 32 cm (L\/W\/H) Gewicht: 4200 g \/ 4100 g Leer, zwart 1.06.121 Leer, bruin 1.06.122 Leer, bordeaux 1.06.123 Imitatie, zwart 1.06.321 Imitatie, bruin 1.06.322 Imitatie, bordeaux 1.06.323<\/p>\n","protected":false},"excerpt":{"rendered":"<p>Stevig aluminium frame met ge\u00efntegreerd slot: opent met \u00e9\u00e9n vinger en sluit automatisch. Koffer met verstelbare vakken. Hard plastic interieur. Documentvak. Twee schuimrubberen legplanken voor 46 lampen. Twee handgrepen.<\/p>\n<p>Variant 1: in echt leer, krasbestendig of imitatieleer. Binnenhoogte bodem: 12 cm Afmetingen: 43 cm x 21 cm x 27 cm (L\/W\/H) Gewicht: 3900 g Leer, zwart 1.06.111<\/p>\n<p>06.111 Leer, bordeauxrood 1.06.113 Kunstleer, zwart 1.06.311 Kunstleer, bordeauxrood 1.06.313 Variant 2: in echt leer, krasbestendig of in kunstleer. Inwendige hoogte: 12 cm        <\/p>\n<p>voet: 17 cm Afmetingen: 43 cm x 21 cm x 32 cm (L\/W\/H) Gewicht: 4200 g \/ 4100 g Leer, zwart 1.06.121 Leer, bruin 1.06.122 Leer, bordeaux 1.06.123 Imitatie, zwart 1.06.321 Imitatie, bruin 1.06.322 Imitatie, bordeaux 1.06.323<\/p>\n","protected":false},"featured_media":8955,"comment_status":"closed","ping_status":"open","template":"","meta":{"_acf_changed":false},"product_brand":[],"product_cat":[470],"product_tag":[],"class_list":{"0":"post-14817","1":"product","2":"type-product","3":"status-publish","4":"has-post-thumbnail","6":"product_cat-medische-gevallen","8":"first","9":"instock","10":"product-type-simple"},"acf":[],"yoast_head":"<!-- This site is optimized with the Yoast SEO plugin v26.2 - https:\/\/yoast.com\/wordpress\/plugins\/seo\/ -->\n<title>Concertina - Brasseur<\/title>\n<meta name=\"robots\" content=\"index, follow, max-snippet:-1, max-image-preview:large, max-video-preview:-1\" \/>\n<link rel=\"canonical\" href=\"https:\/\/bandagiste-brasseur.be\/nos-produits\/cabinet-medical-diagnostique\/valises-medicales\/concertina\/\" \/>\n<meta property=\"og:locale\" content=\"nl_BE\" \/>\n<meta property=\"og:type\" content=\"article\" \/>\n<meta property=\"og:title\" content=\"Concertina - Brasseur\" \/>\n<meta property=\"og:description\" content=\"Stevig aluminium frame met ge\u00efntegreerd slot: opent met \u00e9\u00e9n vinger en sluit automatisch. Koffer met verstelbare vakken. Hard plastic interieur. Documentvak. Twee schuimrubberen legplanken voor 46 lampen. Twee handgrepen.  Variant 1: in echt leer, krasbestendig of imitatieleer. Binnenhoogte bodem: 12 cm Afmetingen: 43 cm x 21 cm x 27 cm (L\/W\/H) Gewicht: 3900 g Leer, zwart 1.06.111  06.111 Leer, bordeauxrood 1.06.113 Kunstleer, zwart 1.06.311 Kunstleer, bordeauxrood 1.06.313 Variant 2: in echt leer, krasbestendig of in kunstleer. Inwendige hoogte: 12 cm        voet: 17 cm Afmetingen: 43 cm x 21 cm x 32 cm (L\/W\/H) Gewicht: 4200 g \/ 4100 g Leer, zwart 1.06.121 Leer, bruin 1.06.122 Leer, bordeaux 1.06.123 Imitatie, zwart 1.06.321 Imitatie, bruin 1.06.322 Imitatie, bordeaux 1.06.323\" \/>\n<meta property=\"og:url\" content=\"https:\/\/bandagiste-brasseur.be\/nos-produits\/cabinet-medical-diagnostique\/valises-medicales\/concertina\/\" \/>\n<meta property=\"og:site_name\" content=\"Brasseur\" \/>\n<meta property=\"og:image\" content=\"https:\/\/bandagiste-brasseur.be\/wp-content\/uploads\/2019\/11\/out_conzertina_schwarz.jpg\" \/>\n\t<meta property=\"og:image:width\" content=\"1000\" \/>\n\t<meta property=\"og:image:height\" content=\"1000\" \/>\n\t<meta property=\"og:image:type\" content=\"image\/jpeg\" \/>\n<meta name=\"twitter:card\" content=\"summary_large_image\" \/>\n<script type=\"application\/ld+json\" class=\"yoast-schema-graph\">{\"@context\":\"https:\/\/schema.org\",\"@graph\":[{\"@type\":\"WebPage\",\"@id\":\"https:\/\/bandagiste-brasseur.be\/nos-produits\/cabinet-medical-diagnostique\/valises-medicales\/concertina\/\",\"url\":\"https:\/\/bandagiste-brasseur.be\/nos-produits\/cabinet-medical-diagnostique\/valises-medicales\/concertina\/\",\"name\":\"Concertina - Brasseur\",\"isPartOf\":{\"@id\":\"https:\/\/bandagiste-brasseur.be\/#website\"},\"primaryImageOfPage\":{\"@id\":\"https:\/\/bandagiste-brasseur.be\/nos-produits\/cabinet-medical-diagnostique\/valises-medicales\/concertina\/#primaryimage\"},\"image\":{\"@id\":\"https:\/\/bandagiste-brasseur.be\/nos-produits\/cabinet-medical-diagnostique\/valises-medicales\/concertina\/#primaryimage\"},\"thumbnailUrl\":\"https:\/\/bandagiste-brasseur.be\/wp-content\/uploads\/2019\/11\/out_conzertina_schwarz.jpg\",\"datePublished\":\"2024-10-14T13:32:31+00:00\",\"breadcrumb\":{\"@id\":\"https:\/\/bandagiste-brasseur.be\/nos-produits\/cabinet-medical-diagnostique\/valises-medicales\/concertina\/#breadcrumb\"},\"inLanguage\":\"nl-BE\",\"potentialAction\":[{\"@type\":\"ReadAction\",\"target\":[\"https:\/\/bandagiste-brasseur.be\/nos-produits\/cabinet-medical-diagnostique\/valises-medicales\/concertina\/\"]}]},{\"@type\":\"ImageObject\",\"inLanguage\":\"nl-BE\",\"@id\":\"https:\/\/bandagiste-brasseur.be\/nos-produits\/cabinet-medical-diagnostique\/valises-medicales\/concertina\/#primaryimage\",\"url\":\"https:\/\/bandagiste-brasseur.be\/wp-content\/uploads\/2019\/11\/out_conzertina_schwarz.jpg\",\"contentUrl\":\"https:\/\/bandagiste-brasseur.be\/wp-content\/uploads\/2019\/11\/out_conzertina_schwarz.jpg\",\"width\":1000,\"height\":1000},{\"@type\":\"BreadcrumbList\",\"@id\":\"https:\/\/bandagiste-brasseur.be\/nos-produits\/cabinet-medical-diagnostique\/valises-medicales\/concertina\/#breadcrumb\",\"itemListElement\":[{\"@type\":\"ListItem\",\"position\":1,\"name\":\"Home\",\"item\":\"https:\/\/bandagiste-brasseur.be\/nl\/\"},{\"@type\":\"ListItem\",\"position\":2,\"name\":\"Onze producten\",\"item\":\"https:\/\/bandagiste-brasseur.be\/nl\/onze-producten\/\"},{\"@type\":\"ListItem\",\"position\":3,\"name\":\"Concertina\"}]},{\"@type\":\"WebSite\",\"@id\":\"https:\/\/bandagiste-brasseur.be\/#website\",\"url\":\"https:\/\/bandagiste-brasseur.be\/\",\"name\":\"Brasseur\",\"description\":\"\",\"potentialAction\":[{\"@type\":\"SearchAction\",\"target\":{\"@type\":\"EntryPoint\",\"urlTemplate\":\"https:\/\/bandagiste-brasseur.be\/?s={search_term_string}\"},\"query-input\":{\"@type\":\"PropertyValueSpecification\",\"valueRequired\":true,\"valueName\":\"search_term_string\"}}],\"inLanguage\":\"nl-BE\"}]}<\/script>\n<!-- \/ Yoast SEO plugin. -->","yoast_head_json":{"title":"Concertina - Brasseur","robots":{"index":"index","follow":"follow","max-snippet":"max-snippet:-1","max-image-preview":"max-image-preview:large","max-video-preview":"max-video-preview:-1"},"canonical":"https:\/\/bandagiste-brasseur.be\/nos-produits\/cabinet-medical-diagnostique\/valises-medicales\/concertina\/","og_locale":"nl_BE","og_type":"article","og_title":"Concertina - Brasseur","og_description":"Stevig aluminium frame met ge\u00efntegreerd slot: opent met \u00e9\u00e9n vinger en sluit automatisch. Koffer met verstelbare vakken. Hard plastic interieur. Documentvak. Twee schuimrubberen legplanken voor 46 lampen. Twee handgrepen.  Variant 1: in echt leer, krasbestendig of imitatieleer. Binnenhoogte bodem: 12 cm Afmetingen: 43 cm x 21 cm x 27 cm (L\/W\/H) Gewicht: 3900 g Leer, zwart 1.06.111  06.111 Leer, bordeauxrood 1.06.113 Kunstleer, zwart 1.06.311 Kunstleer, bordeauxrood 1.06.313 Variant 2: in echt leer, krasbestendig of in kunstleer. Inwendige hoogte: 12 cm        voet: 17 cm Afmetingen: 43 cm x 21 cm x 32 cm (L\/W\/H) Gewicht: 4200 g \/ 4100 g Leer, zwart 1.06.121 Leer, bruin 1.06.122 Leer, bordeaux 1.06.123 Imitatie, zwart 1.06.321 Imitatie, bruin 1.06.322 Imitatie, bordeaux 1.06.323","og_url":"https:\/\/bandagiste-brasseur.be\/nos-produits\/cabinet-medical-diagnostique\/valises-medicales\/concertina\/","og_site_name":"Brasseur","og_image":[{"width":1000,"height":1000,"url":"https:\/\/bandagiste-brasseur.be\/wp-content\/uploads\/2019\/11\/out_conzertina_schwarz.jpg","type":"image\/jpeg"}],"twitter_card":"summary_large_image","schema":{"@context":"https:\/\/schema.org","@graph":[{"@type":"WebPage","@id":"https:\/\/bandagiste-brasseur.be\/nos-produits\/cabinet-medical-diagnostique\/valises-medicales\/concertina\/","url":"https:\/\/bandagiste-brasseur.be\/nos-produits\/cabinet-medical-diagnostique\/valises-medicales\/concertina\/","name":"Concertina - Brasseur","isPartOf":{"@id":"https:\/\/bandagiste-brasseur.be\/#website"},"primaryImageOfPage":{"@id":"https:\/\/bandagiste-brasseur.be\/nos-produits\/cabinet-medical-diagnostique\/valises-medicales\/concertina\/#primaryimage"},"image":{"@id":"https:\/\/bandagiste-brasseur.be\/nos-produits\/cabinet-medical-diagnostique\/valises-medicales\/concertina\/#primaryimage"},"thumbnailUrl":"https:\/\/bandagiste-brasseur.be\/wp-content\/uploads\/2019\/11\/out_conzertina_schwarz.jpg","datePublished":"2024-10-14T13:32:31+00:00","breadcrumb":{"@id":"https:\/\/bandagiste-brasseur.be\/nos-produits\/cabinet-medical-diagnostique\/valises-medicales\/concertina\/#breadcrumb"},"inLanguage":"nl-BE","potentialAction":[{"@type":"ReadAction","target":["https:\/\/bandagiste-brasseur.be\/nos-produits\/cabinet-medical-diagnostique\/valises-medicales\/concertina\/"]}]},{"@type":"ImageObject","inLanguage":"nl-BE","@id":"https:\/\/bandagiste-brasseur.be\/nos-produits\/cabinet-medical-diagnostique\/valises-medicales\/concertina\/#primaryimage","url":"https:\/\/bandagiste-brasseur.be\/wp-content\/uploads\/2019\/11\/out_conzertina_schwarz.jpg","contentUrl":"https:\/\/bandagiste-brasseur.be\/wp-content\/uploads\/2019\/11\/out_conzertina_schwarz.jpg","width":1000,"height":1000},{"@type":"BreadcrumbList","@id":"https:\/\/bandagiste-brasseur.be\/nos-produits\/cabinet-medical-diagnostique\/valises-medicales\/concertina\/#breadcrumb","itemListElement":[{"@type":"ListItem","position":1,"name":"Home","item":"https:\/\/bandagiste-brasseur.be\/nl\/"},{"@type":"ListItem","position":2,"name":"Onze producten","item":"https:\/\/bandagiste-brasseur.be\/nl\/onze-producten\/"},{"@type":"ListItem","position":3,"name":"Concertina"}]},{"@type":"WebSite","@id":"https:\/\/bandagiste-brasseur.be\/#website","url":"https:\/\/bandagiste-brasseur.be\/","name":"Brasseur","description":"","potentialAction":[{"@type":"SearchAction","target":{"@type":"EntryPoint","urlTemplate":"https:\/\/bandagiste-brasseur.be\/?s={search_term_string}"},"query-input":{"@type":"PropertyValueSpecification","valueRequired":true,"valueName":"search_term_string"}}],"inLanguage":"nl-BE"}]}},"_links":{"self":[{"href":"https:\/\/bandagiste-brasseur.be\/nl\/wp-json\/wp\/v2\/product\/14817","targetHints":{"allow":["GET"]}}],"collection":[{"href":"https:\/\/bandagiste-brasseur.be\/nl\/wp-json\/wp\/v2\/product"}],"about":[{"href":"https:\/\/bandagiste-brasseur.be\/nl\/wp-json\/wp\/v2\/types\/product"}],"replies":[{"embeddable":true,"href":"https:\/\/bandagiste-brasseur.be\/nl\/wp-json\/wp\/v2\/comments?post=14817"}],"wp:featuredmedia":[{"embeddable":true,"href":"https:\/\/bandagiste-brasseur.be\/nl\/wp-json\/wp\/v2\/media\/8955"}],"wp:attachment":[{"href":"https:\/\/bandagiste-brasseur.be\/nl\/wp-json\/wp\/v2\/media?parent=14817"}],"wp:term":[{"taxonomy":"product_brand","embeddable":true,"href":"https:\/\/bandagiste-brasseur.be\/nl\/wp-json\/wp\/v2\/product_brand?post=14817"},{"taxonomy":"product_cat","embeddable":true,"href":"https:\/\/bandagiste-brasseur.be\/nl\/wp-json\/wp\/v2\/product_cat?post=14817"},{"taxonomy":"product_tag","embeddable":true,"href":"https:\/\/bandagiste-brasseur.be\/nl\/wp-json\/wp\/v2\/product_tag?post=14817"}],"curies":[{"name":"wp","href":"https:\/\/api.w.org\/{rel}","templated":true}]}}