{"id":14832,"date":"2019-11-26T13:13:01","date_gmt":"2024-10-14T13:32:36","guid":{"rendered":"https:\/\/bandagiste-brasseur.be\/nos-produits\/niet-gecategoriseerd\/prameta-grijze-tourniquet\/"},"modified":"2024-10-14T15:32:36","modified_gmt":"2024-10-14T13:32:36","slug":"prameta-grijze-tourniquet","status":"publish","type":"product","link":"https:\/\/bandagiste-brasseur.be\/nl\/onze-producten\/medische-praktijk-diagnostiek\/diverse-apparatuur\/schoft\/prameta-grijze-tourniquet\/","title":{"rendered":"Pr\u00e4meta Grijze Tourniquet"},"content":{"rendered":"<p>Pr\u00e4meta Tourniquet Grijs De Pr\u00e4meta Tourniquet is een hoogwaardige tourniquet met een stevige metalen sluiting van een speciale legering. Het is ontworpen voor gebruik met \u00e9\u00e9n hand en zorgt voor gecontroleerde veneuze decongestie.<\/p>\n","protected":false},"excerpt":{"rendered":"<p>Pr\u00e4meta Tourniquet Grijs De Pr\u00e4meta Tourniquet is een hoogwaardige tourniquet met een stevige metalen sluiting van een speciale legering. Het is ontworpen voor gebruik met \u00e9\u00e9n hand en zorgt voor gecontroleerde veneuze decongestie.<\/p>\n","protected":false},"featured_media":9213,"comment_status":"closed","ping_status":"closed","template":"","meta":{"_acf_changed":false},"product_brand":[],"product_cat":[473],"product_tag":[],"class_list":{"0":"post-14832","1":"product","2":"type-product","3":"status-publish","4":"has-post-thumbnail","6":"product_cat-schoft","8":"first","9":"instock","10":"product-type-simple"},"acf":[],"yoast_head":"<!-- This site is optimized with the Yoast SEO plugin v27.5 - https:\/\/yoast.com\/product\/yoast-seo-wordpress\/ -->\n<title>Pr\u00e4meta Grijze Tourniquet - Brasseur<\/title>\n<meta name=\"robots\" content=\"index, follow, max-snippet:-1, max-image-preview:large, max-video-preview:-1\" \/>\n<link rel=\"canonical\" href=\"https:\/\/bandagiste-brasseur.be\/nl\/onze-producten\/medische-praktijk-diagnostiek\/diverse-apparatuur\/schoft\/prameta-grijze-tourniquet\/\" \/>\n<meta property=\"og:locale\" content=\"nl_BE\" \/>\n<meta property=\"og:type\" content=\"article\" \/>\n<meta property=\"og:title\" content=\"Pr\u00e4meta Grijze Tourniquet - Brasseur\" \/>\n<meta property=\"og:description\" content=\"Pr\u00e4meta Tourniquet Grijs De Pr\u00e4meta Tourniquet is een hoogwaardige tourniquet met een stevige metalen sluiting van een speciale legering. Het is ontworpen voor gebruik met \u00e9\u00e9n hand en zorgt voor gecontroleerde veneuze decongestie.\" \/>\n<meta property=\"og:url\" content=\"https:\/\/bandagiste-brasseur.be\/nl\/onze-producten\/medische-praktijk-diagnostiek\/diverse-apparatuur\/schoft\/prameta-grijze-tourniquet\/\" \/>\n<meta property=\"og:site_name\" content=\"Brasseur\" \/>\n<meta property=\"og:image\" content=\"https:\/\/bandagiste-brasseur.be\/wp-content\/uploads\/2019\/11\/Prameta-garrot-gris.jpg\" \/>\n\t<meta property=\"og:image:width\" content=\"300\" \/>\n\t<meta property=\"og:image:height\" content=\"300\" \/>\n\t<meta property=\"og:image:type\" content=\"image\/jpeg\" \/>\n<meta name=\"twitter:card\" content=\"summary_large_image\" \/>\n<script type=\"application\/ld+json\" class=\"yoast-schema-graph\">{\"@context\":\"https:\\\/\\\/schema.org\",\"@graph\":[{\"@type\":\"WebPage\",\"@id\":\"https:\\\/\\\/bandagiste-brasseur.be\\\/nl\\\/onze-producten\\\/medische-praktijk-diagnostiek\\\/diverse-apparatuur\\\/schoft\\\/prameta-grijze-tourniquet\\\/\",\"url\":\"https:\\\/\\\/bandagiste-brasseur.be\\\/nl\\\/onze-producten\\\/medische-praktijk-diagnostiek\\\/diverse-apparatuur\\\/schoft\\\/prameta-grijze-tourniquet\\\/\",\"name\":\"Pr\u00e4meta Grijze Tourniquet - Brasseur\",\"isPartOf\":{\"@id\":\"https:\\\/\\\/bandagiste-brasseur.be\\\/nl\\\/#website\"},\"primaryImageOfPage\":{\"@id\":\"https:\\\/\\\/bandagiste-brasseur.be\\\/nl\\\/onze-producten\\\/medische-praktijk-diagnostiek\\\/diverse-apparatuur\\\/schoft\\\/prameta-grijze-tourniquet\\\/#primaryimage\"},\"image\":{\"@id\":\"https:\\\/\\\/bandagiste-brasseur.be\\\/nl\\\/onze-producten\\\/medische-praktijk-diagnostiek\\\/diverse-apparatuur\\\/schoft\\\/prameta-grijze-tourniquet\\\/#primaryimage\"},\"thumbnailUrl\":\"https:\\\/\\\/bandagiste-brasseur.be\\\/wp-content\\\/uploads\\\/2019\\\/11\\\/Prameta-garrot-gris.jpg\",\"datePublished\":\"2024-10-14T13:32:36+00:00\",\"breadcrumb\":{\"@id\":\"https:\\\/\\\/bandagiste-brasseur.be\\\/nl\\\/onze-producten\\\/medische-praktijk-diagnostiek\\\/diverse-apparatuur\\\/schoft\\\/prameta-grijze-tourniquet\\\/#breadcrumb\"},\"inLanguage\":\"nl-BE\",\"potentialAction\":[{\"@type\":\"ReadAction\",\"target\":[\"https:\\\/\\\/bandagiste-brasseur.be\\\/nl\\\/onze-producten\\\/medische-praktijk-diagnostiek\\\/diverse-apparatuur\\\/schoft\\\/prameta-grijze-tourniquet\\\/\"]}]},{\"@type\":\"ImageObject\",\"inLanguage\":\"nl-BE\",\"@id\":\"https:\\\/\\\/bandagiste-brasseur.be\\\/nl\\\/onze-producten\\\/medische-praktijk-diagnostiek\\\/diverse-apparatuur\\\/schoft\\\/prameta-grijze-tourniquet\\\/#primaryimage\",\"url\":\"https:\\\/\\\/bandagiste-brasseur.be\\\/wp-content\\\/uploads\\\/2019\\\/11\\\/Prameta-garrot-gris.jpg\",\"contentUrl\":\"https:\\\/\\\/bandagiste-brasseur.be\\\/wp-content\\\/uploads\\\/2019\\\/11\\\/Prameta-garrot-gris.jpg\",\"width\":300,\"height\":300},{\"@type\":\"BreadcrumbList\",\"@id\":\"https:\\\/\\\/bandagiste-brasseur.be\\\/nl\\\/onze-producten\\\/medische-praktijk-diagnostiek\\\/diverse-apparatuur\\\/schoft\\\/prameta-grijze-tourniquet\\\/#breadcrumb\",\"itemListElement\":[{\"@type\":\"ListItem\",\"position\":1,\"name\":\"Home\",\"item\":\"https:\\\/\\\/bandagiste-brasseur.be\\\/nl\\\/\"},{\"@type\":\"ListItem\",\"position\":2,\"name\":\"Onze producten\",\"item\":\"https:\\\/\\\/bandagiste-brasseur.be\\\/nl\\\/onze-producten\\\/\"},{\"@type\":\"ListItem\",\"position\":3,\"name\":\"Pr\u00e4meta Grijze Tourniquet\"}]},{\"@type\":\"WebSite\",\"@id\":\"https:\\\/\\\/bandagiste-brasseur.be\\\/nl\\\/#website\",\"url\":\"https:\\\/\\\/bandagiste-brasseur.be\\\/nl\\\/\",\"name\":\"Bandagiste Brasseur\",\"description\":\"\",\"publisher\":{\"@id\":\"https:\\\/\\\/bandagiste-brasseur.be\\\/nl\\\/#organization\"},\"potentialAction\":[{\"@type\":\"SearchAction\",\"target\":{\"@type\":\"EntryPoint\",\"urlTemplate\":\"https:\\\/\\\/bandagiste-brasseur.be\\\/nl\\\/?s={search_term_string}\"},\"query-input\":{\"@type\":\"PropertyValueSpecification\",\"valueRequired\":true,\"valueName\":\"search_term_string\"}}],\"inLanguage\":\"nl-BE\"},{\"@type\":\"Organization\",\"@id\":\"https:\\\/\\\/bandagiste-brasseur.be\\\/nl\\\/#organization\",\"name\":\"Bandagiste Brasseur\",\"url\":\"https:\\\/\\\/bandagiste-brasseur.be\\\/nl\\\/\",\"logo\":{\"@type\":\"ImageObject\",\"inLanguage\":\"nl-BE\",\"@id\":\"https:\\\/\\\/bandagiste-brasseur.be\\\/nl\\\/#\\\/schema\\\/logo\\\/image\\\/\",\"url\":\"https:\\\/\\\/bandagiste-brasseur.be\\\/wp-content\\\/uploads\\\/2018\\\/06\\\/Logo-Brasseur.png\",\"contentUrl\":\"https:\\\/\\\/bandagiste-brasseur.be\\\/wp-content\\\/uploads\\\/2018\\\/06\\\/Logo-Brasseur.png\",\"width\":327,\"height\":136,\"caption\":\"Bandagiste Brasseur\"},\"image\":{\"@id\":\"https:\\\/\\\/bandagiste-brasseur.be\\\/nl\\\/#\\\/schema\\\/logo\\\/image\\\/\"}}]}<\/script>\n<!-- \/ Yoast SEO plugin. -->","yoast_head_json":{"title":"Pr\u00e4meta Grijze Tourniquet - Brasseur","robots":{"index":"index","follow":"follow","max-snippet":"max-snippet:-1","max-image-preview":"max-image-preview:large","max-video-preview":"max-video-preview:-1"},"canonical":"https:\/\/bandagiste-brasseur.be\/nl\/onze-producten\/medische-praktijk-diagnostiek\/diverse-apparatuur\/schoft\/prameta-grijze-tourniquet\/","og_locale":"nl_BE","og_type":"article","og_title":"Pr\u00e4meta Grijze Tourniquet - Brasseur","og_description":"Pr\u00e4meta Tourniquet Grijs De Pr\u00e4meta Tourniquet is een hoogwaardige tourniquet met een stevige metalen sluiting van een speciale legering. Het is ontworpen voor gebruik met \u00e9\u00e9n hand en zorgt voor gecontroleerde veneuze decongestie.","og_url":"https:\/\/bandagiste-brasseur.be\/nl\/onze-producten\/medische-praktijk-diagnostiek\/diverse-apparatuur\/schoft\/prameta-grijze-tourniquet\/","og_site_name":"Brasseur","og_image":[{"width":300,"height":300,"url":"https:\/\/bandagiste-brasseur.be\/wp-content\/uploads\/2019\/11\/Prameta-garrot-gris.jpg","type":"image\/jpeg"}],"twitter_card":"summary_large_image","schema":{"@context":"https:\/\/schema.org","@graph":[{"@type":"WebPage","@id":"https:\/\/bandagiste-brasseur.be\/nl\/onze-producten\/medische-praktijk-diagnostiek\/diverse-apparatuur\/schoft\/prameta-grijze-tourniquet\/","url":"https:\/\/bandagiste-brasseur.be\/nl\/onze-producten\/medische-praktijk-diagnostiek\/diverse-apparatuur\/schoft\/prameta-grijze-tourniquet\/","name":"Pr\u00e4meta Grijze Tourniquet - Brasseur","isPartOf":{"@id":"https:\/\/bandagiste-brasseur.be\/nl\/#website"},"primaryImageOfPage":{"@id":"https:\/\/bandagiste-brasseur.be\/nl\/onze-producten\/medische-praktijk-diagnostiek\/diverse-apparatuur\/schoft\/prameta-grijze-tourniquet\/#primaryimage"},"image":{"@id":"https:\/\/bandagiste-brasseur.be\/nl\/onze-producten\/medische-praktijk-diagnostiek\/diverse-apparatuur\/schoft\/prameta-grijze-tourniquet\/#primaryimage"},"thumbnailUrl":"https:\/\/bandagiste-brasseur.be\/wp-content\/uploads\/2019\/11\/Prameta-garrot-gris.jpg","datePublished":"2024-10-14T13:32:36+00:00","breadcrumb":{"@id":"https:\/\/bandagiste-brasseur.be\/nl\/onze-producten\/medische-praktijk-diagnostiek\/diverse-apparatuur\/schoft\/prameta-grijze-tourniquet\/#breadcrumb"},"inLanguage":"nl-BE","potentialAction":[{"@type":"ReadAction","target":["https:\/\/bandagiste-brasseur.be\/nl\/onze-producten\/medische-praktijk-diagnostiek\/diverse-apparatuur\/schoft\/prameta-grijze-tourniquet\/"]}]},{"@type":"ImageObject","inLanguage":"nl-BE","@id":"https:\/\/bandagiste-brasseur.be\/nl\/onze-producten\/medische-praktijk-diagnostiek\/diverse-apparatuur\/schoft\/prameta-grijze-tourniquet\/#primaryimage","url":"https:\/\/bandagiste-brasseur.be\/wp-content\/uploads\/2019\/11\/Prameta-garrot-gris.jpg","contentUrl":"https:\/\/bandagiste-brasseur.be\/wp-content\/uploads\/2019\/11\/Prameta-garrot-gris.jpg","width":300,"height":300},{"@type":"BreadcrumbList","@id":"https:\/\/bandagiste-brasseur.be\/nl\/onze-producten\/medische-praktijk-diagnostiek\/diverse-apparatuur\/schoft\/prameta-grijze-tourniquet\/#breadcrumb","itemListElement":[{"@type":"ListItem","position":1,"name":"Home","item":"https:\/\/bandagiste-brasseur.be\/nl\/"},{"@type":"ListItem","position":2,"name":"Onze producten","item":"https:\/\/bandagiste-brasseur.be\/nl\/onze-producten\/"},{"@type":"ListItem","position":3,"name":"Pr\u00e4meta Grijze Tourniquet"}]},{"@type":"WebSite","@id":"https:\/\/bandagiste-brasseur.be\/nl\/#website","url":"https:\/\/bandagiste-brasseur.be\/nl\/","name":"Bandagiste Brasseur","description":"","publisher":{"@id":"https:\/\/bandagiste-brasseur.be\/nl\/#organization"},"potentialAction":[{"@type":"SearchAction","target":{"@type":"EntryPoint","urlTemplate":"https:\/\/bandagiste-brasseur.be\/nl\/?s={search_term_string}"},"query-input":{"@type":"PropertyValueSpecification","valueRequired":true,"valueName":"search_term_string"}}],"inLanguage":"nl-BE"},{"@type":"Organization","@id":"https:\/\/bandagiste-brasseur.be\/nl\/#organization","name":"Bandagiste Brasseur","url":"https:\/\/bandagiste-brasseur.be\/nl\/","logo":{"@type":"ImageObject","inLanguage":"nl-BE","@id":"https:\/\/bandagiste-brasseur.be\/nl\/#\/schema\/logo\/image\/","url":"https:\/\/bandagiste-brasseur.be\/wp-content\/uploads\/2018\/06\/Logo-Brasseur.png","contentUrl":"https:\/\/bandagiste-brasseur.be\/wp-content\/uploads\/2018\/06\/Logo-Brasseur.png","width":327,"height":136,"caption":"Bandagiste Brasseur"},"image":{"@id":"https:\/\/bandagiste-brasseur.be\/nl\/#\/schema\/logo\/image\/"}}]}},"_links":{"self":[{"href":"https:\/\/bandagiste-brasseur.be\/nl\/wp-json\/wp\/v2\/product\/14832","targetHints":{"allow":["GET"]}}],"collection":[{"href":"https:\/\/bandagiste-brasseur.be\/nl\/wp-json\/wp\/v2\/product"}],"about":[{"href":"https:\/\/bandagiste-brasseur.be\/nl\/wp-json\/wp\/v2\/types\/product"}],"replies":[{"embeddable":true,"href":"https:\/\/bandagiste-brasseur.be\/nl\/wp-json\/wp\/v2\/comments?post=14832"}],"wp:featuredmedia":[{"embeddable":true,"href":"https:\/\/bandagiste-brasseur.be\/nl\/wp-json\/wp\/v2\/media\/9213"}],"wp:attachment":[{"href":"https:\/\/bandagiste-brasseur.be\/nl\/wp-json\/wp\/v2\/media?parent=14832"}],"wp:term":[{"taxonomy":"product_brand","embeddable":true,"href":"https:\/\/bandagiste-brasseur.be\/nl\/wp-json\/wp\/v2\/product_brand?post=14832"},{"taxonomy":"product_cat","embeddable":true,"href":"https:\/\/bandagiste-brasseur.be\/nl\/wp-json\/wp\/v2\/product_cat?post=14832"},{"taxonomy":"product_tag","embeddable":true,"href":"https:\/\/bandagiste-brasseur.be\/nl\/wp-json\/wp\/v2\/product_tag?post=14832"}],"curies":[{"name":"wp","href":"https:\/\/api.w.org\/{rel}","templated":true}]}}