{"id":15124,"date":"2020-07-14T15:29:58","date_gmt":"2024-10-14T13:34:59","guid":{"rendered":"https:\/\/bandagiste-brasseur.be\/nos-produits\/niet-gecategoriseerd\/ultratone\/"},"modified":"2024-10-14T15:34:59","modified_gmt":"2024-10-14T13:34:59","slug":"ultratone","status":"publish","type":"product","link":"https:\/\/bandagiste-brasseur.be\/nl\/onze-producten\/gezondheid-welzijn\/fitness-wellness-nl\/elektrostimulatie\/ultratone\/","title":{"rendered":"Ultratone"},"content":{"rendered":"<p>Schoonheidsresultaten: dit apparaat helpt je om je gezicht strak en jeugdig te houden dankzij het liftende effect. Keuze uit vier programma&#8217;s. &#8211; Het programma &#8220;Microstroom&#8221;: verbetert de penetratie van vochtinbrengende cr\u00e8mes, verjongt de huid en vermindert fijne lijntjes. Dit programma helpt de penetratie van de ingredi\u00ebnten in de DNA cr\u00e8me te verbeteren. Het vermindert fijne lijntjes rond de lippen en verjongt de huid door de productie van collageen en elastine te verhogen. Gebruik dit microstroomprogramma een of twee keer per dag, &#8217;s ochtends en &#8217;s avonds voor het slapen gaan. &#8211; Het programma &#8220;Niet-chirurgische lifting en versteviging&#8221;: lift alle gezichtsspieren. Dit programma bestaat uit opeenvolgende pulsen die de huid en spieren liften en verstevigen, het bindweefsel regenereren en de bloedcirculatie verbeteren voor een helderdere, frissere teint. Bij dagelijks gebruik zijn de resultaten al na een paar sessies zichtbaar op de teint. Een goede versteviging en lifting worden na 5 tot 8 weken bereikt. &#8211; Het programma &#8220;Lymfedrainage en toxineverwijdering&#8221;: om een zachte, gladde huid te verkrijgen en toxines en onzuiverheden in de huid te verminderen. De zachte pulsen van deze programma&#8217;s zorgen voor een pompende, drainerende en ontgiftende werking, waardoor het gezicht wordt verfijnd en de huid wordt gezuiverd. De bloedcirculatie neemt toe en de teint wordt merkbaar verbeterd. Gebruik het \u00e9\u00e9n keer per week als je huid dof, je teint gelig of je gezicht vermoeid is. &#8211; Het programma &#8220;Veroudering tegengaan en onderhoud&#8221;: de resultaten behouden en verbeteren door te zorgen voor een volledige verjonging van het gezicht. Als de effecten van de facelift en de verjonging eenmaal voelbaar zijn met de niet-chirurgische facelift- en drainageprogramma&#8217;s, moet u deze resultaten onderhouden met het antiverouderingsprogramma. De gepulseerde sequenties van dit programma combineren spierverstevigende, drainerende en huidverjongende programma&#8217;s. Gebruik dit programma 4 keer per week in combinatie met het microstroomprogramma om je resultaten te optimaliseren.                 <\/p>\n","protected":false},"excerpt":{"rendered":"<p>Schoonheidsresultaten: dit apparaat helpt je om je gezicht strak en jeugdig te houden dankzij het liftende effect. Keuze uit vier programma&#8217;s. &#8211; Het programma &#8220;Microstroom&#8221;: verbetert de penetratie van vochtinbrengende cr\u00e8mes, verjongt de huid en vermindert fijne lijntjes. Dit programma helpt de penetratie van de ingredi\u00ebnten in de DNA cr\u00e8me te verbeteren. Het vermindert fijne lijntjes rond de lippen en verjongt de huid door de productie van collageen en elastine te verhogen. Gebruik dit microstroomprogramma een of twee keer per dag, &#8217;s ochtends en &#8217;s avonds voor het slapen gaan. &#8211; Het programma &#8220;Niet-chirurgische lifting en versteviging&#8221;: lift alle gezichtsspieren. Dit programma bestaat uit opeenvolgende pulsen die de huid en spieren liften en verstevigen, het bindweefsel regenereren en de bloedcirculatie verbeteren voor een helderdere, frissere teint. Bij dagelijks gebruik zijn de resultaten al na een paar sessies zichtbaar op de teint. Een goede versteviging en lifting worden na 5 tot 8 weken bereikt. &#8211; Het programma &#8220;Lymfedrainage en toxineverwijdering&#8221;: om een zachte, gladde huid te verkrijgen en toxines en onzuiverheden in de huid te verminderen. De zachte pulsen van deze programma&#8217;s zorgen voor een pompende, drainerende en ontgiftende werking, waardoor het gezicht wordt verfijnd en de huid wordt gezuiverd. De bloedcirculatie neemt toe en de teint wordt merkbaar verbeterd. Gebruik het \u00e9\u00e9n keer per week als je huid dof, je teint gelig of je gezicht vermoeid is. &#8211; Het programma &#8220;Veroudering tegengaan en onderhoud&#8221;: de resultaten behouden en verbeteren door te zorgen voor een volledige verjonging van het gezicht. Als de effecten van de facelift en de verjonging eenmaal voelbaar zijn met de niet-chirurgische facelift- en drainageprogramma&#8217;s, moet u deze resultaten onderhouden met het antiverouderingsprogramma. De gepulseerde sequenties van dit programma combineren spierverstevigende, drainerende en huidverjongende programma&#8217;s. Gebruik dit programma 4 keer per week in combinatie met het microstroomprogramma om je resultaten te optimaliseren.                 <\/p>\n","protected":false},"featured_media":9098,"comment_status":"open","ping_status":"closed","template":"","meta":{"_acf_changed":false},"product_brand":[],"product_cat":[524],"product_tag":[],"class_list":{"0":"post-15124","1":"product","2":"type-product","3":"status-publish","4":"has-post-thumbnail","6":"product_cat-elektrostimulatie","8":"first","9":"instock","10":"shipping-taxable","11":"product-type-simple"},"acf":[],"yoast_head":"<!-- This site is optimized with the Yoast SEO plugin v27.5 - https:\/\/yoast.com\/product\/yoast-seo-wordpress\/ -->\n<title>Ultratone - Brasseur<\/title>\n<meta name=\"robots\" content=\"index, follow, max-snippet:-1, max-image-preview:large, max-video-preview:-1\" \/>\n<link rel=\"canonical\" href=\"https:\/\/bandagiste-brasseur.be\/nl\/onze-producten\/gezondheid-welzijn\/fitness-wellness-nl\/elektrostimulatie\/ultratone\/\" \/>\n<meta property=\"og:locale\" content=\"nl_BE\" \/>\n<meta property=\"og:type\" content=\"article\" \/>\n<meta property=\"og:title\" content=\"Ultratone - Brasseur\" \/>\n<meta property=\"og:description\" content=\"Schoonheidsresultaten: dit apparaat helpt je om je gezicht strak en jeugdig te houden dankzij het liftende effect. Keuze uit vier programma&#039;s. - Het programma &quot;Microstroom&quot;: verbetert de penetratie van vochtinbrengende cr\u00e8mes, verjongt de huid en vermindert fijne lijntjes. Dit programma helpt de penetratie van de ingredi\u00ebnten in de DNA cr\u00e8me te verbeteren. Het vermindert fijne lijntjes rond de lippen en verjongt de huid door de productie van collageen en elastine te verhogen. Gebruik dit microstroomprogramma een of twee keer per dag, &#039;s ochtends en &#039;s avonds voor het slapen gaan. - Het programma &quot;Niet-chirurgische lifting en versteviging&quot;: lift alle gezichtsspieren. Dit programma bestaat uit opeenvolgende pulsen die de huid en spieren liften en verstevigen, het bindweefsel regenereren en de bloedcirculatie verbeteren voor een helderdere, frissere teint. Bij dagelijks gebruik zijn de resultaten al na een paar sessies zichtbaar op de teint. Een goede versteviging en lifting worden na 5 tot 8 weken bereikt. - Het programma &quot;Lymfedrainage en toxineverwijdering&quot;: om een zachte, gladde huid te verkrijgen en toxines en onzuiverheden in de huid te verminderen. De zachte pulsen van deze programma&#039;s zorgen voor een pompende, drainerende en ontgiftende werking, waardoor het gezicht wordt verfijnd en de huid wordt gezuiverd. De bloedcirculatie neemt toe en de teint wordt merkbaar verbeterd. Gebruik het \u00e9\u00e9n keer per week als je huid dof, je teint gelig of je gezicht vermoeid is. - Het programma &quot;Veroudering tegengaan en onderhoud&quot;: de resultaten behouden en verbeteren door te zorgen voor een volledige verjonging van het gezicht. Als de effecten van de facelift en de verjonging eenmaal voelbaar zijn met de niet-chirurgische facelift- en drainageprogramma&#039;s, moet u deze resultaten onderhouden met het antiverouderingsprogramma. De gepulseerde sequenties van dit programma combineren spierverstevigende, drainerende en huidverjongende programma&#039;s. Gebruik dit programma 4 keer per week in combinatie met het microstroomprogramma om je resultaten te optimaliseren.\" \/>\n<meta property=\"og:url\" content=\"https:\/\/bandagiste-brasseur.be\/nl\/onze-producten\/gezondheid-welzijn\/fitness-wellness-nl\/elektrostimulatie\/ultratone\/\" \/>\n<meta property=\"og:site_name\" content=\"Brasseur\" \/>\n<meta property=\"og:image\" content=\"https:\/\/bandagiste-brasseur.be\/wp-content\/uploads\/2020\/07\/Ultratone-facial.jpg\" \/>\n\t<meta property=\"og:image:width\" content=\"400\" \/>\n\t<meta property=\"og:image:height\" content=\"407\" \/>\n\t<meta property=\"og:image:type\" content=\"image\/jpeg\" \/>\n<meta name=\"twitter:card\" content=\"summary_large_image\" \/>\n<meta name=\"twitter:label1\" content=\"Geschatte leestijd\" \/>\n\t<meta name=\"twitter:data1\" content=\"2 minuten\" \/>\n<script type=\"application\/ld+json\" class=\"yoast-schema-graph\">{\"@context\":\"https:\\\/\\\/schema.org\",\"@graph\":[{\"@type\":\"WebPage\",\"@id\":\"https:\\\/\\\/bandagiste-brasseur.be\\\/nl\\\/onze-producten\\\/gezondheid-welzijn\\\/fitness-wellness-nl\\\/elektrostimulatie\\\/ultratone\\\/\",\"url\":\"https:\\\/\\\/bandagiste-brasseur.be\\\/nl\\\/onze-producten\\\/gezondheid-welzijn\\\/fitness-wellness-nl\\\/elektrostimulatie\\\/ultratone\\\/\",\"name\":\"Ultratone - Brasseur\",\"isPartOf\":{\"@id\":\"https:\\\/\\\/bandagiste-brasseur.be\\\/nl\\\/#website\"},\"primaryImageOfPage\":{\"@id\":\"https:\\\/\\\/bandagiste-brasseur.be\\\/nl\\\/onze-producten\\\/gezondheid-welzijn\\\/fitness-wellness-nl\\\/elektrostimulatie\\\/ultratone\\\/#primaryimage\"},\"image\":{\"@id\":\"https:\\\/\\\/bandagiste-brasseur.be\\\/nl\\\/onze-producten\\\/gezondheid-welzijn\\\/fitness-wellness-nl\\\/elektrostimulatie\\\/ultratone\\\/#primaryimage\"},\"thumbnailUrl\":\"https:\\\/\\\/bandagiste-brasseur.be\\\/wp-content\\\/uploads\\\/2020\\\/07\\\/Ultratone-facial.jpg\",\"datePublished\":\"2024-10-14T13:34:59+00:00\",\"breadcrumb\":{\"@id\":\"https:\\\/\\\/bandagiste-brasseur.be\\\/nl\\\/onze-producten\\\/gezondheid-welzijn\\\/fitness-wellness-nl\\\/elektrostimulatie\\\/ultratone\\\/#breadcrumb\"},\"inLanguage\":\"nl-BE\",\"potentialAction\":[{\"@type\":\"ReadAction\",\"target\":[\"https:\\\/\\\/bandagiste-brasseur.be\\\/nl\\\/onze-producten\\\/gezondheid-welzijn\\\/fitness-wellness-nl\\\/elektrostimulatie\\\/ultratone\\\/\"]}]},{\"@type\":\"ImageObject\",\"inLanguage\":\"nl-BE\",\"@id\":\"https:\\\/\\\/bandagiste-brasseur.be\\\/nl\\\/onze-producten\\\/gezondheid-welzijn\\\/fitness-wellness-nl\\\/elektrostimulatie\\\/ultratone\\\/#primaryimage\",\"url\":\"https:\\\/\\\/bandagiste-brasseur.be\\\/wp-content\\\/uploads\\\/2020\\\/07\\\/Ultratone-facial.jpg\",\"contentUrl\":\"https:\\\/\\\/bandagiste-brasseur.be\\\/wp-content\\\/uploads\\\/2020\\\/07\\\/Ultratone-facial.jpg\",\"width\":400,\"height\":407},{\"@type\":\"BreadcrumbList\",\"@id\":\"https:\\\/\\\/bandagiste-brasseur.be\\\/nl\\\/onze-producten\\\/gezondheid-welzijn\\\/fitness-wellness-nl\\\/elektrostimulatie\\\/ultratone\\\/#breadcrumb\",\"itemListElement\":[{\"@type\":\"ListItem\",\"position\":1,\"name\":\"Home\",\"item\":\"https:\\\/\\\/bandagiste-brasseur.be\\\/nl\\\/\"},{\"@type\":\"ListItem\",\"position\":2,\"name\":\"Onze producten\",\"item\":\"https:\\\/\\\/bandagiste-brasseur.be\\\/nl\\\/onze-producten\\\/\"},{\"@type\":\"ListItem\",\"position\":3,\"name\":\"Ultratone\"}]},{\"@type\":\"WebSite\",\"@id\":\"https:\\\/\\\/bandagiste-brasseur.be\\\/nl\\\/#website\",\"url\":\"https:\\\/\\\/bandagiste-brasseur.be\\\/nl\\\/\",\"name\":\"Bandagiste Brasseur\",\"description\":\"\",\"publisher\":{\"@id\":\"https:\\\/\\\/bandagiste-brasseur.be\\\/nl\\\/#organization\"},\"potentialAction\":[{\"@type\":\"SearchAction\",\"target\":{\"@type\":\"EntryPoint\",\"urlTemplate\":\"https:\\\/\\\/bandagiste-brasseur.be\\\/nl\\\/?s={search_term_string}\"},\"query-input\":{\"@type\":\"PropertyValueSpecification\",\"valueRequired\":true,\"valueName\":\"search_term_string\"}}],\"inLanguage\":\"nl-BE\"},{\"@type\":\"Organization\",\"@id\":\"https:\\\/\\\/bandagiste-brasseur.be\\\/nl\\\/#organization\",\"name\":\"Bandagiste Brasseur\",\"url\":\"https:\\\/\\\/bandagiste-brasseur.be\\\/nl\\\/\",\"logo\":{\"@type\":\"ImageObject\",\"inLanguage\":\"nl-BE\",\"@id\":\"https:\\\/\\\/bandagiste-brasseur.be\\\/nl\\\/#\\\/schema\\\/logo\\\/image\\\/\",\"url\":\"https:\\\/\\\/bandagiste-brasseur.be\\\/wp-content\\\/uploads\\\/2018\\\/06\\\/Logo-Brasseur.png\",\"contentUrl\":\"https:\\\/\\\/bandagiste-brasseur.be\\\/wp-content\\\/uploads\\\/2018\\\/06\\\/Logo-Brasseur.png\",\"width\":327,\"height\":136,\"caption\":\"Bandagiste Brasseur\"},\"image\":{\"@id\":\"https:\\\/\\\/bandagiste-brasseur.be\\\/nl\\\/#\\\/schema\\\/logo\\\/image\\\/\"}}]}<\/script>\n<!-- \/ Yoast SEO plugin. -->","yoast_head_json":{"title":"Ultratone - Brasseur","robots":{"index":"index","follow":"follow","max-snippet":"max-snippet:-1","max-image-preview":"max-image-preview:large","max-video-preview":"max-video-preview:-1"},"canonical":"https:\/\/bandagiste-brasseur.be\/nl\/onze-producten\/gezondheid-welzijn\/fitness-wellness-nl\/elektrostimulatie\/ultratone\/","og_locale":"nl_BE","og_type":"article","og_title":"Ultratone - Brasseur","og_description":"Schoonheidsresultaten: dit apparaat helpt je om je gezicht strak en jeugdig te houden dankzij het liftende effect. Keuze uit vier programma's. - Het programma \"Microstroom\": verbetert de penetratie van vochtinbrengende cr\u00e8mes, verjongt de huid en vermindert fijne lijntjes. Dit programma helpt de penetratie van de ingredi\u00ebnten in de DNA cr\u00e8me te verbeteren. Het vermindert fijne lijntjes rond de lippen en verjongt de huid door de productie van collageen en elastine te verhogen. Gebruik dit microstroomprogramma een of twee keer per dag, 's ochtends en 's avonds voor het slapen gaan. - Het programma \"Niet-chirurgische lifting en versteviging\": lift alle gezichtsspieren. Dit programma bestaat uit opeenvolgende pulsen die de huid en spieren liften en verstevigen, het bindweefsel regenereren en de bloedcirculatie verbeteren voor een helderdere, frissere teint. Bij dagelijks gebruik zijn de resultaten al na een paar sessies zichtbaar op de teint. Een goede versteviging en lifting worden na 5 tot 8 weken bereikt. - Het programma \"Lymfedrainage en toxineverwijdering\": om een zachte, gladde huid te verkrijgen en toxines en onzuiverheden in de huid te verminderen. De zachte pulsen van deze programma's zorgen voor een pompende, drainerende en ontgiftende werking, waardoor het gezicht wordt verfijnd en de huid wordt gezuiverd. De bloedcirculatie neemt toe en de teint wordt merkbaar verbeterd. Gebruik het \u00e9\u00e9n keer per week als je huid dof, je teint gelig of je gezicht vermoeid is. - Het programma \"Veroudering tegengaan en onderhoud\": de resultaten behouden en verbeteren door te zorgen voor een volledige verjonging van het gezicht. Als de effecten van de facelift en de verjonging eenmaal voelbaar zijn met de niet-chirurgische facelift- en drainageprogramma's, moet u deze resultaten onderhouden met het antiverouderingsprogramma. De gepulseerde sequenties van dit programma combineren spierverstevigende, drainerende en huidverjongende programma's. Gebruik dit programma 4 keer per week in combinatie met het microstroomprogramma om je resultaten te optimaliseren.","og_url":"https:\/\/bandagiste-brasseur.be\/nl\/onze-producten\/gezondheid-welzijn\/fitness-wellness-nl\/elektrostimulatie\/ultratone\/","og_site_name":"Brasseur","og_image":[{"width":400,"height":407,"url":"https:\/\/bandagiste-brasseur.be\/wp-content\/uploads\/2020\/07\/Ultratone-facial.jpg","type":"image\/jpeg"}],"twitter_card":"summary_large_image","twitter_misc":{"Geschatte leestijd":"2 minuten"},"schema":{"@context":"https:\/\/schema.org","@graph":[{"@type":"WebPage","@id":"https:\/\/bandagiste-brasseur.be\/nl\/onze-producten\/gezondheid-welzijn\/fitness-wellness-nl\/elektrostimulatie\/ultratone\/","url":"https:\/\/bandagiste-brasseur.be\/nl\/onze-producten\/gezondheid-welzijn\/fitness-wellness-nl\/elektrostimulatie\/ultratone\/","name":"Ultratone - Brasseur","isPartOf":{"@id":"https:\/\/bandagiste-brasseur.be\/nl\/#website"},"primaryImageOfPage":{"@id":"https:\/\/bandagiste-brasseur.be\/nl\/onze-producten\/gezondheid-welzijn\/fitness-wellness-nl\/elektrostimulatie\/ultratone\/#primaryimage"},"image":{"@id":"https:\/\/bandagiste-brasseur.be\/nl\/onze-producten\/gezondheid-welzijn\/fitness-wellness-nl\/elektrostimulatie\/ultratone\/#primaryimage"},"thumbnailUrl":"https:\/\/bandagiste-brasseur.be\/wp-content\/uploads\/2020\/07\/Ultratone-facial.jpg","datePublished":"2024-10-14T13:34:59+00:00","breadcrumb":{"@id":"https:\/\/bandagiste-brasseur.be\/nl\/onze-producten\/gezondheid-welzijn\/fitness-wellness-nl\/elektrostimulatie\/ultratone\/#breadcrumb"},"inLanguage":"nl-BE","potentialAction":[{"@type":"ReadAction","target":["https:\/\/bandagiste-brasseur.be\/nl\/onze-producten\/gezondheid-welzijn\/fitness-wellness-nl\/elektrostimulatie\/ultratone\/"]}]},{"@type":"ImageObject","inLanguage":"nl-BE","@id":"https:\/\/bandagiste-brasseur.be\/nl\/onze-producten\/gezondheid-welzijn\/fitness-wellness-nl\/elektrostimulatie\/ultratone\/#primaryimage","url":"https:\/\/bandagiste-brasseur.be\/wp-content\/uploads\/2020\/07\/Ultratone-facial.jpg","contentUrl":"https:\/\/bandagiste-brasseur.be\/wp-content\/uploads\/2020\/07\/Ultratone-facial.jpg","width":400,"height":407},{"@type":"BreadcrumbList","@id":"https:\/\/bandagiste-brasseur.be\/nl\/onze-producten\/gezondheid-welzijn\/fitness-wellness-nl\/elektrostimulatie\/ultratone\/#breadcrumb","itemListElement":[{"@type":"ListItem","position":1,"name":"Home","item":"https:\/\/bandagiste-brasseur.be\/nl\/"},{"@type":"ListItem","position":2,"name":"Onze producten","item":"https:\/\/bandagiste-brasseur.be\/nl\/onze-producten\/"},{"@type":"ListItem","position":3,"name":"Ultratone"}]},{"@type":"WebSite","@id":"https:\/\/bandagiste-brasseur.be\/nl\/#website","url":"https:\/\/bandagiste-brasseur.be\/nl\/","name":"Bandagiste Brasseur","description":"","publisher":{"@id":"https:\/\/bandagiste-brasseur.be\/nl\/#organization"},"potentialAction":[{"@type":"SearchAction","target":{"@type":"EntryPoint","urlTemplate":"https:\/\/bandagiste-brasseur.be\/nl\/?s={search_term_string}"},"query-input":{"@type":"PropertyValueSpecification","valueRequired":true,"valueName":"search_term_string"}}],"inLanguage":"nl-BE"},{"@type":"Organization","@id":"https:\/\/bandagiste-brasseur.be\/nl\/#organization","name":"Bandagiste Brasseur","url":"https:\/\/bandagiste-brasseur.be\/nl\/","logo":{"@type":"ImageObject","inLanguage":"nl-BE","@id":"https:\/\/bandagiste-brasseur.be\/nl\/#\/schema\/logo\/image\/","url":"https:\/\/bandagiste-brasseur.be\/wp-content\/uploads\/2018\/06\/Logo-Brasseur.png","contentUrl":"https:\/\/bandagiste-brasseur.be\/wp-content\/uploads\/2018\/06\/Logo-Brasseur.png","width":327,"height":136,"caption":"Bandagiste Brasseur"},"image":{"@id":"https:\/\/bandagiste-brasseur.be\/nl\/#\/schema\/logo\/image\/"}}]}},"_links":{"self":[{"href":"https:\/\/bandagiste-brasseur.be\/nl\/wp-json\/wp\/v2\/product\/15124","targetHints":{"allow":["GET"]}}],"collection":[{"href":"https:\/\/bandagiste-brasseur.be\/nl\/wp-json\/wp\/v2\/product"}],"about":[{"href":"https:\/\/bandagiste-brasseur.be\/nl\/wp-json\/wp\/v2\/types\/product"}],"replies":[{"embeddable":true,"href":"https:\/\/bandagiste-brasseur.be\/nl\/wp-json\/wp\/v2\/comments?post=15124"}],"wp:featuredmedia":[{"embeddable":true,"href":"https:\/\/bandagiste-brasseur.be\/nl\/wp-json\/wp\/v2\/media\/9098"}],"wp:attachment":[{"href":"https:\/\/bandagiste-brasseur.be\/nl\/wp-json\/wp\/v2\/media?parent=15124"}],"wp:term":[{"taxonomy":"product_brand","embeddable":true,"href":"https:\/\/bandagiste-brasseur.be\/nl\/wp-json\/wp\/v2\/product_brand?post=15124"},{"taxonomy":"product_cat","embeddable":true,"href":"https:\/\/bandagiste-brasseur.be\/nl\/wp-json\/wp\/v2\/product_cat?post=15124"},{"taxonomy":"product_tag","embeddable":true,"href":"https:\/\/bandagiste-brasseur.be\/nl\/wp-json\/wp\/v2\/product_tag?post=15124"}],"curies":[{"name":"wp","href":"https:\/\/api.w.org\/{rel}","templated":true}]}}