{"id":15283,"date":"2019-11-26T13:13:23","date_gmt":"2024-10-14T13:36:19","guid":{"rendered":"https:\/\/bandagiste-brasseur.be\/nos-produits\/niet-gecategoriseerd\/jay-j2-dc\/"},"modified":"2024-10-14T15:36:19","modified_gmt":"2024-10-14T13:36:19","slug":"jay-j2-dc","status":"publish","type":"product","link":"https:\/\/bandagiste-brasseur.be\/nl\/onze-producten\/gezondheid-welzijn\/gezondheid-preventie\/preventie-van-decubitus\/jay-j2-dc\/","title":{"rendered":"Jay J2 DC"},"content":{"rendered":"<p>Bescherming tegen doorligwonden en optimale ondersteuning van de houding. Kenmerken: Voorgevormd schuim voor bekkenstabiliteit en drukverdeling. Stevige basis met diepe, brede zitbeenknobbel voor matige tot hoge positionering. Grote vochtzak voor Jay. Standaard geventileerde hoes, optionele incontinentiebestendige hoes. Optionele stijve zitting voor stoelen met een bekleding. Klinische toepassingen: Pati\u00ebnten met een ernstig risico op decubitus en die een hoge mate van houdingsondersteuning nodig hebben. Pati\u00ebnten met een voorgeschiedenis van decubitus. Zeer passieve pati\u00ebnten, die niet in staat zijn om zichzelf te herpositioneren en zelfstandig hun druk te verlichten. Pati\u00ebnten zonder houdingsstabiliteit.         <\/p>\n","protected":false},"excerpt":{"rendered":"<p>Bescherming tegen doorligwonden en optimale houdingsondersteuning. Kenmerken: Voorgevormd schuim voor bekkenstabiliteit en drukverdeling. Stevige basis met diepe, brede zitbeenknobbel voor matige tot hoge positionering. Grote vochtzak voor Jay. Standaard geventileerde hoes, optionele incontinentiebestendige hoes. Optionele stijve zitting voor stoelen met een bekleding. Klinische toepassingen: Pati\u00ebnten met een ernstig risico op decubitus en die een hoge mate van houdingsondersteuning nodig hebben. Pati\u00ebnten met een voorgeschiedenis van decubitus. Zeer passieve pati\u00ebnten, die niet in staat zijn om zichzelf te herpositioneren en zelfstandig hun druk te verlichten. Pati\u00ebnten zonder houdingsstabiliteit.         <\/p>\n","protected":false},"featured_media":8934,"comment_status":"closed","ping_status":"open","template":"","meta":{"_acf_changed":false},"product_brand":[],"product_cat":[459,462],"product_tag":[],"class_list":{"0":"post-15283","1":"product","2":"type-product","3":"status-publish","4":"has-post-thumbnail","6":"product_cat-anti-bedkussens-en-matrassen","7":"product_cat-preventie-van-decubitus","9":"first","10":"instock","11":"product-type-simple"},"acf":[],"yoast_head":"<!-- This site is optimized with the Yoast SEO plugin v26.2 - https:\/\/yoast.com\/wordpress\/plugins\/seo\/ -->\n<title>Jay J2 DC - Brasseur<\/title>\n<meta name=\"robots\" content=\"index, follow, max-snippet:-1, max-image-preview:large, max-video-preview:-1\" \/>\n<link rel=\"canonical\" href=\"https:\/\/bandagiste-brasseur.be\/nos-produits\/sante-bien-etre\/sante-prevention\/prevention-des-escarres\/jay-j2-dc\/\" \/>\n<meta property=\"og:locale\" content=\"nl_BE\" \/>\n<meta property=\"og:type\" content=\"article\" \/>\n<meta property=\"og:title\" content=\"Jay J2 DC - Brasseur\" \/>\n<meta property=\"og:description\" content=\"Bescherming tegen doorligwonden en optimale houdingsondersteuning. Kenmerken: Voorgevormd schuim voor bekkenstabiliteit en drukverdeling. Stevige basis met diepe, brede zitbeenknobbel voor matige tot hoge positionering. Grote vochtzak voor Jay. Standaard geventileerde hoes, optionele incontinentiebestendige hoes. Optionele stijve zitting voor stoelen met een bekleding. Klinische toepassingen: Pati\u00ebnten met een ernstig risico op decubitus en die een hoge mate van houdingsondersteuning nodig hebben. Pati\u00ebnten met een voorgeschiedenis van decubitus. Zeer passieve pati\u00ebnten, die niet in staat zijn om zichzelf te herpositioneren en zelfstandig hun druk te verlichten. Pati\u00ebnten zonder houdingsstabiliteit.\" \/>\n<meta property=\"og:url\" content=\"https:\/\/bandagiste-brasseur.be\/nos-produits\/sante-bien-etre\/sante-prevention\/prevention-des-escarres\/jay-j2-dc\/\" \/>\n<meta property=\"og:site_name\" content=\"Brasseur\" \/>\n<meta property=\"og:image\" content=\"https:\/\/bandagiste-brasseur.be\/wp-content\/uploads\/2019\/11\/edc1708e-0833-448a-bcbf-098a4b70973f.jpg\" \/>\n\t<meta property=\"og:image:width\" content=\"1000\" \/>\n\t<meta property=\"og:image:height\" content=\"1000\" \/>\n\t<meta property=\"og:image:type\" content=\"image\/jpeg\" \/>\n<meta name=\"twitter:card\" content=\"summary_large_image\" \/>\n<script type=\"application\/ld+json\" class=\"yoast-schema-graph\">{\"@context\":\"https:\/\/schema.org\",\"@graph\":[{\"@type\":\"WebPage\",\"@id\":\"https:\/\/bandagiste-brasseur.be\/nos-produits\/sante-bien-etre\/sante-prevention\/prevention-des-escarres\/jay-j2-dc\/\",\"url\":\"https:\/\/bandagiste-brasseur.be\/nos-produits\/sante-bien-etre\/sante-prevention\/prevention-des-escarres\/jay-j2-dc\/\",\"name\":\"Jay J2 DC - Brasseur\",\"isPartOf\":{\"@id\":\"https:\/\/bandagiste-brasseur.be\/#website\"},\"primaryImageOfPage\":{\"@id\":\"https:\/\/bandagiste-brasseur.be\/nos-produits\/sante-bien-etre\/sante-prevention\/prevention-des-escarres\/jay-j2-dc\/#primaryimage\"},\"image\":{\"@id\":\"https:\/\/bandagiste-brasseur.be\/nos-produits\/sante-bien-etre\/sante-prevention\/prevention-des-escarres\/jay-j2-dc\/#primaryimage\"},\"thumbnailUrl\":\"https:\/\/bandagiste-brasseur.be\/wp-content\/uploads\/2019\/11\/edc1708e-0833-448a-bcbf-098a4b70973f.jpg\",\"datePublished\":\"2024-10-14T13:36:19+00:00\",\"breadcrumb\":{\"@id\":\"https:\/\/bandagiste-brasseur.be\/nos-produits\/sante-bien-etre\/sante-prevention\/prevention-des-escarres\/jay-j2-dc\/#breadcrumb\"},\"inLanguage\":\"nl-BE\",\"potentialAction\":[{\"@type\":\"ReadAction\",\"target\":[\"https:\/\/bandagiste-brasseur.be\/nos-produits\/sante-bien-etre\/sante-prevention\/prevention-des-escarres\/jay-j2-dc\/\"]}]},{\"@type\":\"ImageObject\",\"inLanguage\":\"nl-BE\",\"@id\":\"https:\/\/bandagiste-brasseur.be\/nos-produits\/sante-bien-etre\/sante-prevention\/prevention-des-escarres\/jay-j2-dc\/#primaryimage\",\"url\":\"https:\/\/bandagiste-brasseur.be\/wp-content\/uploads\/2019\/11\/edc1708e-0833-448a-bcbf-098a4b70973f.jpg\",\"contentUrl\":\"https:\/\/bandagiste-brasseur.be\/wp-content\/uploads\/2019\/11\/edc1708e-0833-448a-bcbf-098a4b70973f.jpg\",\"width\":1000,\"height\":1000},{\"@type\":\"BreadcrumbList\",\"@id\":\"https:\/\/bandagiste-brasseur.be\/nos-produits\/sante-bien-etre\/sante-prevention\/prevention-des-escarres\/jay-j2-dc\/#breadcrumb\",\"itemListElement\":[{\"@type\":\"ListItem\",\"position\":1,\"name\":\"Home\",\"item\":\"https:\/\/bandagiste-brasseur.be\/nl\/\"},{\"@type\":\"ListItem\",\"position\":2,\"name\":\"Onze producten\",\"item\":\"https:\/\/bandagiste-brasseur.be\/nl\/onze-producten\/\"},{\"@type\":\"ListItem\",\"position\":3,\"name\":\"Jay J2 DC\"}]},{\"@type\":\"WebSite\",\"@id\":\"https:\/\/bandagiste-brasseur.be\/#website\",\"url\":\"https:\/\/bandagiste-brasseur.be\/\",\"name\":\"Brasseur\",\"description\":\"\",\"potentialAction\":[{\"@type\":\"SearchAction\",\"target\":{\"@type\":\"EntryPoint\",\"urlTemplate\":\"https:\/\/bandagiste-brasseur.be\/?s={search_term_string}\"},\"query-input\":{\"@type\":\"PropertyValueSpecification\",\"valueRequired\":true,\"valueName\":\"search_term_string\"}}],\"inLanguage\":\"nl-BE\"}]}<\/script>\n<!-- \/ Yoast SEO plugin. -->","yoast_head_json":{"title":"Jay J2 DC - Brasseur","robots":{"index":"index","follow":"follow","max-snippet":"max-snippet:-1","max-image-preview":"max-image-preview:large","max-video-preview":"max-video-preview:-1"},"canonical":"https:\/\/bandagiste-brasseur.be\/nos-produits\/sante-bien-etre\/sante-prevention\/prevention-des-escarres\/jay-j2-dc\/","og_locale":"nl_BE","og_type":"article","og_title":"Jay J2 DC - Brasseur","og_description":"Bescherming tegen doorligwonden en optimale houdingsondersteuning. Kenmerken: Voorgevormd schuim voor bekkenstabiliteit en drukverdeling. Stevige basis met diepe, brede zitbeenknobbel voor matige tot hoge positionering. Grote vochtzak voor Jay. Standaard geventileerde hoes, optionele incontinentiebestendige hoes. Optionele stijve zitting voor stoelen met een bekleding. Klinische toepassingen: Pati\u00ebnten met een ernstig risico op decubitus en die een hoge mate van houdingsondersteuning nodig hebben. Pati\u00ebnten met een voorgeschiedenis van decubitus. Zeer passieve pati\u00ebnten, die niet in staat zijn om zichzelf te herpositioneren en zelfstandig hun druk te verlichten. Pati\u00ebnten zonder houdingsstabiliteit.","og_url":"https:\/\/bandagiste-brasseur.be\/nos-produits\/sante-bien-etre\/sante-prevention\/prevention-des-escarres\/jay-j2-dc\/","og_site_name":"Brasseur","og_image":[{"width":1000,"height":1000,"url":"https:\/\/bandagiste-brasseur.be\/wp-content\/uploads\/2019\/11\/edc1708e-0833-448a-bcbf-098a4b70973f.jpg","type":"image\/jpeg"}],"twitter_card":"summary_large_image","schema":{"@context":"https:\/\/schema.org","@graph":[{"@type":"WebPage","@id":"https:\/\/bandagiste-brasseur.be\/nos-produits\/sante-bien-etre\/sante-prevention\/prevention-des-escarres\/jay-j2-dc\/","url":"https:\/\/bandagiste-brasseur.be\/nos-produits\/sante-bien-etre\/sante-prevention\/prevention-des-escarres\/jay-j2-dc\/","name":"Jay J2 DC - Brasseur","isPartOf":{"@id":"https:\/\/bandagiste-brasseur.be\/#website"},"primaryImageOfPage":{"@id":"https:\/\/bandagiste-brasseur.be\/nos-produits\/sante-bien-etre\/sante-prevention\/prevention-des-escarres\/jay-j2-dc\/#primaryimage"},"image":{"@id":"https:\/\/bandagiste-brasseur.be\/nos-produits\/sante-bien-etre\/sante-prevention\/prevention-des-escarres\/jay-j2-dc\/#primaryimage"},"thumbnailUrl":"https:\/\/bandagiste-brasseur.be\/wp-content\/uploads\/2019\/11\/edc1708e-0833-448a-bcbf-098a4b70973f.jpg","datePublished":"2024-10-14T13:36:19+00:00","breadcrumb":{"@id":"https:\/\/bandagiste-brasseur.be\/nos-produits\/sante-bien-etre\/sante-prevention\/prevention-des-escarres\/jay-j2-dc\/#breadcrumb"},"inLanguage":"nl-BE","potentialAction":[{"@type":"ReadAction","target":["https:\/\/bandagiste-brasseur.be\/nos-produits\/sante-bien-etre\/sante-prevention\/prevention-des-escarres\/jay-j2-dc\/"]}]},{"@type":"ImageObject","inLanguage":"nl-BE","@id":"https:\/\/bandagiste-brasseur.be\/nos-produits\/sante-bien-etre\/sante-prevention\/prevention-des-escarres\/jay-j2-dc\/#primaryimage","url":"https:\/\/bandagiste-brasseur.be\/wp-content\/uploads\/2019\/11\/edc1708e-0833-448a-bcbf-098a4b70973f.jpg","contentUrl":"https:\/\/bandagiste-brasseur.be\/wp-content\/uploads\/2019\/11\/edc1708e-0833-448a-bcbf-098a4b70973f.jpg","width":1000,"height":1000},{"@type":"BreadcrumbList","@id":"https:\/\/bandagiste-brasseur.be\/nos-produits\/sante-bien-etre\/sante-prevention\/prevention-des-escarres\/jay-j2-dc\/#breadcrumb","itemListElement":[{"@type":"ListItem","position":1,"name":"Home","item":"https:\/\/bandagiste-brasseur.be\/nl\/"},{"@type":"ListItem","position":2,"name":"Onze producten","item":"https:\/\/bandagiste-brasseur.be\/nl\/onze-producten\/"},{"@type":"ListItem","position":3,"name":"Jay J2 DC"}]},{"@type":"WebSite","@id":"https:\/\/bandagiste-brasseur.be\/#website","url":"https:\/\/bandagiste-brasseur.be\/","name":"Brasseur","description":"","potentialAction":[{"@type":"SearchAction","target":{"@type":"EntryPoint","urlTemplate":"https:\/\/bandagiste-brasseur.be\/?s={search_term_string}"},"query-input":{"@type":"PropertyValueSpecification","valueRequired":true,"valueName":"search_term_string"}}],"inLanguage":"nl-BE"}]}},"_links":{"self":[{"href":"https:\/\/bandagiste-brasseur.be\/nl\/wp-json\/wp\/v2\/product\/15283","targetHints":{"allow":["GET"]}}],"collection":[{"href":"https:\/\/bandagiste-brasseur.be\/nl\/wp-json\/wp\/v2\/product"}],"about":[{"href":"https:\/\/bandagiste-brasseur.be\/nl\/wp-json\/wp\/v2\/types\/product"}],"replies":[{"embeddable":true,"href":"https:\/\/bandagiste-brasseur.be\/nl\/wp-json\/wp\/v2\/comments?post=15283"}],"wp:featuredmedia":[{"embeddable":true,"href":"https:\/\/bandagiste-brasseur.be\/nl\/wp-json\/wp\/v2\/media\/8934"}],"wp:attachment":[{"href":"https:\/\/bandagiste-brasseur.be\/nl\/wp-json\/wp\/v2\/media?parent=15283"}],"wp:term":[{"taxonomy":"product_brand","embeddable":true,"href":"https:\/\/bandagiste-brasseur.be\/nl\/wp-json\/wp\/v2\/product_brand?post=15283"},{"taxonomy":"product_cat","embeddable":true,"href":"https:\/\/bandagiste-brasseur.be\/nl\/wp-json\/wp\/v2\/product_cat?post=15283"},{"taxonomy":"product_tag","embeddable":true,"href":"https:\/\/bandagiste-brasseur.be\/nl\/wp-json\/wp\/v2\/product_tag?post=15283"}],"curies":[{"name":"wp","href":"https:\/\/api.w.org\/{rel}","templated":true}]}}